{"id":5857,"date":"2019-03-12T09:48:43","date_gmt":"2019-03-12T09:48:43","guid":{"rendered":"https:\/\/alpenlodge.it\/?page_id=5857"},"modified":"2019-03-18T07:59:12","modified_gmt":"2019-03-18T07:59:12","slug":"warunki-ogolne","status":"publish","type":"page","link":"https:\/\/alpenlodge.it\/pl\/warunki-ogolne\/","title":{"rendered":"Warunki og\u00f3lne"},"content":{"rendered":"<div class=\"wpb-content-wrapper\"><p>[vc_row full_width=&#8221;stretch_row_content_no_spaces&#8221; css=&#8221;.vc_custom_1548938507759{margin-top: -50px !important;background-image: url(https:\/\/alpenlodge.it\/wp-content\/uploads\/2018\/11\/2014112824_Warm-App2-5.jpg?id=1831) !important;background-position: center !important;background-repeat: no-repeat !important;background-size: cover !important;}&#8221; el_class=&#8221;nd_options_overflow_visible_important&#8221;][vc_column][vc_row_inner css=&#8221;.vc_custom_1486118361106{padding-top: 100px !important;padding-bottom: 100px !important;}&#8221; el_class=&#8221;nd_options_bg_greydark_alpha_gradient_3&#8243;][vc_column_inner width=&#8221;1\/3&#8243;][\/vc_column_inner][vc_column_inner width=&#8221;1\/3&#8243; css=&#8221;.vc_custom_1486118458781{padding: 20px !important;}&#8221;] <h1 style=\"color:#ffffff;padding:px;text-align:center;font-size:55px;line-height:55px;letter-spacing: px;font-weight:lighter\" class=\"  nd_options_font_size_40_important_all_iphone nd_options_line_height_40_important_all_iphone nd_options_first_font \">WARUNKI OG\u00d3LNE<\/h1> <div style=\"background-color:;height: 20px\" class=\"nicdark_section  \"><\/div> <p style=\"color:#ffffff;padding:px;text-align:center;font-size:px;line-height:px;letter-spacing: 2px;font-weight:lighter\" class=\"   nd_options_second_font \">RULES AND REGULATIONS<\/p> [\/vc_column_inner][vc_column_inner width=&#8221;1\/3&#8243;][\/vc_column_inner][\/vc_row_inner][\/vc_column][\/vc_row][vc_row full_width=&#8221;stretch_row_content&#8221; css=&#8221;.vc_custom_1542716046358{margin-bottom: 40px !important;}&#8221;][vc_column width=&#8221;1\/12&#8243;][\/vc_column][vc_column width=&#8221;7\/12&#8243;] <h3 style=\"color:;padding:px;text-align:;font-size:18px;line-height:px;letter-spacing: px;font-weight:\" class=\"    \">Rezerwacja \/ zadatek<\/h3> [vc_column_text]Na potwierdzenie ka\u017cdej rezerwacji, dost\u0119pnej r\u00f3wnie\u017c w trybie on-line, wymagana jest wp\u0142ata zadatku w wysoko\u015bci 30% op\u0142aty za ca\u0142y pobyt. ALPENLODGE***LIVIGNO potwierdza rezerwacj\u0119 po otrzymaniu ustalonego zadatku.<\/p>\n<p>Zadatek mo\u017cna zap\u0142aci\u0107 drog\u0105 internetow\u0105 (akceptowane s\u0105 wszystkie rodzaje kart kredytowych), w momencie dokonywania rezerwacji, lub przelewem bankowym.[\/vc_column_text] <h3 style=\"color:;padding:px;text-align:;font-size:18px;line-height:px;letter-spacing: px;font-weight:\" class=\"    \">Rezygnacja<\/h3> [vc_column_text]Rezygnacja z rezerwacji, w przypadku jej odwo\u0142ania lub niestawienia si\u0119 na miejscu, spowoduje zatrzymanie ca\u0142ej kwoty zadatku lub te\u017c, w porozumieniu z klientem, mo\u017ce on zosta\u0107 zaliczony na poczet kolejnego pobytu.[\/vc_column_text] <h3 style=\"color:;padding:px;text-align:;font-size:18px;line-height:px;letter-spacing: px;font-weight:\" class=\"    \">Wcze\u015bniejszy wyjazd<\/h3> [vc_column_text]W przypadku wcze\u015bniejszego wyjazdu w\u0142a\u015bciciel apartamentu nie jest zobowi\u0105zany do zwr\u00f3cenie klientowi zap\u0142aconej, nale\u017cnej za niewykorzystane dni kwoty.[\/vc_column_text] <h4 style=\"color:;padding:px;text-align:;font-size:18px;line-height:px;letter-spacing: px;font-weight:\" class=\"    \">Zakwaterowanie<\/h4> [vc_column_text]Apartamenty udost\u0119pniane s\u0105 klientowi od godz. 15:00 w dniu przyjazdu.[\/vc_column_text] <h4 style=\"color:;padding:px;text-align:;font-size:18px;line-height:px;letter-spacing: px;font-weight:\" class=\"    \">Wykwaterowanie<\/h4> [vc_column_text]Apartamenty nale\u017cy pozostawi\u0107 do dyspozycji w\u0142a\u015bciciela do godz. 10:00 w dniu wyjazdu.[\/vc_column_text] <h4 style=\"color:;padding:px;text-align:;font-size:18px;line-height:px;letter-spacing: px;font-weight:\" class=\"    \">Rozliczenie ko\u0144cowe<\/h4> [vc_column_text]Nale\u017cno\u015b\u0107 za pobyt mo\u017cna uregulowa\u0107 got\u00f3wk\u0105, czekiem lub kart\u0105 kredytow\u0105.[\/vc_column_text] <h4 style=\"color:;padding:px;text-align:;font-size:18px;line-height:px;letter-spacing: px;font-weight:\" class=\"    \">Zwierz\u0119ta domowe<\/h4> [vc_column_text]ALPENLODGE***LIVIGNO jest przyjazny zwierz\u0119tom domowym. W\u0142a\u015bciciele wyra\u017caj\u0105 zgod\u0119 na ich zamieszkanie, bez \u017cadnej dodatkowej op\u0142aty, bez wzgl\u0119du na wielko\u015b\u0107 zwierz\u0119cia.[\/vc_column_text] <h4 style=\"color:;padding:px;text-align:;font-size:18px;line-height:px;letter-spacing: px;font-weight:\" class=\"    \">Zmiana po\u015bcieli \/ sprz\u0105tanie<\/h4> [vc_column_text]Zmiana po\u015bcieli oraz sprz\u0105tanie odbywaj\u0105 si\u0119 co 7 dni i wliczone zosta\u0142y w cen\u0119 pobytu. Po uprzednim zg\u0142oszeniu takiego zapotrzebowania, zmiana po\u015bcieli oraz sprz\u0105tanie mog\u0105 odbywa\u0107 si\u0119 na \u017cyczenie klienta. Koszt takiej us\u0142ugi wynosi ka\u017cdorazowo 40 EUR.[\/vc_column_text] <h4 style=\"color:;padding:px;text-align:;font-size:18px;line-height:px;letter-spacing: px;font-weight:\" class=\"    \">Pranie odzie\u017cy sportowej<\/h4> [vc_column_text]Pranie letniej odzie\u017cy sportowej wykonywane jest ka\u017cdego dnia, po wcze\u015bniejszym zg\u0142oszeniu takiego zapotrzebowania. Koszt us\u0142ugi wynosi ka\u017cdorazowo 5 EUR od osoby.[\/vc_column_text] <h4 style=\"color:;padding:px;text-align:;font-size:18px;line-height:px;letter-spacing: px;font-weight:\" class=\"    \">Ogrzewany gara\u017c<\/h4> [vc_column_text]W odleg\u0142o\u015bci 30 m od MICHELA HOUSE i BAITA LUNGO RIN, ALPENLODGE***LIVIGNO mo\u017cliwe jest wynaj\u0119cie ogrzewanego gara\u017cu. Koszt us\u0142ugi wynosi 35 EUR tygodniowo za samoch\u00f3d.[\/vc_column_text]<div style=\"background-color:;height: 40px\" class=\"nicdark_section  \"><\/div>[\/vc_column][vc_column width=&#8221;1\/4&#8243; css=&#8221;.vc_custom_1486115020030{padding-right: 30px !important;padding-left: 30px !important;}&#8221;][vc_row_inner][vc_column_inner css=&#8221;.vc_custom_1541584034291{padding-top: 30px !important;padding-right: 30px !important;padding-bottom: 15px !important;padding-left: 30px !important;background-color: #c9b695 !important;}&#8221;] <h5 style=\"color:#ffffff;padding:px;text-align:center;font-size:12px;line-height:12px;letter-spacing: 2px;font-weight:lighter\" class=\"   nd_options_second_font \">KONTAKT<\/h5> <div style=\"background-color:;height: 10px\" class=\"nicdark_section  \"><\/div> <h2 style=\"color:#ffffff;padding:px;text-align:center;font-size:25px;line-height:25px;letter-spacing: px;font-weight:normal\" class=\"   nd_options_first_font \">Wype\u0142nij formularz<\/h2> <div style=\"background-color:;height: 20px\" class=\"nicdark_section  \"><\/div>\n\n    <!--start form-->\n    <div id=\"nd_options_shortcode_cf7_697\" class=\"nd_options_section \">\n      \n      <div class=\"nd_options_section nd_options_box_sizing_border_box\">\n        <p class=\"wpcf7-contact-form-not-found\"><strong>B\u0142\u0105d:<\/strong> Brak formularza kontaktowego.<\/p> \n      <\/div>  \n\n    <\/div>\n    <!--end form-->\n\n   [\/vc_column_inner][\/vc_row_inner][vc_row_inner css=&#8221;.vc_custom_1548939269780{margin-top: 35px !important;background-image: url(https:\/\/alpenlodge.it\/wp-content\/uploads\/2018\/11\/2014102913_zuelli02.jpg?id=1829) !important;background-position: center !important;background-repeat: no-repeat !important;background-size: cover !important;}&#8221;][vc_column_inner css=&#8221;.vc_custom_1502963078281{padding-top: 82px !important;padding-right: 30px !important;padding-bottom: 82px !important;padding-left: 30px !important;background-color: rgba(114,116,117,0.29) !important;*background-color: rgb(114,116,117) !important;}&#8221;] <h5 style=\"color:#ffffff;padding:px;text-align:center;font-size:12px;line-height:12px;letter-spacing: 2px;font-weight:lighter\" class=\"   nd_options_second_font \">APARTAMENTY LIVIGNO<\/h5> <div style=\"background-color:;height: 10px\" class=\"nicdark_section  \"><\/div> <h2 style=\"color:#ffffff;padding:px;text-align:center;font-size:25px;line-height:25px;letter-spacing: px;font-weight:normal\" class=\"   nd_options_first_font \">Best Special Offers<\/h2> [\/vc_column_inner][\/vc_row_inner]<div style=\"background-color:;height: 20px\" class=\"nicdark_section  \"><\/div>[\/vc_column][vc_column width=&#8221;1\/12&#8243;][\/vc_column][\/vc_row]<\/p>\n<\/div>","protected":false},"excerpt":{"rendered":"<p>[vc_row full_width=&#8221;stretch_row_content_no_spaces&#8221; css=&#8221;.vc_custom_1548938507759{margin-top: -50px !important;background-image: url(https:\/\/alpenlodge.it\/wp-content\/uploads\/2018\/11\/2014112824_Warm-App2-5.jpg?id=1831) !important;background-position: center !important;background-repeat: no-repeat !important;background-size: cover !important;}&#8221; el_class=&#8221;nd_options_overflow_visible_important&#8221;][vc_column][vc_row_inner css=&#8221;.vc_custom_1486118361106{padding-top: 100px !important;padding-bottom: 100px !important;}&#8221; el_class=&#8221;nd_options_bg_greydark_alpha_gradient_3&#8243;][vc_column_inner width=&#8221;1\/3&#8243;][\/vc_column_inner][vc_column_inner width=&#8221;1\/3&#8243; css=&#8221;.vc_custom_1486118458781{padding: 20px !important;}&#8221;][\/vc_column_inner][vc_column_inner width=&#8221;1\/3&#8243;][\/vc_column_inner][\/vc_row_inner][\/vc_column][\/vc_row][vc_row full_width=&#8221;stretch_row_content&#8221; css=&#8221;.vc_custom_1542716046358{margin-bottom: 40px !important;}&#8221;][vc_column width=&#8221;1\/12&#8243;][\/vc_column][vc_column width=&#8221;7\/12&#8243;][vc_column_text]Na potwierdzenie ka\u017cdej rezerwacji, dost\u0119pnej r\u00f3wnie\u017c w trybie on-line, wymagana jest wp\u0142ata zadatku w wysoko\u015bci 30% op\u0142aty za ca\u0142y pobyt. ALPENLODGE***LIVIGNO potwierdza rezerwacj\u0119 po [&hellip;]<\/p>\n","protected":false},"author":1,"featured_media":0,"parent":0,"menu_order":0,"comment_status":"closed","ping_status":"closed","template":"","meta":{"footnotes":""},"class_list":["post-5857","page","type-page","status-publish","hentry"],"yoast_head":"<!-- This site is optimized with the Yoast SEO plugin v27.5 - https:\/\/yoast.com\/product\/yoast-seo-wordpress\/ -->\n<title>Warunki og\u00f3lne - Alpenlodge Appartamenti Livigno<\/title>\n<meta name=\"robots\" content=\"noindex, follow\" \/>\n<meta property=\"og:locale\" content=\"pl_PL\" \/>\n<meta property=\"og:type\" content=\"article\" \/>\n<meta property=\"og:title\" content=\"Warunki og\u00f3lne - Alpenlodge Appartamenti Livigno\" \/>\n<meta property=\"og:description\" content=\"[vc_row full_width=&#8221;stretch_row_content_no_spaces&#8221; css=&#8221;.vc_custom_1548938507759{margin-top: -50px !important;background-image: url(https:\/\/alpenlodge.it\/wp-content\/uploads\/2018\/11\/2014112824_Warm-App2-5.jpg?id=1831) !important;background-position: center !important;background-repeat: no-repeat !important;background-size: cover !important;}&#8221; el_class=&#8221;nd_options_overflow_visible_important&#8221;][vc_column][vc_row_inner css=&#8221;.vc_custom_1486118361106{padding-top: 100px !important;padding-bottom: 100px !important;}&#8221; el_class=&#8221;nd_options_bg_greydark_alpha_gradient_3&#8243;][vc_column_inner width=&#8221;1\/3&#8243;][\/vc_column_inner][vc_column_inner width=&#8221;1\/3&#8243; css=&#8221;.vc_custom_1486118458781{padding: 20px !important;}&#8221;][\/vc_column_inner][vc_column_inner width=&#8221;1\/3&#8243;][\/vc_column_inner][\/vc_row_inner][\/vc_column][\/vc_row][vc_row full_width=&#8221;stretch_row_content&#8221; css=&#8221;.vc_custom_1542716046358{margin-bottom: 40px !important;}&#8221;][vc_column width=&#8221;1\/12&#8243;][\/vc_column][vc_column width=&#8221;7\/12&#8243;][vc_column_text]Na potwierdzenie ka\u017cdej rezerwacji, dost\u0119pnej r\u00f3wnie\u017c w trybie on-line, wymagana jest wp\u0142ata zadatku w wysoko\u015bci 30% op\u0142aty za ca\u0142y pobyt. ALPENLODGE***LIVIGNO potwierdza rezerwacj\u0119 po [&hellip;]\" \/>\n<meta property=\"og:url\" content=\"https:\/\/alpenlodge.it\/termini-condizioni\/\" \/>\n<meta property=\"og:site_name\" content=\"Alpenlodge Appartamenti Livigno\" \/>\n<meta property=\"article:publisher\" content=\"https:\/\/www.facebook.com\/profile.php?id=100025235413120\" \/>\n<meta property=\"article:modified_time\" content=\"2019-03-18T07:59:12+00:00\" \/>\n<meta name=\"twitter:card\" content=\"summary_large_image\" \/>\n<meta name=\"twitter:label1\" content=\"Szacowany czas czytania\" \/>\n\t<meta name=\"twitter:data1\" content=\"6 minut\" \/>\n<!-- \/ Yoast SEO plugin. -->","yoast_head_json":{"title":"Warunki og\u00f3lne - Alpenlodge Appartamenti Livigno","robots":{"index":"noindex","follow":"follow"},"og_locale":"pl_PL","og_type":"article","og_title":"Warunki og\u00f3lne - Alpenlodge Appartamenti Livigno","og_description":"[vc_row full_width=&#8221;stretch_row_content_no_spaces&#8221; css=&#8221;.vc_custom_1548938507759{margin-top: -50px !important;background-image: url(https:\/\/alpenlodge.it\/wp-content\/uploads\/2018\/11\/2014112824_Warm-App2-5.jpg?id=1831) !important;background-position: center !important;background-repeat: no-repeat !important;background-size: cover !important;}&#8221; el_class=&#8221;nd_options_overflow_visible_important&#8221;][vc_column][vc_row_inner css=&#8221;.vc_custom_1486118361106{padding-top: 100px !important;padding-bottom: 100px !important;}&#8221; el_class=&#8221;nd_options_bg_greydark_alpha_gradient_3&#8243;][vc_column_inner width=&#8221;1\/3&#8243;][\/vc_column_inner][vc_column_inner width=&#8221;1\/3&#8243; css=&#8221;.vc_custom_1486118458781{padding: 20px !important;}&#8221;][\/vc_column_inner][vc_column_inner width=&#8221;1\/3&#8243;][\/vc_column_inner][\/vc_row_inner][\/vc_column][\/vc_row][vc_row full_width=&#8221;stretch_row_content&#8221; css=&#8221;.vc_custom_1542716046358{margin-bottom: 40px !important;}&#8221;][vc_column width=&#8221;1\/12&#8243;][\/vc_column][vc_column width=&#8221;7\/12&#8243;][vc_column_text]Na potwierdzenie ka\u017cdej rezerwacji, dost\u0119pnej r\u00f3wnie\u017c w trybie on-line, wymagana jest wp\u0142ata zadatku w wysoko\u015bci 30% op\u0142aty za ca\u0142y pobyt. ALPENLODGE***LIVIGNO potwierdza rezerwacj\u0119 po [&hellip;]","og_url":"https:\/\/alpenlodge.it\/termini-condizioni\/","og_site_name":"Alpenlodge Appartamenti Livigno","article_publisher":"https:\/\/www.facebook.com\/profile.php?id=100025235413120","article_modified_time":"2019-03-18T07:59:12+00:00","twitter_card":"summary_large_image","twitter_misc":{"Szacowany czas czytania":"6 minut"},"schema":{"@context":"https:\/\/schema.org","@graph":[{"@type":"WebPage","@id":"https:\/\/alpenlodge.it\/termini-condizioni\/","url":"https:\/\/alpenlodge.it\/termini-condizioni\/","name":"Warunki og\u00f3lne - Alpenlodge Appartamenti Livigno","isPartOf":{"@id":"https:\/\/alpenlodge.it\/#website"},"datePublished":"2019-03-12T09:48:43+00:00","dateModified":"2019-03-18T07:59:12+00:00","breadcrumb":{"@id":"https:\/\/alpenlodge.it\/termini-condizioni\/#breadcrumb"},"inLanguage":"pl-PL","potentialAction":[{"@type":"ReadAction","target":["https:\/\/alpenlodge.it\/termini-condizioni\/"]}]},{"@type":"BreadcrumbList","@id":"https:\/\/alpenlodge.it\/termini-condizioni\/#breadcrumb","itemListElement":[{"@type":"ListItem","position":1,"name":"Home","item":"https:\/\/alpenlodge.it\/pl\/"},{"@type":"ListItem","position":2,"name":"Warunki og\u00f3lne"}]},{"@type":"WebSite","@id":"https:\/\/alpenlodge.it\/#website","url":"https:\/\/alpenlodge.it\/","name":"Alpenlodge Appartamenti Livigno","description":"","publisher":{"@id":"https:\/\/alpenlodge.it\/#organization"},"potentialAction":[{"@type":"SearchAction","target":{"@type":"EntryPoint","urlTemplate":"https:\/\/alpenlodge.it\/?s={search_term_string}"},"query-input":{"@type":"PropertyValueSpecification","valueRequired":true,"valueName":"search_term_string"}}],"inLanguage":"pl-PL"},{"@type":"Organization","@id":"https:\/\/alpenlodge.it\/#organization","name":"Alpenlodge Appartamenti Livigno","url":"https:\/\/alpenlodge.it\/","logo":{"@type":"ImageObject","inLanguage":"pl-PL","@id":"https:\/\/alpenlodge.it\/#\/schema\/logo\/image\/","url":"https:\/\/alpenlodge.it\/wp-content\/uploads\/2018\/11\/alpenlodge-logo.png","contentUrl":"https:\/\/alpenlodge.it\/wp-content\/uploads\/2018\/11\/alpenlodge-logo.png","width":438,"height":129,"caption":"Alpenlodge Appartamenti Livigno"},"image":{"@id":"https:\/\/alpenlodge.it\/#\/schema\/logo\/image\/"},"sameAs":["https:\/\/www.facebook.com\/profile.php?id=100025235413120"]}]}},"_links":{"self":[{"href":"https:\/\/alpenlodge.it\/pl\/wp-json\/wp\/v2\/pages\/5857","targetHints":{"allow":["GET"]}}],"collection":[{"href":"https:\/\/alpenlodge.it\/pl\/wp-json\/wp\/v2\/pages"}],"about":[{"href":"https:\/\/alpenlodge.it\/pl\/wp-json\/wp\/v2\/types\/page"}],"author":[{"embeddable":true,"href":"https:\/\/alpenlodge.it\/pl\/wp-json\/wp\/v2\/users\/1"}],"replies":[{"embeddable":true,"href":"https:\/\/alpenlodge.it\/pl\/wp-json\/wp\/v2\/comments?post=5857"}],"version-history":[{"count":0,"href":"https:\/\/alpenlodge.it\/pl\/wp-json\/wp\/v2\/pages\/5857\/revisions"}],"wp:attachment":[{"href":"https:\/\/alpenlodge.it\/pl\/wp-json\/wp\/v2\/media?parent=5857"}],"curies":[{"name":"wp","href":"https:\/\/api.w.org\/{rel}","templated":true}]}}