{"id":5814,"date":"2019-03-12T08:21:58","date_gmt":"2019-03-12T08:21:58","guid":{"rendered":"https:\/\/alpenlodge.it\/?page_id=5814"},"modified":"2021-04-30T10:14:09","modified_gmt":"2021-04-30T10:14:09","slug":"baita-lungo-rin","status":"publish","type":"page","link":"https:\/\/alpenlodge.it\/pl\/baita-lungo-rin\/","title":{"rendered":"Baita Lungo Rin"},"content":{"rendered":"<div class=\"wpb-content-wrapper\"><p>[vc_row full_width=&#8221;stretch_row_content_no_spaces&#8221; css=&#8221;.vc_custom_1619777645607{margin-top: -50px !important;background-image: url(https:\/\/alpenlodge.it\/wp-content\/uploads\/2021\/04\/bassa__MG_6344.jpg?id=8635) !important;background-position: center !important;background-repeat: no-repeat !important;background-size: cover !important;}&#8221; el_class=&#8221;nd_options_overflow_visible_important&#8221;][vc_column][vc_row_inner css=&#8221;.vc_custom_1486118361106{padding-top: 100px !important;padding-bottom: 100px !important;}&#8221; el_class=&#8221;nd_options_bg_greydark_alpha_gradient_3&#8243;][vc_column_inner width=&#8221;1\/4&#8243;][\/vc_column_inner][vc_column_inner width=&#8221;1\/2&#8243; css=&#8221;.vc_custom_1542886752093{padding-top: 20px !important;padding-right: 20px !important;padding-bottom: 20px !important;padding-left: 20px !important;}&#8221;] <h1 style=\"color:#ffffff;padding:px;text-align:center;font-size:55px;line-height:55px;letter-spacing: px;font-weight:lighter\" class=\"  nd_options_font_size_40_important_all_iphone nd_options_line_height_40_important_all_iphone nd_options_first_font \">BAITA LUNGO RIN<\/h1> [\/vc_column_inner][vc_column_inner width=&#8221;1\/4&#8243;][\/vc_column_inner][\/vc_row_inner][\/vc_column][\/vc_row][vc_row full_width=&#8221;stretch_row_content&#8221;][vc_column width=&#8221;1\/12&#8243;][\/vc_column][vc_column width=&#8221;1\/2&#8243; css=&#8221;.vc_custom_1542887385685{margin-bottom: 10px !important;padding-top: 0px !important;}&#8221;][vc_row_inner][vc_column_inner width=&#8221;11\/12&#8243;]<div style=\"background-color:#ffffff;height: 20px\" class=\"nicdark_section  \"><\/div>[vc_column_text]<\/p>\n<p style=\"text-align: justify;\"><strong>Rin<\/strong>, co w dialekcie Livigno oznacza strumie\u0144, jest miejscem, w kt\u00f3rym wznosi si\u0119 wielopokoleniowy dom rodziny Cusini.<\/p>\n<p style=\"text-align: justify;\">Budynek Baita, kt\u00f3rego w\u0142a\u015bcicielem by\u0142 dziadek Candido, zosta\u0142 wybudowany tu\u017c po ogromnych zniszczeniach spowodowanych gwa\u0142town\u0105 lawin\u0105, kt\u00f3ra zesz\u0142a w okolicach Livigno i zr\u00f3wna\u0142a z ziemi\u0105 wiele domostw. Wielokrotnie remontowany zachowa\u0142 jednak charakter typowego domu g\u00f3rskiego.<\/p>\n<p>&nbsp;<\/p>\n<p style=\"text-align: justify;\">Znajduje si\u0119 w odleg\u0142o\u015bci 400 m od g\u0142\u00f3wnego centrum turystycznego, w otoczeniu zielonych \u0142\u0105k Valle di Livigno. Jest doskona\u0142ym wyborem dla os\u00f3b, kt\u00f3re dog\u0142\u0119bnie i w przyjemny spos\u00f3b chc\u0105 pozna\u0107 atrakcje, kt\u00f3re Livigno oferuje swoim go\u015bciom.<\/p>\n<p>Z <strong>Baita Lungo Rin<\/strong>, zostawiaj\u0105c samoch\u00f3d na obszernym, prywatnym parkingu, mo\u017cna wyrusza\u0107 na wyprawy po rowerowych i trekkingowych \u015bcie\u017ckach, kt\u00f3rych pocz\u0105tek znajduje si\u0119 w odleg\u0142o\u015bci ok. 30 m od o\u015brodka. W okresie zimowym natomiast mo\u017cna korzysta\u0107 z 80 km tras do narciarstwa biegowego lub te\u017c wyci\u0105g\u00f3w narciarskich. Na koniec dnia, bez konieczno\u015bci korzystania z jakiegokolwiek \u015brodka lokomocji, mo\u017cna powr\u00f3ci\u0107 do domu na nartach (ski in-ski out).<\/p>\n<p style=\"text-align: justify;\">Apartamenty Baita zosta\u0142y wygodnie urz\u0105dzone, tak aby zaspokoi\u0107 w pe\u0142ni wszelkie potrzeby go\u015bci, zachowuj\u0105c jednocze\u015bnie alpejski klimat domu, w\u015br\u00f3d kt\u00f3rego wyrasta\u0142a rodzina w\u0142a\u015bcicieli.<\/p>\n<p>[\/vc_column_text][\/vc_column_inner][vc_column_inner width=&#8221;1\/12&#8243;][\/vc_column_inner][\/vc_row_inner][\/vc_column][vc_column width=&#8221;1\/3&#8243;][vc_gmaps link=&#8221;#E-8_JTNDaWZyYW1lJTIwc3JjJTNEJTIyaHR0cHMlM0ElMkYlMkZ3d3cuZ29vZ2xlLmNvbSUyRm1hcHMlMkZlbWJlZCUzRnBiJTNEJTIxMW0xNCUyMTFtOCUyMTFtMyUyMTFkODc4MzMuODAyNzE3NDUyMzQlMjEyZDEwLjEyOTIyMSUyMTNkNDYuNTMxNzM0JTIxM20yJTIxMWkxMDI0JTIxMmk3NjglMjE0ZjEzLjElMjEzbTMlMjExbTIlMjExczB4NDc4MzZkZjg3ZGIxNzk2ZiUyNTNBMHgzYWRkZDAwZTkyZWU4ZjEwJTIxMnNWaWElMkJSaW4lMjUyQyUyQjQyMSUyNTJDJTJCMjMwMzAlMkJMaXZpZ25vJTJCU08lMjUyQyUyQkl0YWxpYSUyMTVlMCUyMTNtMiUyMTFzaXQlMjEyc3VzJTIxNHYxNTQ0MDA2NDA0MTAyJTIyJTIwd2lkdGglM0QlMjI2MDAlMjIlMjBoZWlnaHQlM0QlMjI0NTAlMjIlMjBmcmFtZWJvcmRlciUzRCUyMjAlMjIlMjBzdHlsZSUzRCUyMmJvcmRlciUzQTAlMjIlMjBhbGxvd2Z1bGxzY3JlZW4lM0UlM0MlMkZpZnJhbWUlM0U=&#8221;][\/vc_column][vc_column width=&#8221;1\/12&#8243;][\/vc_column][\/vc_row][vc_row][vc_column width=&#8221;1\/12&#8243;][\/vc_column][vc_column width=&#8221;5\/6&#8243;]<div style=\"background-color:#f1f1f1;height: 1px\" class=\"nicdark_section  \"><\/div><div style=\"background-color:;height: 30px\" class=\"nicdark_section  \"><\/div>[vc_custom_heading text=&#8221;Baita Lungo Rin Apartments&#8221; font_container=&#8221;tag:h3|font_size:40|text_align:center|line_height:1&#8243; use_theme_fonts=&#8221;yes&#8221;]<div style=\"background-color:;height: 30px\" class=\"nicdark_section  \"><\/div>[vc_row_inner][vc_column_inner][vc_basic_grid post_type=&#8221;ids&#8221; item=&#8221;5808&#8243; grid_id=&#8221;vc_gid:1619777311393-401f1f0f-c858-1&#8243; include=&#8221;2539, 2803, 2816&#8243;][\/vc_column_inner][\/vc_row_inner][\/vc_column][vc_column width=&#8221;1\/12&#8243;][\/vc_column][\/vc_row]<\/p>\n<\/div>","protected":false},"excerpt":{"rendered":"<p>[vc_row full_width=&#8221;stretch_row_content_no_spaces&#8221; css=&#8221;.vc_custom_1619777645607{margin-top: -50px !important;background-image: url(https:\/\/alpenlodge.it\/wp-content\/uploads\/2021\/04\/bassa__MG_6344.jpg?id=8635) !important;background-position: center !important;background-repeat: no-repeat !important;background-size: cover !important;}&#8221; el_class=&#8221;nd_options_overflow_visible_important&#8221;][vc_column][vc_row_inner css=&#8221;.vc_custom_1486118361106{padding-top: 100px !important;padding-bottom: 100px !important;}&#8221; el_class=&#8221;nd_options_bg_greydark_alpha_gradient_3&#8243;][vc_column_inner width=&#8221;1\/4&#8243;][\/vc_column_inner][vc_column_inner width=&#8221;1\/2&#8243; css=&#8221;.vc_custom_1542886752093{padding-top: 20px !important;padding-right: 20px !important;padding-bottom: 20px !important;padding-left: 20px !important;}&#8221;][\/vc_column_inner][vc_column_inner width=&#8221;1\/4&#8243;][\/vc_column_inner][\/vc_row_inner][\/vc_column][\/vc_row][vc_row full_width=&#8221;stretch_row_content&#8221;][vc_column width=&#8221;1\/12&#8243;][\/vc_column][vc_column width=&#8221;1\/2&#8243; css=&#8221;.vc_custom_1542887385685{margin-bottom: 10px !important;padding-top: 0px !important;}&#8221;][vc_row_inner][vc_column_inner width=&#8221;11\/12&#8243;][vc_column_text] Rin, co w dialekcie Livigno oznacza strumie\u0144, jest miejscem, w kt\u00f3rym wznosi si\u0119 wielopokoleniowy [&hellip;]<\/p>\n","protected":false},"author":1,"featured_media":5698,"parent":0,"menu_order":0,"comment_status":"closed","ping_status":"closed","template":"","meta":{"footnotes":""},"class_list":["post-5814","page","type-page","status-publish","has-post-thumbnail","hentry"],"yoast_head":"<!-- This site is optimized with the Yoast SEO plugin v27.5 - https:\/\/yoast.com\/product\/yoast-seo-wordpress\/ -->\n<title>Baita Lungo Rin - Alpenlodge Appartamenti Livigno<\/title>\n<meta name=\"robots\" content=\"index, follow, max-snippet:-1, max-image-preview:large, max-video-preview:-1\" \/>\n<link rel=\"canonical\" href=\"https:\/\/alpenlodge.it\/baita-lungo-rin\/\" \/>\n<meta property=\"og:locale\" content=\"pl_PL\" \/>\n<meta property=\"og:type\" content=\"article\" \/>\n<meta property=\"og:title\" content=\"Baita Lungo Rin - Alpenlodge Appartamenti Livigno\" \/>\n<meta property=\"og:description\" content=\"[vc_row full_width=&#8221;stretch_row_content_no_spaces&#8221; css=&#8221;.vc_custom_1619777645607{margin-top: -50px !important;background-image: url(https:\/\/alpenlodge.it\/wp-content\/uploads\/2021\/04\/bassa__MG_6344.jpg?id=8635) !important;background-position: center !important;background-repeat: no-repeat !important;background-size: cover !important;}&#8221; el_class=&#8221;nd_options_overflow_visible_important&#8221;][vc_column][vc_row_inner css=&#8221;.vc_custom_1486118361106{padding-top: 100px !important;padding-bottom: 100px !important;}&#8221; el_class=&#8221;nd_options_bg_greydark_alpha_gradient_3&#8243;][vc_column_inner width=&#8221;1\/4&#8243;][\/vc_column_inner][vc_column_inner width=&#8221;1\/2&#8243; css=&#8221;.vc_custom_1542886752093{padding-top: 20px !important;padding-right: 20px !important;padding-bottom: 20px !important;padding-left: 20px !important;}&#8221;][\/vc_column_inner][vc_column_inner width=&#8221;1\/4&#8243;][\/vc_column_inner][\/vc_row_inner][\/vc_column][\/vc_row][vc_row full_width=&#8221;stretch_row_content&#8221;][vc_column width=&#8221;1\/12&#8243;][\/vc_column][vc_column width=&#8221;1\/2&#8243; css=&#8221;.vc_custom_1542887385685{margin-bottom: 10px !important;padding-top: 0px !important;}&#8221;][vc_row_inner][vc_column_inner width=&#8221;11\/12&#8243;][vc_column_text] Rin, co w dialekcie Livigno oznacza strumie\u0144, jest miejscem, w kt\u00f3rym wznosi si\u0119 wielopokoleniowy [&hellip;]\" \/>\n<meta property=\"og:url\" content=\"https:\/\/alpenlodge.it\/baita-lungo-rin\/\" \/>\n<meta property=\"og:site_name\" content=\"Alpenlodge Appartamenti Livigno\" \/>\n<meta property=\"article:publisher\" content=\"https:\/\/www.facebook.com\/profile.php?id=100025235413120\" \/>\n<meta property=\"article:modified_time\" content=\"2021-04-30T10:14:09+00:00\" \/>\n<meta property=\"og:image\" content=\"https:\/\/alpenlodge.it\/wp-content\/uploads\/2018\/11\/2015051934_2014102936_baita-lungho-rin1big.jpg\" \/>\n\t<meta property=\"og:image:width\" content=\"600\" \/>\n\t<meta property=\"og:image:height\" content=\"441\" \/>\n\t<meta property=\"og:image:type\" content=\"image\/jpeg\" \/>\n<meta name=\"twitter:card\" content=\"summary_large_image\" \/>\n<meta name=\"twitter:label1\" content=\"Szacowany czas czytania\" \/>\n\t<meta name=\"twitter:data1\" content=\"3 minuty\" \/>\n<!-- \/ Yoast SEO plugin. -->","yoast_head_json":{"title":"Baita Lungo Rin - Alpenlodge Appartamenti Livigno","robots":{"index":"index","follow":"follow","max-snippet":"max-snippet:-1","max-image-preview":"max-image-preview:large","max-video-preview":"max-video-preview:-1"},"canonical":"https:\/\/alpenlodge.it\/baita-lungo-rin\/","og_locale":"pl_PL","og_type":"article","og_title":"Baita Lungo Rin - Alpenlodge Appartamenti Livigno","og_description":"[vc_row full_width=&#8221;stretch_row_content_no_spaces&#8221; css=&#8221;.vc_custom_1619777645607{margin-top: -50px !important;background-image: url(https:\/\/alpenlodge.it\/wp-content\/uploads\/2021\/04\/bassa__MG_6344.jpg?id=8635) !important;background-position: center !important;background-repeat: no-repeat !important;background-size: cover !important;}&#8221; el_class=&#8221;nd_options_overflow_visible_important&#8221;][vc_column][vc_row_inner css=&#8221;.vc_custom_1486118361106{padding-top: 100px !important;padding-bottom: 100px !important;}&#8221; el_class=&#8221;nd_options_bg_greydark_alpha_gradient_3&#8243;][vc_column_inner width=&#8221;1\/4&#8243;][\/vc_column_inner][vc_column_inner width=&#8221;1\/2&#8243; css=&#8221;.vc_custom_1542886752093{padding-top: 20px !important;padding-right: 20px !important;padding-bottom: 20px !important;padding-left: 20px !important;}&#8221;][\/vc_column_inner][vc_column_inner width=&#8221;1\/4&#8243;][\/vc_column_inner][\/vc_row_inner][\/vc_column][\/vc_row][vc_row full_width=&#8221;stretch_row_content&#8221;][vc_column width=&#8221;1\/12&#8243;][\/vc_column][vc_column width=&#8221;1\/2&#8243; css=&#8221;.vc_custom_1542887385685{margin-bottom: 10px !important;padding-top: 0px !important;}&#8221;][vc_row_inner][vc_column_inner width=&#8221;11\/12&#8243;][vc_column_text] Rin, co w dialekcie Livigno oznacza strumie\u0144, jest miejscem, w kt\u00f3rym wznosi si\u0119 wielopokoleniowy [&hellip;]","og_url":"https:\/\/alpenlodge.it\/baita-lungo-rin\/","og_site_name":"Alpenlodge Appartamenti Livigno","article_publisher":"https:\/\/www.facebook.com\/profile.php?id=100025235413120","article_modified_time":"2021-04-30T10:14:09+00:00","og_image":[{"width":600,"height":441,"url":"https:\/\/alpenlodge.it\/wp-content\/uploads\/2018\/11\/2015051934_2014102936_baita-lungho-rin1big.jpg","type":"image\/jpeg"}],"twitter_card":"summary_large_image","twitter_misc":{"Szacowany czas czytania":"3 minuty"},"schema":{"@context":"https:\/\/schema.org","@graph":[{"@type":"WebPage","@id":"https:\/\/alpenlodge.it\/baita-lungo-rin\/","url":"https:\/\/alpenlodge.it\/baita-lungo-rin\/","name":"Baita Lungo Rin - Alpenlodge Appartamenti Livigno","isPartOf":{"@id":"https:\/\/alpenlodge.it\/#website"},"primaryImageOfPage":{"@id":"https:\/\/alpenlodge.it\/baita-lungo-rin\/#primaryimage"},"image":{"@id":"https:\/\/alpenlodge.it\/baita-lungo-rin\/#primaryimage"},"thumbnailUrl":"https:\/\/alpenlodge.it\/wp-content\/uploads\/2018\/11\/2015051934_2014102936_baita-lungho-rin1big.jpg","datePublished":"2019-03-12T08:21:58+00:00","dateModified":"2021-04-30T10:14:09+00:00","breadcrumb":{"@id":"https:\/\/alpenlodge.it\/baita-lungo-rin\/#breadcrumb"},"inLanguage":"pl-PL","potentialAction":[{"@type":"ReadAction","target":["https:\/\/alpenlodge.it\/baita-lungo-rin\/"]}]},{"@type":"ImageObject","inLanguage":"pl-PL","@id":"https:\/\/alpenlodge.it\/baita-lungo-rin\/#primaryimage","url":"https:\/\/alpenlodge.it\/wp-content\/uploads\/2018\/11\/2015051934_2014102936_baita-lungho-rin1big.jpg","contentUrl":"https:\/\/alpenlodge.it\/wp-content\/uploads\/2018\/11\/2015051934_2014102936_baita-lungho-rin1big.jpg","width":600,"height":441},{"@type":"BreadcrumbList","@id":"https:\/\/alpenlodge.it\/baita-lungo-rin\/#breadcrumb","itemListElement":[{"@type":"ListItem","position":1,"name":"Home","item":"https:\/\/alpenlodge.it\/pl\/"},{"@type":"ListItem","position":2,"name":"Baita Lungo Rin"}]},{"@type":"WebSite","@id":"https:\/\/alpenlodge.it\/#website","url":"https:\/\/alpenlodge.it\/","name":"Alpenlodge Appartamenti Livigno","description":"","publisher":{"@id":"https:\/\/alpenlodge.it\/#organization"},"potentialAction":[{"@type":"SearchAction","target":{"@type":"EntryPoint","urlTemplate":"https:\/\/alpenlodge.it\/?s={search_term_string}"},"query-input":{"@type":"PropertyValueSpecification","valueRequired":true,"valueName":"search_term_string"}}],"inLanguage":"pl-PL"},{"@type":"Organization","@id":"https:\/\/alpenlodge.it\/#organization","name":"Alpenlodge Appartamenti Livigno","url":"https:\/\/alpenlodge.it\/","logo":{"@type":"ImageObject","inLanguage":"pl-PL","@id":"https:\/\/alpenlodge.it\/#\/schema\/logo\/image\/","url":"https:\/\/alpenlodge.it\/wp-content\/uploads\/2018\/11\/alpenlodge-logo.png","contentUrl":"https:\/\/alpenlodge.it\/wp-content\/uploads\/2018\/11\/alpenlodge-logo.png","width":438,"height":129,"caption":"Alpenlodge Appartamenti Livigno"},"image":{"@id":"https:\/\/alpenlodge.it\/#\/schema\/logo\/image\/"},"sameAs":["https:\/\/www.facebook.com\/profile.php?id=100025235413120"]}]}},"_links":{"self":[{"href":"https:\/\/alpenlodge.it\/pl\/wp-json\/wp\/v2\/pages\/5814","targetHints":{"allow":["GET"]}}],"collection":[{"href":"https:\/\/alpenlodge.it\/pl\/wp-json\/wp\/v2\/pages"}],"about":[{"href":"https:\/\/alpenlodge.it\/pl\/wp-json\/wp\/v2\/types\/page"}],"author":[{"embeddable":true,"href":"https:\/\/alpenlodge.it\/pl\/wp-json\/wp\/v2\/users\/1"}],"replies":[{"embeddable":true,"href":"https:\/\/alpenlodge.it\/pl\/wp-json\/wp\/v2\/comments?post=5814"}],"version-history":[{"count":0,"href":"https:\/\/alpenlodge.it\/pl\/wp-json\/wp\/v2\/pages\/5814\/revisions"}],"wp:featuredmedia":[{"embeddable":true,"href":"https:\/\/alpenlodge.it\/pl\/wp-json\/wp\/v2\/media\/5698"}],"wp:attachment":[{"href":"https:\/\/alpenlodge.it\/pl\/wp-json\/wp\/v2\/media?parent=5814"}],"curies":[{"name":"wp","href":"https:\/\/api.w.org\/{rel}","templated":true}]}}