{"id":5693,"date":"2019-03-11T11:00:46","date_gmt":"2019-03-11T11:00:46","guid":{"rendered":"https:\/\/alpenlodge.it\/?page_id=5693"},"modified":"2025-10-03T14:29:41","modified_gmt":"2025-10-03T14:29:41","slug":"o-nas","status":"publish","type":"page","link":"https:\/\/alpenlodge.it\/pl\/o-nas\/","title":{"rendered":"O nas"},"content":{"rendered":"<div class=\"wpb-content-wrapper\"><p>[vc_row full_width=&#8221;stretch_row_content&#8221;][vc_column width=&#8221;1\/12&#8243;][\/vc_column][vc_column width=&#8221;1\/4&#8243; css=&#8221;.vc_custom_1541584439599{margin-top: 10px !important;margin-bottom: 10px !important;padding-top: 0px !important;padding-right: 40px !important;}&#8221;]<div style=\"background-color:;height: 10px\" class=\"nicdark_section  \"><\/div> <p style=\"color:#727475;padding:px;text-align:right;font-size:40px;line-height:50px;letter-spacing: px;font-weight:lighter\" class=\"  nd_options_text_align_center_responsive_important nd_options_first_font \">Nasz cel: dostarczy\u0107 jak najwi\u0119cej emocji<\/p> <div style=\"background-color:;height: 10px\" class=\"nicdark_section  \"><\/div>[\/vc_column][vc_column width=&#8221;7\/12&#8243; css=&#8221;.vc_custom_1542715950761{margin-top: 10px !important;margin-bottom: 10px !important;padding-top: 0px !important;}&#8221;]<div style=\"background-color:;height: 20px\" class=\"nicdark_section  \"><\/div> <h1 style=\"color:#727475;padding:px;text-align:;font-size:40px;line-height:50px;letter-spacing: px;font-weight:lighter\" class=\"  nd_options_text_align_center_responsive_important nd_options_first_font \">Alpenlodge Apartmens Livigno<\/h1> <div style=\"background-color:;height: 20px\" class=\"nicdark_section  \"><\/div>[vc_column_text el_class=&#8221;nd_options_text_align_center_responsive&#8221;]Mi\u0142o\u015b\u0107 rodziny Moretti do g\u00f3r i wszelkich temat\u00f3w z nimi zwi\u0105zanych znajduje odzwierciedlenie w konstrukcji oraz wyposa\u017ceniu dom\u00f3w wypoczynkowych.<\/p>\n<p>&nbsp;<\/p>\n<p>Budynki po\u0142o\u017cone s\u0105 w spokojnych i niezbyt oddalonych od g\u0142\u00f3wnych stref turystycznych miejscach. Znajduje si\u0119 w nich <span class=\"VIiyi\" lang=\"pl\"><span class=\"JLqJ4b ChMk0b\" data-language-for-alternatives=\"pl\" data-language-to-translate-into=\"it\" data-phrase-index=\"0\" data-number-of-phrases=\"1\"><span class=\"Q4iAWc\">cztery<\/span><\/span><\/span> gustownie urz\u0105dzonych apartament\u00f3w, zapewniaj\u0105cych wszelkie wygody. Mo\u017ce w nich przebywa\u0107 od dw\u00f3ch do dziewi\u0119ciu os\u00f3b, ciesz\u0105c si\u0119 ciep\u0142\u0105 i go\u015bcinn\u0105 atmosfer\u0105 oraz sportow\u0105 nut\u0105, typow\u0105 dla g\u00f3rskich miejscowo\u015bci.<\/p>\n<p>&nbsp;<\/p>\n<p>Dogodne usytuowanie apartament\u00f3w pozwala w okresie letnim na korzystanie z wypoczynku i rozrywki na rozleg\u0142ych zielonych \u0142\u0105kach. Natomiast w okresie zimowym, rozpoczynaj\u0105cym si\u0119 ju\u017c w listopadzie, kiedy to Livorno pokrywa si\u0119 obficie \u015bniegiem, mo\u017cna cieszy\u0107 si\u0119 w pe\u0142ni sportami zimowymi.<\/p>\n<p>&nbsp;<\/p>\n<p>Znajduj\u0105ce si\u0119 w pobli\u017cu przystanki bezp\u0142atnych autobus\u00f3w pozwalaj\u0105 dotrze\u0107 spod dom\u00f3w w pobli\u017ce wielofunkcyjnej struktury &#8222;Plaza Placheda&#8221;, miejsca znanego ka\u017cdemu go\u015bciowi Livigno, gdzie odbywaj\u0105 si\u0119 wa\u017cniejsze imprezy turystyczne. Ponadto ze wszystkich apartament\u00f3w mo\u017cna \u0142atwo dosta\u0107 si\u0119, bez konieczno\u015bci korzystania z samochodu, do wyci\u0105g\u00f3w narciarskich (ski-in, ski-out), tras zjazdowych, szlaku pieszo-rowerowego oraz licznych tras dla rower\u00f3w g\u00f3rskich i trekkingu.<\/p>\n<p>ALPENLODGE***LIVIGNO zapewnia r\u00f3wnie\u017c mo\u017cliwo\u015b\u0107 bezp\u0142atnego korzystania, za po\u015brednictwem karty Natur, z bogatej oferty letnich atrakcji turystycznych oferowanych przez miejscowe centrum promocji oraz organizuje, pod opiek\u0105 wyspecjalizowanych przewodnik\u00f3w-instruktor\u00f3w, wycieczki rowerami g\u00f3rskimi i szosowymi.[\/vc_column_text][\/vc_column][vc_column width=&#8221;1\/12&#8243;][\/vc_column][\/vc_row][vc_row css=&#8221;.vc_custom_1541765504517{margin-top: 20px !important;}&#8221;][vc_column width=&#8221;1\/5&#8243;][\/vc_column][vc_column width=&#8221;1\/5&#8243; el_class=&#8221;nd_options_text_align_center&#8221; css=&#8221;.vc_custom_1542716406087{padding-right: 20px !important;}&#8221;]<div style=\"background-color:;height: 15px\" class=\"nicdark_section  \"><\/div>\n\n    <div class=\"nd_options_section  nd_options_text_align_left \">\n\n        <img decoding=\"async\" style=\"margin-top:10px\" alt=\"\" width=\"80\" src=\"https:\/\/alpenlodge.it\/wp-content\/uploads\/2017\/07\/icon-12-1.png\">\n\n        <div class=\"nd_options_section nd_options_box_sizing_border_box\">\n            \n            <h3 class=\"  \" style=\"margin:;color:;font-size:px;line-height:px\">FREE WIFI<\/h3> \n            <p class=\"nd_options_second_font  \" style=\"margin:0px 0px 15px 0px;color:#a3a3a3;font-size:14px;line-height:24px\">For Our Customers<\/p> \n            \n\n        <\/div>\n\n    <\/div>\n\n  <div style=\"background-color:;height: 25px\" class=\"nicdark_section  \"><\/div>[\/vc_column][vc_column width=&#8221;1\/5&#8243;]<div style=\"background-color:;height: 15px\" class=\"nicdark_section  \"><\/div>\n\n    <div class=\"nd_options_section  nd_options_text_align_left \">\n\n        <img decoding=\"async\" style=\"margin-top:10px\" alt=\"\" width=\"80\" src=\"https:\/\/alpenlodge.it\/wp-content\/uploads\/2018\/11\/icon-P.png\">\n\n        <div class=\"nd_options_section nd_options_box_sizing_border_box\">\n            \n            <h3 class=\"  \" style=\"margin:;color:;font-size:px;line-height:px\">PARKING AREA<\/h3> \n            <p class=\"nd_options_second_font  \" style=\"margin:0px 0px 15px 0px;color:#a3a3a3;font-size:14px;line-height:24px\">Free For Our Customers<\/p> \n            \n\n        <\/div>\n\n    <\/div>\n\n  <div style=\"background-color:;height: 25px\" class=\"nicdark_section  \"><\/div>[\/vc_column][vc_column width=&#8221;1\/5&#8243;]<div style=\"background-color:;height: 15px\" class=\"nicdark_section  \"><\/div>\n\n    <div class=\"nd_options_section  nd_options_text_align_left \">\n\n        <img decoding=\"async\" style=\"margin-top:10px\" alt=\"\" width=\"80\" src=\"https:\/\/alpenlodge.it\/wp-content\/uploads\/2017\/07\/icon-11.png\">\n\n        <div class=\"nd_options_section nd_options_box_sizing_border_box\">\n            \n            <h3 class=\"  \" style=\"margin:;color:;font-size:px;line-height:px\">LIVIGNO BIKE HOTEL<\/h3> \n            <p class=\"nd_options_second_font  \" style=\"margin:0px 0px 15px 0px;color:#a3a3a3;font-size:14px;line-height:24px\">For Road Bike and MTB lovers<\/p> \n            \n\n        <\/div>\n\n    <\/div>\n\n  <div style=\"background-color:;height: 25px\" class=\"nicdark_section  \"><\/div>[\/vc_column][vc_column width=&#8221;1\/5&#8243;][\/vc_column][\/vc_row][vc_row css=&#8221;.vc_custom_1492511016596{margin-top: 40px !important;margin-bottom: 20px !important;}&#8221;][vc_column el_class=&#8221;nd_options_text_align_center&#8221;]\n\t<div class=\"nd_options_section nd_options_text_align_center\">\n\t<a style=\"border: px solid;border-radius:px;letter-spacing:2px;line-height:11px;font-size:11px;background-color:#948870;padding:15px 35px;margin:;color:#ffffff\" rel=\"\" href=\"https:\/\/alpenlodge.it\/pl\/uslugi\/\" class=\"nicdark_display_inline_block  nd_options_font_weight_bold nd_options_second_font  \">SEE ALL SERVICES<\/a>\n\t<\/div>\n[\/vc_column][\/vc_row][vc_row full_width=&#8221;stretch_row&#8221; parallax=&#8221;content-moving&#8221; parallax_image=&#8221;10071&#8243; css=&#8221;.vc_custom_1745999230473{padding-top: 50px !important;padding-bottom: 50px !important;}&#8221; el_class=&#8221;nd_options_vc_parallax_filter_2_2&#8243;][vc_column] <p style=\"color:#ffffff;padding:px;text-align:center;font-size:35px;line-height:55px;letter-spacing: px;font-weight:lighter\" class=\"  nd_options_font_size_40_important_all_iphone nd_options_line_height_40_important_all_iphone nd_options_first_font \">Alpenlodge*** Apartments Livigno<\/p> [vc_column_text]\n    <div id=\"booking-box\" style=\"display:block;width:100%;\">\n      <div class=\"container bookingContainer\">\n<div class=\"row\">\n        <form name=\"formWuBook\" id=\"formWuBook\" method=\"get\" action=\"https:\/\/wubook.net\/wbkd\/wbk\/\" target=\"_blank\">\n          <input type=\"hidden\" name=\"lcode\" value=\"1381181660\" \/>\n        <div class=\"col-md-3\" style=\"float:left;background-color: #78635a;color: #fff;padding: 20px;text-align: center;letter-spacing: 2px;font-size: 16px;font-family:Poppins;\"> BOOKING ONLINE<\/div>\n        <div class=\"input-date col-md-2\">\n          <label style=\"text-align: center;display: block;letter-spacing: 2px;font-weight: bolder;font-size: 16px;\">Arrivo<\/label>\n          <input id=\"dfrom\" type=\"text\" name=\"dfrom\" class=\"dateinput\" value=\"\" \/>\n        <\/div>\n        <div class=\"input-date col-md-2\">\n        \t<label style=\"text-align: center;display: block;letter-spacing: 2px;font-weight: bolder;font-size: 16px;\">Partenza<\/label>\n        \t<input id=\"dto\" type=\"text\" name=\"dto\" class=\"dateinput\" value=\"\" \/>\n        <\/div>\n        <div class=\"col-md-2\" style=\"float:left\">\n\t\t<img decoding=\"async\" id=\"img_booking\" src=\"https:\/\/www.alpenlodge.it\/wp-content\/uploads\/2019\/01\/appartamenti-livigno-booking-alpenlodge.png\"  alt=\"Alpenlodge Apartmens Livigno Reservation Cards\">\n        <\/div>\n        <div class=\"col-md-3\" id=\"input-button\">\n         <button class=\"wb-submit col\" id=\"check-button\" type=\"submit\">Mostra disponibilit\u00e0<\/button>\n        <\/div>\n        <\/form>\n\n<\/div>\n      <\/div><!-- \/.container -->\n    <\/div><!-- \/.booking-box -->\n\t<script src=\"https:\/\/alpenlodge.it\/wp-content\/plugins\/wubook-shortcode\/wubook-script.js\"><\/script>[\/vc_column_text][\/vc_column][\/vc_row]<\/p>\n<\/div>","protected":false},"excerpt":{"rendered":"<p>[vc_row full_width=&#8221;stretch_row_content&#8221;][vc_column width=&#8221;1\/12&#8243;][\/vc_column][vc_column width=&#8221;1\/4&#8243; css=&#8221;.vc_custom_1541584439599{margin-top: 10px !important;margin-bottom: 10px !important;padding-top: 0px !important;padding-right: 40px !important;}&#8221;][\/vc_column][vc_column width=&#8221;7\/12&#8243; css=&#8221;.vc_custom_1542715950761{margin-top: 10px !important;margin-bottom: 10px !important;padding-top: 0px !important;}&#8221;][vc_column_text el_class=&#8221;nd_options_text_align_center_responsive&#8221;]Mi\u0142o\u015b\u0107 rodziny Moretti do g\u00f3r i wszelkich temat\u00f3w z nimi zwi\u0105zanych znajduje odzwierciedlenie w konstrukcji oraz wyposa\u017ceniu dom\u00f3w wypoczynkowych. &nbsp; Budynki po\u0142o\u017cone s\u0105 w spokojnych i niezbyt oddalonych od g\u0142\u00f3wnych stref turystycznych miejscach. Znajduje [&hellip;]<\/p>\n","protected":false},"author":1,"featured_media":5701,"parent":0,"menu_order":0,"comment_status":"closed","ping_status":"closed","template":"","meta":{"footnotes":""},"class_list":["post-5693","page","type-page","status-publish","has-post-thumbnail","hentry"],"yoast_head":"<!-- This site is optimized with the Yoast SEO plugin v27.5 - https:\/\/yoast.com\/product\/yoast-seo-wordpress\/ -->\n<title>O nas - Rodzina Moretti - Alpenlodge Apartments Livigno<\/title>\n<meta name=\"description\" content=\"Rodzina Moretti, mama Rita oraz rodze\u0144stwo Stefano, Michela, Luca i Carlo maj\u0105 przyjemno\u015b\u0107 przedstawi\u0107 Pa\u0144stwu oraz zaoferowa\u0107 go\u015bcin\u0119 w swoich o\u015brodkach wypoczynkowych: BAITA LUNGO RIN oraz MICHELA HOUSE, w kt\u00f3rych mo\u017cna sp\u0119dzi\u0107 relaksuj\u0105ce i przyjemne wakacje.\" \/>\n<meta name=\"robots\" content=\"index, follow, max-snippet:-1, max-image-preview:large, max-video-preview:-1\" \/>\n<link rel=\"canonical\" href=\"https:\/\/alpenlodge.it\/pl\/o-nas\/\" \/>\n<meta property=\"og:locale\" content=\"pl_PL\" \/>\n<meta property=\"og:type\" content=\"article\" \/>\n<meta property=\"og:title\" content=\"O nas - Rodzina Moretti - Alpenlodge Apartments Livigno\" \/>\n<meta property=\"og:description\" content=\"Rodzina Moretti, mama Rita oraz rodze\u0144stwo Stefano, Michela, Luca i Carlo maj\u0105 przyjemno\u015b\u0107 przedstawi\u0107 Pa\u0144stwu oraz zaoferowa\u0107 go\u015bcin\u0119 w swoich o\u015brodkach wypoczynkowych: BAITA LUNGO RIN oraz MICHELA HOUSE, w kt\u00f3rych mo\u017cna sp\u0119dzi\u0107 relaksuj\u0105ce i przyjemne wakacje.\" \/>\n<meta property=\"og:url\" content=\"https:\/\/alpenlodge.it\/pl\/o-nas\/\" \/>\n<meta property=\"og:site_name\" content=\"Alpenlodge Appartamenti Livigno\" \/>\n<meta property=\"article:publisher\" content=\"https:\/\/www.facebook.com\/profile.php?id=100025235413120\" \/>\n<meta property=\"article:modified_time\" content=\"2025-10-03T14:29:41+00:00\" \/>\n<meta property=\"og:image\" content=\"https:\/\/alpenlodge.it\/wp-content\/uploads\/2018\/11\/2014102954_slideShow2.jpg\" \/>\n\t<meta property=\"og:image:width\" content=\"1460\" \/>\n\t<meta property=\"og:image:height\" content=\"705\" \/>\n\t<meta property=\"og:image:type\" content=\"image\/jpeg\" \/>\n<meta name=\"twitter:card\" content=\"summary_large_image\" \/>\n<meta name=\"twitter:label1\" content=\"Szacowany czas czytania\" \/>\n\t<meta name=\"twitter:data1\" content=\"3 minuty\" \/>\n<!-- \/ Yoast SEO plugin. -->","yoast_head_json":{"title":"O nas - Rodzina Moretti - Alpenlodge Apartments Livigno","description":"Rodzina Moretti, mama Rita oraz rodze\u0144stwo Stefano, Michela, Luca i Carlo maj\u0105 przyjemno\u015b\u0107 przedstawi\u0107 Pa\u0144stwu oraz zaoferowa\u0107 go\u015bcin\u0119 w swoich o\u015brodkach wypoczynkowych: BAITA LUNGO RIN oraz MICHELA HOUSE, w kt\u00f3rych mo\u017cna sp\u0119dzi\u0107 relaksuj\u0105ce i przyjemne wakacje.","robots":{"index":"index","follow":"follow","max-snippet":"max-snippet:-1","max-image-preview":"max-image-preview:large","max-video-preview":"max-video-preview:-1"},"canonical":"https:\/\/alpenlodge.it\/pl\/o-nas\/","og_locale":"pl_PL","og_type":"article","og_title":"O nas - Rodzina Moretti - Alpenlodge Apartments Livigno","og_description":"Rodzina Moretti, mama Rita oraz rodze\u0144stwo Stefano, Michela, Luca i Carlo maj\u0105 przyjemno\u015b\u0107 przedstawi\u0107 Pa\u0144stwu oraz zaoferowa\u0107 go\u015bcin\u0119 w swoich o\u015brodkach wypoczynkowych: BAITA LUNGO RIN oraz MICHELA HOUSE, w kt\u00f3rych mo\u017cna sp\u0119dzi\u0107 relaksuj\u0105ce i przyjemne wakacje.","og_url":"https:\/\/alpenlodge.it\/pl\/o-nas\/","og_site_name":"Alpenlodge Appartamenti Livigno","article_publisher":"https:\/\/www.facebook.com\/profile.php?id=100025235413120","article_modified_time":"2025-10-03T14:29:41+00:00","og_image":[{"width":1460,"height":705,"url":"https:\/\/alpenlodge.it\/wp-content\/uploads\/2018\/11\/2014102954_slideShow2.jpg","type":"image\/jpeg"}],"twitter_card":"summary_large_image","twitter_misc":{"Szacowany czas czytania":"3 minuty"},"schema":{"@context":"https:\/\/schema.org","@graph":[{"@type":"WebPage","@id":"https:\/\/alpenlodge.it\/pl\/o-nas\/","url":"https:\/\/alpenlodge.it\/pl\/o-nas\/","name":"O nas - Rodzina Moretti - Alpenlodge Apartments Livigno","isPartOf":{"@id":"https:\/\/alpenlodge.it\/#website"},"primaryImageOfPage":{"@id":"https:\/\/alpenlodge.it\/pl\/o-nas\/#primaryimage"},"image":{"@id":"https:\/\/alpenlodge.it\/pl\/o-nas\/#primaryimage"},"thumbnailUrl":"https:\/\/alpenlodge.it\/wp-content\/uploads\/2018\/11\/2014102954_slideShow2.jpg","datePublished":"2019-03-11T11:00:46+00:00","dateModified":"2025-10-03T14:29:41+00:00","description":"Rodzina Moretti, mama Rita oraz rodze\u0144stwo Stefano, Michela, Luca i Carlo maj\u0105 przyjemno\u015b\u0107 przedstawi\u0107 Pa\u0144stwu oraz zaoferowa\u0107 go\u015bcin\u0119 w swoich o\u015brodkach wypoczynkowych: BAITA LUNGO RIN oraz MICHELA HOUSE, w kt\u00f3rych mo\u017cna sp\u0119dzi\u0107 relaksuj\u0105ce i przyjemne wakacje.","breadcrumb":{"@id":"https:\/\/alpenlodge.it\/pl\/o-nas\/#breadcrumb"},"inLanguage":"pl-PL","potentialAction":[{"@type":"ReadAction","target":["https:\/\/alpenlodge.it\/pl\/o-nas\/"]}]},{"@type":"ImageObject","inLanguage":"pl-PL","@id":"https:\/\/alpenlodge.it\/pl\/o-nas\/#primaryimage","url":"https:\/\/alpenlodge.it\/wp-content\/uploads\/2018\/11\/2014102954_slideShow2.jpg","contentUrl":"https:\/\/alpenlodge.it\/wp-content\/uploads\/2018\/11\/2014102954_slideShow2.jpg","width":1460,"height":705},{"@type":"BreadcrumbList","@id":"https:\/\/alpenlodge.it\/pl\/o-nas\/#breadcrumb","itemListElement":[{"@type":"ListItem","position":1,"name":"Home","item":"https:\/\/alpenlodge.it\/pl\/"},{"@type":"ListItem","position":2,"name":"O nas"}]},{"@type":"WebSite","@id":"https:\/\/alpenlodge.it\/#website","url":"https:\/\/alpenlodge.it\/","name":"Alpenlodge Appartamenti Livigno","description":"","publisher":{"@id":"https:\/\/alpenlodge.it\/#organization"},"potentialAction":[{"@type":"SearchAction","target":{"@type":"EntryPoint","urlTemplate":"https:\/\/alpenlodge.it\/?s={search_term_string}"},"query-input":{"@type":"PropertyValueSpecification","valueRequired":true,"valueName":"search_term_string"}}],"inLanguage":"pl-PL"},{"@type":"Organization","@id":"https:\/\/alpenlodge.it\/#organization","name":"Alpenlodge Appartamenti Livigno","url":"https:\/\/alpenlodge.it\/","logo":{"@type":"ImageObject","inLanguage":"pl-PL","@id":"https:\/\/alpenlodge.it\/#\/schema\/logo\/image\/","url":"https:\/\/alpenlodge.it\/wp-content\/uploads\/2018\/11\/alpenlodge-logo.png","contentUrl":"https:\/\/alpenlodge.it\/wp-content\/uploads\/2018\/11\/alpenlodge-logo.png","width":438,"height":129,"caption":"Alpenlodge Appartamenti Livigno"},"image":{"@id":"https:\/\/alpenlodge.it\/#\/schema\/logo\/image\/"},"sameAs":["https:\/\/www.facebook.com\/profile.php?id=100025235413120"]}]}},"_links":{"self":[{"href":"https:\/\/alpenlodge.it\/pl\/wp-json\/wp\/v2\/pages\/5693","targetHints":{"allow":["GET"]}}],"collection":[{"href":"https:\/\/alpenlodge.it\/pl\/wp-json\/wp\/v2\/pages"}],"about":[{"href":"https:\/\/alpenlodge.it\/pl\/wp-json\/wp\/v2\/types\/page"}],"author":[{"embeddable":true,"href":"https:\/\/alpenlodge.it\/pl\/wp-json\/wp\/v2\/users\/1"}],"replies":[{"embeddable":true,"href":"https:\/\/alpenlodge.it\/pl\/wp-json\/wp\/v2\/comments?post=5693"}],"version-history":[{"count":2,"href":"https:\/\/alpenlodge.it\/pl\/wp-json\/wp\/v2\/pages\/5693\/revisions"}],"predecessor-version":[{"id":10076,"href":"https:\/\/alpenlodge.it\/pl\/wp-json\/wp\/v2\/pages\/5693\/revisions\/10076"}],"wp:featuredmedia":[{"embeddable":true,"href":"https:\/\/alpenlodge.it\/pl\/wp-json\/wp\/v2\/media\/5701"}],"wp:attachment":[{"href":"https:\/\/alpenlodge.it\/pl\/wp-json\/wp\/v2\/media?parent=5693"}],"curies":[{"name":"wp","href":"https:\/\/api.w.org\/{rel}","templated":true}]}}