{"id":5584,"date":"2019-02-22T09:56:51","date_gmt":"2019-02-22T09:56:51","guid":{"rendered":"https:\/\/alpenlodge.it\/?page_id=5584"},"modified":"2020-10-02T10:44:07","modified_gmt":"2020-10-02T10:44:07","slug":"michela-house","status":"publish","type":"page","link":"https:\/\/alpenlodge.it\/fr\/michela-house\/","title":{"rendered":"Michela House"},"content":{"rendered":"<div class=\"wpb-content-wrapper\"><p>[vc_row full_width=\u00a0\u00bbstretch_row_content_no_spaces\u00a0\u00bb css=\u00a0\u00bb.vc_custom_1548938589460{margin-top: -50px !important;background-image: url(https:\/\/alpenlodge.it\/wp-content\/uploads\/2018\/11\/2015032414_michela_esterno.jpg?id=1672) !important;background-position: center !important;background-repeat: no-repeat !important;background-size: cover !important;}\u00a0\u00bb el_class=\u00a0\u00bbnd_options_overflow_visible_important\u00a0\u00bb][vc_column][vc_row_inner css=\u00a0\u00bb.vc_custom_1486118361106{padding-top: 100px !important;padding-bottom: 100px !important;}\u00a0\u00bb el_class=\u00a0\u00bbnd_options_bg_greydark_alpha_gradient_3&Prime;][vc_column_inner width=\u00a0\u00bb1\/4&Prime;][\/vc_column_inner][vc_column_inner width=\u00a0\u00bb1\/2&Prime; css=\u00a0\u00bb.vc_custom_1542886752093{padding-top: 20px !important;padding-right: 20px !important;padding-bottom: 20px !important;padding-left: 20px !important;}\u00a0\u00bb] <h1 style=\"color:#ffffff;padding:px;text-align:center;font-size:55px;line-height:55px;letter-spacing: px;font-weight:lighter\" class=\"  nd_options_font_size_40_important_all_iphone nd_options_line_height_40_important_all_iphone nd_options_first_font \">CASA MICHELA HOUSE<\/h1> [\/vc_column_inner][vc_column_inner width=\u00a0\u00bb1\/4&Prime;][\/vc_column_inner][\/vc_row_inner][\/vc_column][\/vc_row][vc_row full_width=\u00a0\u00bbstretch_row_content\u00a0\u00bb][vc_column width=\u00a0\u00bb1\/12&Prime;][\/vc_column][vc_column width=\u00a0\u00bb1\/2&Prime; css=\u00a0\u00bb.vc_custom_1542887385685{margin-bottom: 10px !important;padding-top: 0px !important;}\u00a0\u00bb][vc_row_inner][vc_column_inner width=\u00a0\u00bb11\/12&Prime;]<div style=\"background-color:#ffffff;height: 20px\" class=\"nicdark_section  \"><\/div>[vc_column_text]<\/p>\n<p style=\"text-align: justify;\"><strong>Michela House<\/strong>, est un \u00e9difice r\u00e9cent (d\u00e9cembre 2003) qui offre la possibilit\u00e9 de passer des vacances fascinantes. Il est situ\u00e9 au d\u00e9part de nombreuses attractions propos\u00e9es aux clients de <strong>Livigno<\/strong>.<\/p>\n<p>&nbsp;<\/p>\n<p style=\"text-align: justify;\">Situ\u00e9 \u00e0 300 m\u00e8tres seulement de la zone pi\u00e9tonne et \u00e0 30 m\u00e8tres de la piste cyclable et pi\u00e9tonne, la structure d&rsquo;accueil se rep\u00e8re facilement et de loin gr\u00e2ce au fort contraste entre son bois et ses pierres. La position de Michela House est id\u00e9ale car elle permet facilement d&rsquo;atteindre les remont\u00e9es m\u00e9caniques (ski in-ski out) et les pistes de ski de fond directement sans d\u00e9chausser ses skis.<\/p>\n<p>&nbsp;<\/p>\n<p style=\"text-align: justify;\">La maison est particuli\u00e8rement accueillante. Elle dispose de d\u00e9p\u00f4ts de skis, de placards priv\u00e9s dot\u00e9s de s\u00e9choirs chauffants pour chaussures de ski, d&rsquo;un d\u00e9p\u00f4t de bicyclettes et d&rsquo;une zone de buanderie. Elle peut accueillir, dans deux appartements,<strong> 8 personnes<\/strong> pour lesquelles le propri\u00e9taire a pens\u00e9 \u00e0 tout. Les appartements sont en effet extr\u00eamement pratiques, relaxants et dot\u00e9s de tous les conforts.<\/p>\n<p>&nbsp;<\/p>\n<p style=\"text-align: justify;\">Les h\u00f4tes de Michela House auront l&rsquo;impression d&rsquo;\u00eatre chez eux.<\/p>\n<p>[\/vc_column_text][\/vc_column_inner][vc_column_inner width=\u00a0\u00bb1\/12&Prime;][\/vc_column_inner][\/vc_row_inner][\/vc_column][vc_column width=\u00a0\u00bb1\/3&Prime;][vc_gmaps link=\u00a0\u00bb#E-8_JTNDaWZyYW1lJTIwc3JjJTNEJTIyaHR0cHMlM0ElMkYlMkZ3d3cuZ29vZ2xlLmNvbSUyRm1hcHMlMkZlbWJlZCUzRnBiJTNEJTIxMW0xNCUyMTFtOCUyMTFtMyUyMTFkMTE1NjQuODg3Mjc5MzAyNzY2JTIxMmQxMC4xMDk0MDc1OTA2MDM1ODMlMjEzZDQ2LjUzMjY3NTg3MTMzNjcxNCUyMTNtMiUyMTFpMTAyNCUyMTJpNzY4JTIxNGYxMy4xJTIxM20zJTIxMW0yJTIxMXMweDQ3ODM2ZGY4NjM0ZWFmOGQlMjUzQTB4NjMxYjk3MTE3NjA3YzQwYyUyMTJzVmlhJTJCUmluJTI1MkMlMkIzMzclMjUyQyUyQjIzMDMwJTJCTGl2aWdubyUyQlNPJTIxNWUwJTIxM20yJTIxMXNpdCUyMTJzaXQlMjE0djE1NDE2NjU0NzEwNTAlMjIlMjB3aWR0aCUzRCUyMjYwMCUyMiUyMGhlaWdodCUzRCUyMjQ1MCUyMiUyMGZyYW1lYm9yZGVyJTNEJTIyMCUyMiUyMHN0eWxlJTNEJTIyYm9yZGVyJTNBMCUyMiUyMGFsbG93ZnVsbHNjcmVlbiUzRSUzQyUyRmlmcmFtZSUzRQ==\u00a0\u00bb][\/vc_column][vc_column width=\u00a0\u00bb1\/12&Prime;][\/vc_column][\/vc_row][vc_row][vc_column width=\u00a0\u00bb1\/12&Prime;][\/vc_column][vc_column width=\u00a0\u00bb5\/6&Prime;]<div style=\"background-color:#f1f1f1;height: 1px\" class=\"nicdark_section  \"><\/div><div style=\"background-color:;height: 30px\" class=\"nicdark_section  \"><\/div>[vc_custom_heading text=\u00a0\u00bbAppartements Michela House &#8211; Livigno\u00a0\u00bb font_container=\u00a0\u00bbtag:h3|font_size:40|text_align:center|line_height:1&Prime; use_theme_fonts=\u00a0\u00bbyes\u00a0\u00bb]<div style=\"background-color:;height: 30px\" class=\"nicdark_section  \"><\/div>[vc_row_inner][vc_column_inner][vc_basic_grid post_type=\u00a0\u00bbids\u00a0\u00bb item=\u00a0\u00bb5432&Prime; grid_id=\u00a0\u00bbvc_gid:1552557254028-1c1966c4-821e-4&Prime; include=\u00a0\u00bb1867&Prime;][\/vc_column_inner][\/vc_row_inner][\/vc_column][vc_column width=\u00a0\u00bb1\/12&Prime;][\/vc_column][\/vc_row]<\/p>\n<\/div>","protected":false},"excerpt":{"rendered":"<p>[vc_row full_width=\u00a0\u00bbstretch_row_content_no_spaces\u00a0\u00bb css=\u00a0\u00bb.vc_custom_1548938589460{margin-top: -50px !important;background-image: url(https:\/\/alpenlodge.it\/wp-content\/uploads\/2018\/11\/2015032414_michela_esterno.jpg?id=1672) !important;background-position: center !important;background-repeat: no-repeat !important;background-size: cover !important;}\u00a0\u00bb el_class=\u00a0\u00bbnd_options_overflow_visible_important\u00a0\u00bb][vc_column][vc_row_inner css=\u00a0\u00bb.vc_custom_1486118361106{padding-top: 100px !important;padding-bottom: 100px !important;}\u00a0\u00bb el_class=\u00a0\u00bbnd_options_bg_greydark_alpha_gradient_3&Prime;][vc_column_inner width=\u00a0\u00bb1\/4&Prime;][\/vc_column_inner][vc_column_inner width=\u00a0\u00bb1\/2&Prime; css=\u00a0\u00bb.vc_custom_1542886752093{padding-top: 20px !important;padding-right: 20px !important;padding-bottom: 20px !important;padding-left: 20px !important;}\u00a0\u00bb][\/vc_column_inner][vc_column_inner width=\u00a0\u00bb1\/4&Prime;][\/vc_column_inner][\/vc_row_inner][\/vc_column][\/vc_row][vc_row full_width=\u00a0\u00bbstretch_row_content\u00a0\u00bb][vc_column width=\u00a0\u00bb1\/12&Prime;][\/vc_column][vc_column width=\u00a0\u00bb1\/2&Prime; css=\u00a0\u00bb.vc_custom_1542887385685{margin-bottom: 10px !important;padding-top: 0px !important;}\u00a0\u00bb][vc_row_inner][vc_column_inner width=\u00a0\u00bb11\/12&Prime;][vc_column_text] Michela House, est un \u00e9difice r\u00e9cent (d\u00e9cembre 2003) qui offre la possibilit\u00e9 de passer [&hellip;]<\/p>\n","protected":false},"author":1,"featured_media":5796,"parent":0,"menu_order":0,"comment_status":"closed","ping_status":"closed","template":"","meta":{"footnotes":""},"class_list":["post-5584","page","type-page","status-publish","has-post-thumbnail","hentry"],"yoast_head":"<!-- This site is optimized with the Yoast SEO plugin v27.5 - https:\/\/yoast.com\/product\/yoast-seo-wordpress\/ -->\n<title>Michela House - Alpenlodge Appartamenti Livigno<\/title>\n<meta name=\"robots\" content=\"index, follow, max-snippet:-1, max-image-preview:large, max-video-preview:-1\" \/>\n<link rel=\"canonical\" href=\"https:\/\/alpenlodge.it\/michela-house-livigno\/\" \/>\n<meta property=\"og:locale\" content=\"fr_FR\" \/>\n<meta property=\"og:type\" content=\"article\" \/>\n<meta property=\"og:title\" content=\"Michela House - Alpenlodge Appartamenti Livigno\" \/>\n<meta property=\"og:description\" content=\"[vc_row full_width=\u00a0\u00bbstretch_row_content_no_spaces\u00a0\u00bb css=\u00a0\u00bb.vc_custom_1548938589460{margin-top: -50px !important;background-image: url(https:\/\/alpenlodge.it\/wp-content\/uploads\/2018\/11\/2015032414_michela_esterno.jpg?id=1672) !important;background-position: center !important;background-repeat: no-repeat !important;background-size: cover !important;}\u00a0\u00bb el_class=\u00a0\u00bbnd_options_overflow_visible_important\u00a0\u00bb][vc_column][vc_row_inner css=\u00a0\u00bb.vc_custom_1486118361106{padding-top: 100px !important;padding-bottom: 100px !important;}\u00a0\u00bb el_class=\u00a0\u00bbnd_options_bg_greydark_alpha_gradient_3&Prime;][vc_column_inner width=\u00a0\u00bb1\/4&Prime;][\/vc_column_inner][vc_column_inner width=\u00a0\u00bb1\/2&Prime; css=\u00a0\u00bb.vc_custom_1542886752093{padding-top: 20px !important;padding-right: 20px !important;padding-bottom: 20px !important;padding-left: 20px !important;}\u00a0\u00bb][\/vc_column_inner][vc_column_inner width=\u00a0\u00bb1\/4&Prime;][\/vc_column_inner][\/vc_row_inner][\/vc_column][\/vc_row][vc_row full_width=\u00a0\u00bbstretch_row_content\u00a0\u00bb][vc_column width=\u00a0\u00bb1\/12&Prime;][\/vc_column][vc_column width=\u00a0\u00bb1\/2&Prime; css=\u00a0\u00bb.vc_custom_1542887385685{margin-bottom: 10px !important;padding-top: 0px !important;}\u00a0\u00bb][vc_row_inner][vc_column_inner width=\u00a0\u00bb11\/12&Prime;][vc_column_text] Michela House, est un \u00e9difice r\u00e9cent (d\u00e9cembre 2003) qui offre la possibilit\u00e9 de passer [&hellip;]\" \/>\n<meta property=\"og:url\" content=\"https:\/\/alpenlodge.it\/michela-house-livigno\/\" \/>\n<meta property=\"og:site_name\" content=\"Alpenlodge Appartamenti Livigno\" \/>\n<meta property=\"article:publisher\" content=\"https:\/\/www.facebook.com\/profile.php?id=100025235413120\" \/>\n<meta property=\"article:modified_time\" content=\"2020-10-02T10:44:07+00:00\" \/>\n<meta property=\"og:image\" content=\"https:\/\/alpenlodge.it\/wp-content\/uploads\/2019\/03\/2014102810_michela-house1big.jpg\" \/>\n\t<meta property=\"og:image:width\" content=\"600\" \/>\n\t<meta property=\"og:image:height\" content=\"441\" \/>\n\t<meta property=\"og:image:type\" content=\"image\/jpeg\" \/>\n<meta name=\"twitter:card\" content=\"summary_large_image\" \/>\n<meta name=\"twitter:label1\" content=\"Dur\u00e9e de lecture estim\u00e9e\" \/>\n\t<meta name=\"twitter:data1\" content=\"3 minutes\" \/>\n<!-- \/ Yoast SEO plugin. -->","yoast_head_json":{"title":"Michela House - Alpenlodge Appartamenti Livigno","robots":{"index":"index","follow":"follow","max-snippet":"max-snippet:-1","max-image-preview":"max-image-preview:large","max-video-preview":"max-video-preview:-1"},"canonical":"https:\/\/alpenlodge.it\/michela-house-livigno\/","og_locale":"fr_FR","og_type":"article","og_title":"Michela House - Alpenlodge Appartamenti Livigno","og_description":"[vc_row full_width=\u00a0\u00bbstretch_row_content_no_spaces\u00a0\u00bb css=\u00a0\u00bb.vc_custom_1548938589460{margin-top: -50px !important;background-image: url(https:\/\/alpenlodge.it\/wp-content\/uploads\/2018\/11\/2015032414_michela_esterno.jpg?id=1672) !important;background-position: center !important;background-repeat: no-repeat !important;background-size: cover !important;}\u00a0\u00bb el_class=\u00a0\u00bbnd_options_overflow_visible_important\u00a0\u00bb][vc_column][vc_row_inner css=\u00a0\u00bb.vc_custom_1486118361106{padding-top: 100px !important;padding-bottom: 100px !important;}\u00a0\u00bb el_class=\u00a0\u00bbnd_options_bg_greydark_alpha_gradient_3&Prime;][vc_column_inner width=\u00a0\u00bb1\/4&Prime;][\/vc_column_inner][vc_column_inner width=\u00a0\u00bb1\/2&Prime; css=\u00a0\u00bb.vc_custom_1542886752093{padding-top: 20px !important;padding-right: 20px !important;padding-bottom: 20px !important;padding-left: 20px !important;}\u00a0\u00bb][\/vc_column_inner][vc_column_inner width=\u00a0\u00bb1\/4&Prime;][\/vc_column_inner][\/vc_row_inner][\/vc_column][\/vc_row][vc_row full_width=\u00a0\u00bbstretch_row_content\u00a0\u00bb][vc_column width=\u00a0\u00bb1\/12&Prime;][\/vc_column][vc_column width=\u00a0\u00bb1\/2&Prime; css=\u00a0\u00bb.vc_custom_1542887385685{margin-bottom: 10px !important;padding-top: 0px !important;}\u00a0\u00bb][vc_row_inner][vc_column_inner width=\u00a0\u00bb11\/12&Prime;][vc_column_text] Michela House, est un \u00e9difice r\u00e9cent (d\u00e9cembre 2003) qui offre la possibilit\u00e9 de passer [&hellip;]","og_url":"https:\/\/alpenlodge.it\/michela-house-livigno\/","og_site_name":"Alpenlodge Appartamenti Livigno","article_publisher":"https:\/\/www.facebook.com\/profile.php?id=100025235413120","article_modified_time":"2020-10-02T10:44:07+00:00","og_image":[{"width":600,"height":441,"url":"https:\/\/alpenlodge.it\/wp-content\/uploads\/2019\/03\/2014102810_michela-house1big.jpg","type":"image\/jpeg"}],"twitter_card":"summary_large_image","twitter_misc":{"Dur\u00e9e de lecture estim\u00e9e":"3 minutes"},"schema":{"@context":"https:\/\/schema.org","@graph":[{"@type":"WebPage","@id":"https:\/\/alpenlodge.it\/michela-house-livigno\/","url":"https:\/\/alpenlodge.it\/michela-house-livigno\/","name":"Michela House - Alpenlodge Appartamenti Livigno","isPartOf":{"@id":"https:\/\/alpenlodge.it\/#website"},"primaryImageOfPage":{"@id":"https:\/\/alpenlodge.it\/michela-house-livigno\/#primaryimage"},"image":{"@id":"https:\/\/alpenlodge.it\/michela-house-livigno\/#primaryimage"},"thumbnailUrl":"https:\/\/alpenlodge.it\/wp-content\/uploads\/2019\/03\/2014102810_michela-house1big.jpg","datePublished":"2019-02-22T09:56:51+00:00","dateModified":"2020-10-02T10:44:07+00:00","breadcrumb":{"@id":"https:\/\/alpenlodge.it\/michela-house-livigno\/#breadcrumb"},"inLanguage":"fr-FR","potentialAction":[{"@type":"ReadAction","target":["https:\/\/alpenlodge.it\/michela-house-livigno\/"]}]},{"@type":"ImageObject","inLanguage":"fr-FR","@id":"https:\/\/alpenlodge.it\/michela-house-livigno\/#primaryimage","url":"https:\/\/alpenlodge.it\/wp-content\/uploads\/2019\/03\/2014102810_michela-house1big.jpg","contentUrl":"https:\/\/alpenlodge.it\/wp-content\/uploads\/2019\/03\/2014102810_michela-house1big.jpg","width":600,"height":441},{"@type":"BreadcrumbList","@id":"https:\/\/alpenlodge.it\/michela-house-livigno\/#breadcrumb","itemListElement":[{"@type":"ListItem","position":1,"name":"Home","item":"https:\/\/alpenlodge.it\/fr\/"},{"@type":"ListItem","position":2,"name":"Michela House"}]},{"@type":"WebSite","@id":"https:\/\/alpenlodge.it\/#website","url":"https:\/\/alpenlodge.it\/","name":"Alpenlodge Appartamenti Livigno","description":"","publisher":{"@id":"https:\/\/alpenlodge.it\/#organization"},"potentialAction":[{"@type":"SearchAction","target":{"@type":"EntryPoint","urlTemplate":"https:\/\/alpenlodge.it\/?s={search_term_string}"},"query-input":{"@type":"PropertyValueSpecification","valueRequired":true,"valueName":"search_term_string"}}],"inLanguage":"fr-FR"},{"@type":"Organization","@id":"https:\/\/alpenlodge.it\/#organization","name":"Alpenlodge Appartamenti Livigno","url":"https:\/\/alpenlodge.it\/","logo":{"@type":"ImageObject","inLanguage":"fr-FR","@id":"https:\/\/alpenlodge.it\/#\/schema\/logo\/image\/","url":"https:\/\/alpenlodge.it\/wp-content\/uploads\/2018\/11\/alpenlodge-logo.png","contentUrl":"https:\/\/alpenlodge.it\/wp-content\/uploads\/2018\/11\/alpenlodge-logo.png","width":438,"height":129,"caption":"Alpenlodge Appartamenti Livigno"},"image":{"@id":"https:\/\/alpenlodge.it\/#\/schema\/logo\/image\/"},"sameAs":["https:\/\/www.facebook.com\/profile.php?id=100025235413120"]}]}},"_links":{"self":[{"href":"https:\/\/alpenlodge.it\/fr\/wp-json\/wp\/v2\/pages\/5584","targetHints":{"allow":["GET"]}}],"collection":[{"href":"https:\/\/alpenlodge.it\/fr\/wp-json\/wp\/v2\/pages"}],"about":[{"href":"https:\/\/alpenlodge.it\/fr\/wp-json\/wp\/v2\/types\/page"}],"author":[{"embeddable":true,"href":"https:\/\/alpenlodge.it\/fr\/wp-json\/wp\/v2\/users\/1"}],"replies":[{"embeddable":true,"href":"https:\/\/alpenlodge.it\/fr\/wp-json\/wp\/v2\/comments?post=5584"}],"version-history":[{"count":0,"href":"https:\/\/alpenlodge.it\/fr\/wp-json\/wp\/v2\/pages\/5584\/revisions"}],"wp:featuredmedia":[{"embeddable":true,"href":"https:\/\/alpenlodge.it\/fr\/wp-json\/wp\/v2\/media\/5796"}],"wp:attachment":[{"href":"https:\/\/alpenlodge.it\/fr\/wp-json\/wp\/v2\/media?parent=5584"}],"curies":[{"name":"wp","href":"https:\/\/api.w.org\/{rel}","templated":true}]}}