{"id":5469,"date":"2019-02-19T12:32:53","date_gmt":"2019-02-19T12:32:53","guid":{"rendered":"https:\/\/alpenlodge.it\/?page_id=5469"},"modified":"2024-12-18T11:13:24","modified_gmt":"2024-12-18T11:13:24","slug":"contacts","status":"publish","type":"page","link":"https:\/\/alpenlodge.it\/fr\/contacts\/","title":{"rendered":"Contacts"},"content":{"rendered":"<div class=\"wpb-content-wrapper\"><p>[vc_row full_width=\u00a0\u00bbstretch_row_content_no_spaces\u00a0\u00bb css=\u00a0\u00bb.vc_custom_1548938536818{margin-top: -50px !important;background-image: url(https:\/\/alpenlodge.it\/wp-content\/uploads\/2018\/11\/2014112820_Warm-App1-2.jpg?id=1830) !important;background-position: center !important;background-repeat: no-repeat !important;background-size: cover !important;}\u00a0\u00bb el_class=\u00a0\u00bbnd_options_overflow_visible_important\u00a0\u00bb][vc_column][vc_row_inner css=\u00a0\u00bb.vc_custom_1486118361106{padding-top: 100px !important;padding-bottom: 100px !important;}\u00a0\u00bb el_class=\u00a0\u00bbnd_options_bg_greydark_alpha_gradient_3&Prime;][vc_column_inner width=\u00a0\u00bb1\/3&Prime;][\/vc_column_inner][vc_column_inner width=\u00a0\u00bb1\/3&Prime; css=\u00a0\u00bb.vc_custom_1486118458781{padding: 20px !important;}\u00a0\u00bb] <h1 style=\"color:#ffffff;padding:px;text-align:center;font-size:40px;line-height:55px;letter-spacing: px;font-weight:lighter\" class=\"  nd_options_font_size_40_important_all_iphone nd_options_line_height_40_important_all_iphone nd_options_first_font \">ALPENLODGE*** APARTMENTS LIVIGNO<\/h1> <div style=\"background-color:;height: 30px\" class=\"nicdark_section  \"><\/div> <h2 style=\"color:#ffffff;padding:px;text-align:center;font-size:25px;line-height:55px;letter-spacing: px;font-weight:lighter\" class=\"  nd_options_font_size_40_important_all_iphone nd_options_line_height_40_important_all_iphone nd_options_first_font \">CONTACTS ET INFORMATIONS<\/h2> [\/vc_column_inner][vc_column_inner width=\u00a0\u00bb1\/3&Prime;][\/vc_column_inner][\/vc_row_inner][\/vc_column][\/vc_row][vc_row][vc_column offset=\u00a0\u00bbvc_hidden-sm vc_hidden-xs\u00a0\u00bb][vc_column_text css=\u00a0\u00bb.vc_custom_1547550492999{margin-top: -60px !important;}\u00a0\u00bb]\n    <div id=\"booking-box\" style=\"display:block;width:100%;\">\n      <div class=\"container bookingContainer\">\n<div class=\"row\">\n        <form name=\"formWuBook\" id=\"formWuBook\" method=\"get\" action=\"https:\/\/wubook.net\/wbkd\/wbk\/\" target=\"_blank\">\n          <input type=\"hidden\" name=\"lcode\" value=\"1381181660\" \/>\n        <div class=\"col-md-3\" style=\"float:left;background-color: #78635a;color: #fff;padding: 20px;text-align: center;letter-spacing: 2px;font-size: 16px;font-family:Poppins;\"> BOOKING ONLINE<\/div>\n        <div class=\"input-date col-md-2\">\n          <label style=\"text-align: center;display: block;letter-spacing: 2px;font-weight: bolder;font-size: 16px;\">Arrivo<\/label>\n          <input id=\"dfrom\" type=\"text\" name=\"dfrom\" class=\"dateinput\" value=\"\" \/>\n        <\/div>\n        <div class=\"input-date col-md-2\">\n        \t<label style=\"text-align: center;display: block;letter-spacing: 2px;font-weight: bolder;font-size: 16px;\">Partenza<\/label>\n        \t<input id=\"dto\" type=\"text\" name=\"dto\" class=\"dateinput\" value=\"\" \/>\n        <\/div>\n        <div class=\"col-md-2\" style=\"float:left\">\n\t\t<img decoding=\"async\" id=\"img_booking\" src=\"https:\/\/www.alpenlodge.it\/wp-content\/uploads\/2019\/01\/appartamenti-livigno-booking-alpenlodge.png\"  alt=\"Alpenlodge Apartmens Livigno Reservation Cards\">\n        <\/div>\n        <div class=\"col-md-3\" id=\"input-button\">\n         <button class=\"wb-submit col\" id=\"check-button\" type=\"submit\">Mostra disponibilit\u00e0<\/button>\n        <\/div>\n        <\/form>\n\n<\/div>\n      <\/div><!-- \/.container -->\n    <\/div><!-- \/.booking-box -->\n\t<script src=\"https:\/\/alpenlodge.it\/wp-content\/plugins\/wubook-shortcode\/wubook-script.js\"><\/script>[\/vc_column_text][\/vc_column][\/vc_row][vc_row][vc_column width=\u00a0\u00bb2\/3&Prime;] <p style=\"color:;padding:px;text-align:;font-size:35px;line-height:px;letter-spacing: px;font-weight:normal\" class=\"    \">Demande d'information<\/p> <div style=\"background-color:;height: 30px\" class=\"nicdark_section  \"><\/div>[vc_column_text]<\/p>\n<p class=\"p1\">Contact us for any request, request a free no-obligation quote.<\/p>\n<p class=\"p1\">You will be contacted as soon as possible.<\/p>\n<p>&nbsp;<\/p>\n<p class=\"p1\">\n<div class=\"wpcf7 no-js\" id=\"wpcf7-f4288-o1\" lang=\"it-IT\" dir=\"ltr\" data-wpcf7-id=\"4288\">\n<div class=\"screen-reader-response\"><p role=\"status\" aria-live=\"polite\" aria-atomic=\"true\"><\/p> <ul><\/ul><\/div>\n<form action=\"\/fr\/wp-json\/wp\/v2\/pages\/5469#wpcf7-f4288-o1\" method=\"post\" class=\"wpcf7-form init\" aria-label=\"Modulo di contatto\" novalidate=\"novalidate\" data-status=\"init\">\n<fieldset class=\"hidden-fields-container\"><input type=\"hidden\" name=\"_wpcf7\" value=\"4288\" \/><input type=\"hidden\" name=\"_wpcf7_version\" value=\"6.1.5\" \/><input type=\"hidden\" name=\"_wpcf7_locale\" value=\"it_IT\" \/><input type=\"hidden\" name=\"_wpcf7_unit_tag\" value=\"wpcf7-f4288-o1\" \/><input type=\"hidden\" name=\"_wpcf7_container_post\" value=\"0\" \/><input type=\"hidden\" name=\"_wpcf7_posted_data_hash\" value=\"\" \/><input type=\"hidden\" name=\"_wpcf7_recaptcha_response\" value=\"\" \/>\n<\/fieldset>\n<div class=\"container\">\n<div class=\"row\">\n<div class=\"col-md-4\"><span class=\"wpcf7-form-control-wrap\" data-name=\"your-name\"><input size=\"20\" maxlength=\"400\" class=\"wpcf7-form-control wpcf7-text\" aria-invalid=\"false\" placeholder=\"Name\" value=\"\" type=\"text\" name=\"your-name\" \/><\/span> <\/div>\n<div class=\"col-md-4 offset-md-2\"><span class=\"wpcf7-form-control-wrap\" data-name=\"your-surname\"><input size=\"20\" maxlength=\"400\" class=\"wpcf7-form-control wpcf7-text wpcf7-validates-as-required\" aria-required=\"true\" aria-invalid=\"false\" placeholder=\"Surname*\" value=\"\" type=\"text\" name=\"your-surname\" \/><\/span> <\/div>\n<\/div>\n\n<div class=\"row\">\n<div class=\"col-md-4\"><span class=\"wpcf7-form-control-wrap\" data-name=\"your-email\"><input size=\"20\" maxlength=\"400\" class=\"wpcf7-form-control wpcf7-email wpcf7-validates-as-required wpcf7-text wpcf7-validates-as-email\" aria-required=\"true\" aria-invalid=\"false\" placeholder=\"Email*\" value=\"\" type=\"email\" name=\"your-email\" \/><\/span><\/div>\n<div class=\"col-md-4 offset-md-2\">\n<span class=\"wpcf7-form-control-wrap\" data-name=\"numeropersone\"><input size=\"20\" maxlength=\"400\" class=\"wpcf7-form-control wpcf7-text wpcf7-validates-as-required\" aria-required=\"true\" aria-invalid=\"false\" placeholder=\"N. people*\" value=\"\" type=\"text\" name=\"numeropersone\" \/><\/span><\/div>\n<\/div>\n\n<div class=\"row\">\n<div class=\"col-md-4\">\n<span class=\"wpcf7-form-control-wrap\" data-name=\"Indirizzo\"><input size=\"20\" maxlength=\"400\" class=\"wpcf7-form-control wpcf7-text\" aria-invalid=\"false\" placeholder=\"Address\" value=\"\" type=\"text\" name=\"Indirizzo\" \/><\/span>\n<\/div>\n<div class=\"col-md-4 offset-md-2\">\n<span class=\"wpcf7-form-control-wrap\" data-name=\"cap\"><input size=\"20\" maxlength=\"400\" class=\"wpcf7-form-control wpcf7-text\" aria-invalid=\"false\" placeholder=\"C.A.P.\" value=\"\" type=\"text\" name=\"cap\" \/><\/span>\n<\/div>\n<\/div>\n\n<div class=\"row\">\n<div class=\"col-md-4\"><span class=\"wpcf7-form-control-wrap\" data-name=\"citta\"><input size=\"20\" maxlength=\"400\" class=\"wpcf7-form-control wpcf7-text\" aria-invalid=\"false\" placeholder=\"City\" value=\"\" type=\"text\" name=\"citta\" \/><\/span><\/div>\n<div class=\"col-md-4 offset-md-2\"><span class=\"wpcf7-form-control-wrap\" data-name=\"nazione\"><input size=\"20\" maxlength=\"400\" class=\"wpcf7-form-control wpcf7-text\" aria-invalid=\"false\" placeholder=\"Country\" value=\"\" type=\"text\" name=\"nazione\" \/><\/span><\/div>\n<\/div>\n\n<div class=\"row\">\n<div class=\"col-md-4\"><span class=\"wpcf7-form-control-wrap\" data-name=\"telefono\"><input size=\"20\" maxlength=\"400\" class=\"wpcf7-form-control wpcf7-tel wpcf7-text wpcf7-validates-as-tel\" aria-invalid=\"false\" placeholder=\"Telephone\" value=\"\" type=\"tel\" name=\"telefono\" \/><\/span><\/div>\n<div class=\"col-md-4 offset-md-2\">\n<span class=\"wpcf7-form-control-wrap\" data-name=\"Scegliappartamento\"><select class=\"wpcf7-form-control wpcf7-select wpcf7-validates-as-required\" id=\"Scegliappartamento\" aria-required=\"true\" aria-invalid=\"false\" name=\"Scegliappartamento\"><option value=\"\">Choose apartment<\/option><option value=\"all\">all<\/option><option value=\"Li Zeta\">Li Zeta<\/option><option value=\"Blesaccia Superior\">Blesaccia Superior<\/option><option value=\"Blessaccia Deluxe\">Blessaccia Deluxe<\/option><option value=\"Zuelli\">Zuelli<\/option><\/select><\/span>\n<\/div>\n<\/div>\n\n<div class=\"row\">\n<div class=\"col-md-4\"><span>Check-in*<\/span>\n<span class=\"wpcf7-form-control-wrap\" data-name=\"datadiarrivo\"><input class=\"wpcf7-form-control wpcf7-date wpcf7-validates-as-required wpcf7-validates-as-date\" id=\"datadiarrivo\" aria-required=\"true\" aria-invalid=\"false\" value=\"\" type=\"date\" name=\"datadiarrivo\" \/><\/span><\/div>\n<div class=\"col-md-4 offset-md-2\">\n<span>Check-out*<\/span>\n<span class=\"wpcf7-form-control-wrap\" data-name=\"date-partenza\"><input class=\"wpcf7-form-control wpcf7-date wpcf7-validates-as-required wpcf7-validates-as-date\" id=\"date-partenza\" aria-required=\"true\" aria-invalid=\"false\" value=\"\" type=\"date\" name=\"date-partenza\" \/><\/span><\/div>\n<\/div>\n\n<div class=\"row\">\n<div class=\"col-md-12\"><span class=\"wpcf7-form-control-wrap\" data-name=\"your-message\"><textarea cols=\"53\" rows=\"10\" maxlength=\"2000\" class=\"wpcf7-form-control wpcf7-textarea\" id=\"messaggio\" aria-invalid=\"false\" placeholder=\"Message\" name=\"your-message\"><\/textarea><\/span><\/div>\n<\/div>\n\n<input class=\"wpcf7-form-control wpcf7-submit has-spinner\" type=\"submit\" value=\"Send\" \/>\n<\/div><div class=\"wpcf7-response-output\" aria-hidden=\"true\"><\/div>\n<\/form>\n<\/div>\n<p>[\/vc_column_text][vc_column_text]<\/p>\n<div class=\"txt\"><em>Conform\u00e9ment au d\u00e9cret l\u00e9gislatif italien 196\/03, en cliquant sur la touche \u00ab\u00a0ENVOI\u00a0\u00bb, vous acceptez les conditions sur la confidentialit\u00e9.<br \/>\nLes champs marqu\u00e9s d\u2019un * sont obligatoires<\/em><\/div>\n<p>[\/vc_column_text][\/vc_column][vc_column width=\u00a0\u00bb1\/3&Prime;]<div style=\"background-color:;height: 30px\" class=\"nicdark_section  \"><\/div>[vc_column_text]Via Rin, 421, 23030 Livigno Sondrio<br \/>\nMORETTI LUCA<br \/>\nCIN : IT014037C2FFHSMIAN<br \/>\nMORETTI MICHELA<br \/>\nCIN : IT014037C23HXB4IEM<\/p>\n<p>Longitude: 10.1291370391846<br \/>\nLatitude: 46.5316166800459<\/p>\n<p>Telefono: <a href=\"tel:+393336863848\">+39 333 6863848<\/a>\u00a0Michela Moretti<br \/>\nE-mail:\u00a0 <a href=\"mailto:info@alpenlodge.it\">info@alpenlodge.it<\/a>[\/vc_column_text][vc_column_text]<iframe loading=\"lazy\" style=\"border: 0;\" src=\"https:\/\/www.google.com\/maps\/embed?pb=!1m18!1m12!1m3!1d2744.8074983564416!2d10.126979215593554!3d46.531710979128015!2m3!1f0!2f0!3f0!3m2!1i1024!2i768!4f13.1!3m3!1m2!1s0x47836df87e806609%3A0x94a4a24c28c1ec98!2sAlpenLodge!5e0!3m2!1sit!2sit!4v1548064853440\" width=\"350\" height=\"690\" frameborder=\"0\" allowfullscreen=\"allowfullscreen\" data-mce-fragment=\"1\"><\/iframe>[\/vc_column_text][\/vc_column][\/vc_row][vc_row full_width=\u00a0\u00bbstretch_row\u00a0\u00bb parallax=\u00a0\u00bbcontent-moving\u00a0\u00bb parallax_image=\u00a0\u00bb5268&Prime; css=\u00a0\u00bb.vc_custom_1634109756016{padding-top: 50px !important;padding-bottom: 50px !important;}\u00a0\u00bb el_class=\u00a0\u00bbnd_options_vc_parallax_filter_2_2&Prime;][vc_column] <p style=\"color:#ffffff;padding:px;text-align:center;font-size:35px;line-height:55px;letter-spacing: px;font-weight:lighter\" class=\"  nd_options_font_size_40_important_all_iphone nd_options_line_height_40_important_all_iphone nd_options_first_font \">Alpenlodge*** Apartments Livigno<\/p> [vc_row_inner][vc_column_inner width=\u00a0\u00bb1\/4&Prime; css=\u00a0\u00bb.vc_custom_1469630269458{padding-top: 10px !important;padding-bottom: 10px !important;}\u00a0\u00bb] <p style=\"color:#ffffff;padding:px;text-align:center;font-size:50px;line-height:30px;letter-spacing: 2px;font-weight:lighter\" class=\"   nd_options_second_font \">3<\/p> <div style=\"background-color:;height: 20px\" class=\"nicdark_section  \"><\/div> <p style=\"color:#ffffff;padding:px;text-align:center;font-size:15px;line-height:30px;letter-spacing: 2px;font-weight:lighter\" class=\"   nd_options_second_font \">LODGES<\/p> [\/vc_column_inner][vc_column_inner width=\u00a0\u00bb1\/4&Prime; css=\u00a0\u00bb.vc_custom_1469630276028{padding-top: 10px !important;padding-bottom: 10px !important;}\u00a0\u00bb] <p style=\"color:#ffffff;padding:px;text-align:center;font-size:50px;line-height:30px;letter-spacing: 2px;font-weight:lighter\" class=\"   nd_options_second_font \">8<\/p> <div style=\"background-color:;height: 20px\" class=\"nicdark_section  \"><\/div> <p style=\"color:#ffffff;padding:px;text-align:center;font-size:15px;line-height:30px;letter-spacing: 2px;font-weight:lighter\" class=\"   nd_options_second_font \">APARTMENTS<\/p> [\/vc_column_inner][vc_column_inner width=\u00a0\u00bb1\/4&Prime; css=\u00a0\u00bb.vc_custom_1469630283566{padding-top: 10px !important;padding-bottom: 10px !important;}\u00a0\u00bb] <p style=\"color:#ffffff;padding:px;text-align:center;font-size:50px;line-height:30px;letter-spacing: 2px;font-weight:lighter\" class=\"   nd_options_second_font \">46<\/p> <div style=\"background-color:;height: 20px\" class=\"nicdark_section  \"><\/div> <p style=\"color:#ffffff;padding:px;text-align:center;font-size:15px;line-height:30px;letter-spacing: 2px;font-weight:lighter\" class=\"   nd_options_second_font \">GUEST<\/p> [\/vc_column_inner][vc_column_inner width=\u00a0\u00bb1\/4&Prime; css=\u00a0\u00bb.vc_custom_1469630289168{padding-top: 10px !important;padding-bottom: 10px !important;}\u00a0\u00bb] <p style=\"color:#ffffff;padding:px;text-align:center;font-size:50px;line-height:30px;letter-spacing: 2px;font-weight:lighter\" class=\"   nd_options_second_font \">10<\/p> <div style=\"background-color:;height: 20px\" class=\"nicdark_section  \"><\/div> <p style=\"color:#ffffff;padding:px;text-align:center;font-size:15px;line-height:30px;letter-spacing: 2px;font-weight:lighter\" class=\"   nd_options_second_font \">CAR PLACES<\/p> [\/vc_column_inner][\/vc_row_inner][\/vc_column][\/vc_row]<\/p>\n<\/div>","protected":false},"excerpt":{"rendered":"<p>[vc_row full_width=\u00a0\u00bbstretch_row_content_no_spaces\u00a0\u00bb css=\u00a0\u00bb.vc_custom_1548938536818{margin-top: -50px !important;background-image: url(https:\/\/alpenlodge.it\/wp-content\/uploads\/2018\/11\/2014112820_Warm-App1-2.jpg?id=1830) !important;background-position: center !important;background-repeat: no-repeat !important;background-size: cover !important;}\u00a0\u00bb el_class=\u00a0\u00bbnd_options_overflow_visible_important\u00a0\u00bb][vc_column][vc_row_inner css=\u00a0\u00bb.vc_custom_1486118361106{padding-top: 100px !important;padding-bottom: 100px !important;}\u00a0\u00bb el_class=\u00a0\u00bbnd_options_bg_greydark_alpha_gradient_3&Prime;][vc_column_inner width=\u00a0\u00bb1\/3&Prime;][\/vc_column_inner][vc_column_inner width=\u00a0\u00bb1\/3&Prime; css=\u00a0\u00bb.vc_custom_1486118458781{padding: 20px !important;}\u00a0\u00bb][\/vc_column_inner][vc_column_inner width=\u00a0\u00bb1\/3&Prime;][\/vc_column_inner][\/vc_row_inner][\/vc_column][\/vc_row][vc_row][vc_column offset=\u00a0\u00bbvc_hidden-sm vc_hidden-xs\u00a0\u00bb][vc_column_text css=\u00a0\u00bb.vc_custom_1547550492999{margin-top: -60px !important;}\u00a0\u00bb][\/vc_column_text][\/vc_column][\/vc_row][vc_row][vc_column width=\u00a0\u00bb2\/3&Prime;][vc_column_text] Contact us for any request, request a free no-obligation quote. You will be contacted as soon as possible. &nbsp; [\/vc_column_text][vc_column_text] Conform\u00e9ment au d\u00e9cret [&hellip;]<\/p>\n","protected":false},"author":1,"featured_media":0,"parent":0,"menu_order":0,"comment_status":"closed","ping_status":"closed","template":"","meta":{"footnotes":""},"class_list":["post-5469","page","type-page","status-publish","hentry"],"yoast_head":"<!-- This site is optimized with the Yoast SEO plugin v27.5 - https:\/\/yoast.com\/product\/yoast-seo-wordpress\/ -->\n<title>Contacts - Alpenlodge Appartamenti Livigno<\/title>\n<meta name=\"robots\" content=\"index, follow, max-snippet:-1, max-image-preview:large, max-video-preview:-1\" \/>\n<link rel=\"canonical\" href=\"https:\/\/alpenlodge.it\/fr\/contacts\/\" \/>\n<meta property=\"og:locale\" content=\"fr_FR\" \/>\n<meta property=\"og:type\" content=\"article\" \/>\n<meta property=\"og:title\" content=\"Contacts - Alpenlodge Appartamenti Livigno\" \/>\n<meta property=\"og:description\" content=\"[vc_row full_width=\u00a0\u00bbstretch_row_content_no_spaces\u00a0\u00bb css=\u00a0\u00bb.vc_custom_1548938536818{margin-top: -50px !important;background-image: url(https:\/\/alpenlodge.it\/wp-content\/uploads\/2018\/11\/2014112820_Warm-App1-2.jpg?id=1830) !important;background-position: center !important;background-repeat: no-repeat !important;background-size: cover !important;}\u00a0\u00bb el_class=\u00a0\u00bbnd_options_overflow_visible_important\u00a0\u00bb][vc_column][vc_row_inner css=\u00a0\u00bb.vc_custom_1486118361106{padding-top: 100px !important;padding-bottom: 100px !important;}\u00a0\u00bb el_class=\u00a0\u00bbnd_options_bg_greydark_alpha_gradient_3&Prime;][vc_column_inner width=\u00a0\u00bb1\/3&Prime;][\/vc_column_inner][vc_column_inner width=\u00a0\u00bb1\/3&Prime; css=\u00a0\u00bb.vc_custom_1486118458781{padding: 20px !important;}\u00a0\u00bb][\/vc_column_inner][vc_column_inner width=\u00a0\u00bb1\/3&Prime;][\/vc_column_inner][\/vc_row_inner][\/vc_column][\/vc_row][vc_row][vc_column offset=\u00a0\u00bbvc_hidden-sm vc_hidden-xs\u00a0\u00bb][vc_column_text css=\u00a0\u00bb.vc_custom_1547550492999{margin-top: -60px !important;}\u00a0\u00bb][\/vc_column_text][\/vc_column][\/vc_row][vc_row][vc_column width=\u00a0\u00bb2\/3&Prime;][vc_column_text] Contact us for any request, request a free no-obligation quote. You will be contacted as soon as possible. &nbsp; [\/vc_column_text][vc_column_text] Conform\u00e9ment au d\u00e9cret [&hellip;]\" \/>\n<meta property=\"og:url\" content=\"https:\/\/alpenlodge.it\/fr\/contacts\/\" \/>\n<meta property=\"og:site_name\" content=\"Alpenlodge Appartamenti Livigno\" \/>\n<meta property=\"article:publisher\" content=\"https:\/\/www.facebook.com\/profile.php?id=100025235413120\" \/>\n<meta property=\"article:modified_time\" content=\"2024-12-18T11:13:24+00:00\" \/>\n<meta name=\"twitter:card\" content=\"summary_large_image\" \/>\n<meta name=\"twitter:label1\" content=\"Dur\u00e9e de lecture estim\u00e9e\" \/>\n\t<meta name=\"twitter:data1\" content=\"2 minutes\" \/>\n<!-- \/ Yoast SEO plugin. -->","yoast_head_json":{"title":"Contacts - Alpenlodge Appartamenti Livigno","robots":{"index":"index","follow":"follow","max-snippet":"max-snippet:-1","max-image-preview":"max-image-preview:large","max-video-preview":"max-video-preview:-1"},"canonical":"https:\/\/alpenlodge.it\/fr\/contacts\/","og_locale":"fr_FR","og_type":"article","og_title":"Contacts - Alpenlodge Appartamenti Livigno","og_description":"[vc_row full_width=\u00a0\u00bbstretch_row_content_no_spaces\u00a0\u00bb css=\u00a0\u00bb.vc_custom_1548938536818{margin-top: -50px !important;background-image: url(https:\/\/alpenlodge.it\/wp-content\/uploads\/2018\/11\/2014112820_Warm-App1-2.jpg?id=1830) !important;background-position: center !important;background-repeat: no-repeat !important;background-size: cover !important;}\u00a0\u00bb el_class=\u00a0\u00bbnd_options_overflow_visible_important\u00a0\u00bb][vc_column][vc_row_inner css=\u00a0\u00bb.vc_custom_1486118361106{padding-top: 100px !important;padding-bottom: 100px !important;}\u00a0\u00bb el_class=\u00a0\u00bbnd_options_bg_greydark_alpha_gradient_3&Prime;][vc_column_inner width=\u00a0\u00bb1\/3&Prime;][\/vc_column_inner][vc_column_inner width=\u00a0\u00bb1\/3&Prime; css=\u00a0\u00bb.vc_custom_1486118458781{padding: 20px !important;}\u00a0\u00bb][\/vc_column_inner][vc_column_inner width=\u00a0\u00bb1\/3&Prime;][\/vc_column_inner][\/vc_row_inner][\/vc_column][\/vc_row][vc_row][vc_column offset=\u00a0\u00bbvc_hidden-sm vc_hidden-xs\u00a0\u00bb][vc_column_text css=\u00a0\u00bb.vc_custom_1547550492999{margin-top: -60px !important;}\u00a0\u00bb][\/vc_column_text][\/vc_column][\/vc_row][vc_row][vc_column width=\u00a0\u00bb2\/3&Prime;][vc_column_text] Contact us for any request, request a free no-obligation quote. You will be contacted as soon as possible. &nbsp; [\/vc_column_text][vc_column_text] Conform\u00e9ment au d\u00e9cret [&hellip;]","og_url":"https:\/\/alpenlodge.it\/fr\/contacts\/","og_site_name":"Alpenlodge Appartamenti Livigno","article_publisher":"https:\/\/www.facebook.com\/profile.php?id=100025235413120","article_modified_time":"2024-12-18T11:13:24+00:00","twitter_card":"summary_large_image","twitter_misc":{"Dur\u00e9e de lecture estim\u00e9e":"2 minutes"},"schema":{"@context":"https:\/\/schema.org","@graph":[{"@type":"WebPage","@id":"https:\/\/alpenlodge.it\/fr\/contacts\/","url":"https:\/\/alpenlodge.it\/fr\/contacts\/","name":"Contacts - Alpenlodge Appartamenti Livigno","isPartOf":{"@id":"https:\/\/alpenlodge.it\/#website"},"datePublished":"2019-02-19T12:32:53+00:00","dateModified":"2024-12-18T11:13:24+00:00","breadcrumb":{"@id":"https:\/\/alpenlodge.it\/fr\/contacts\/#breadcrumb"},"inLanguage":"fr-FR","potentialAction":[{"@type":"ReadAction","target":["https:\/\/alpenlodge.it\/fr\/contacts\/"]}]},{"@type":"BreadcrumbList","@id":"https:\/\/alpenlodge.it\/fr\/contacts\/#breadcrumb","itemListElement":[{"@type":"ListItem","position":1,"name":"Home","item":"https:\/\/alpenlodge.it\/fr\/"},{"@type":"ListItem","position":2,"name":"Contacts"}]},{"@type":"WebSite","@id":"https:\/\/alpenlodge.it\/#website","url":"https:\/\/alpenlodge.it\/","name":"Alpenlodge Appartamenti Livigno","description":"","publisher":{"@id":"https:\/\/alpenlodge.it\/#organization"},"potentialAction":[{"@type":"SearchAction","target":{"@type":"EntryPoint","urlTemplate":"https:\/\/alpenlodge.it\/?s={search_term_string}"},"query-input":{"@type":"PropertyValueSpecification","valueRequired":true,"valueName":"search_term_string"}}],"inLanguage":"fr-FR"},{"@type":"Organization","@id":"https:\/\/alpenlodge.it\/#organization","name":"Alpenlodge Appartamenti Livigno","url":"https:\/\/alpenlodge.it\/","logo":{"@type":"ImageObject","inLanguage":"fr-FR","@id":"https:\/\/alpenlodge.it\/#\/schema\/logo\/image\/","url":"https:\/\/alpenlodge.it\/wp-content\/uploads\/2018\/11\/alpenlodge-logo.png","contentUrl":"https:\/\/alpenlodge.it\/wp-content\/uploads\/2018\/11\/alpenlodge-logo.png","width":438,"height":129,"caption":"Alpenlodge Appartamenti Livigno"},"image":{"@id":"https:\/\/alpenlodge.it\/#\/schema\/logo\/image\/"},"sameAs":["https:\/\/www.facebook.com\/profile.php?id=100025235413120"]}]}},"_links":{"self":[{"href":"https:\/\/alpenlodge.it\/fr\/wp-json\/wp\/v2\/pages\/5469","targetHints":{"allow":["GET"]}}],"collection":[{"href":"https:\/\/alpenlodge.it\/fr\/wp-json\/wp\/v2\/pages"}],"about":[{"href":"https:\/\/alpenlodge.it\/fr\/wp-json\/wp\/v2\/types\/page"}],"author":[{"embeddable":true,"href":"https:\/\/alpenlodge.it\/fr\/wp-json\/wp\/v2\/users\/1"}],"replies":[{"embeddable":true,"href":"https:\/\/alpenlodge.it\/fr\/wp-json\/wp\/v2\/comments?post=5469"}],"version-history":[{"count":1,"href":"https:\/\/alpenlodge.it\/fr\/wp-json\/wp\/v2\/pages\/5469\/revisions"}],"predecessor-version":[{"id":10019,"href":"https:\/\/alpenlodge.it\/fr\/wp-json\/wp\/v2\/pages\/5469\/revisions\/10019"}],"wp:attachment":[{"href":"https:\/\/alpenlodge.it\/fr\/wp-json\/wp\/v2\/media?parent=5469"}],"curies":[{"name":"wp","href":"https:\/\/api.w.org\/{rel}","templated":true}]}}