{"id":5277,"date":"2019-02-19T08:19:39","date_gmt":"2019-02-19T08:19:39","guid":{"rendered":"https:\/\/alpenlodge.it\/?page_id=5277"},"modified":"2019-03-18T07:58:18","modified_gmt":"2019-03-18T07:58:18","slug":"conditions-generales","status":"publish","type":"page","link":"https:\/\/alpenlodge.it\/fr\/conditions-generales\/","title":{"rendered":"Conditions G\u00e9n\u00e9rales"},"content":{"rendered":"<div class=\"wpb-content-wrapper\"><p>[vc_row full_width=\u00a0\u00bbstretch_row_content_no_spaces\u00a0\u00bb css=\u00a0\u00bb.vc_custom_1548938507759{margin-top: -50px !important;background-image: url(https:\/\/alpenlodge.it\/wp-content\/uploads\/2018\/11\/2014112824_Warm-App2-5.jpg?id=1831) !important;background-position: center !important;background-repeat: no-repeat !important;background-size: cover !important;}\u00a0\u00bb el_class=\u00a0\u00bbnd_options_overflow_visible_important\u00a0\u00bb][vc_column][vc_row_inner css=\u00a0\u00bb.vc_custom_1486118361106{padding-top: 100px !important;padding-bottom: 100px !important;}\u00a0\u00bb el_class=\u00a0\u00bbnd_options_bg_greydark_alpha_gradient_3&Prime;][vc_column_inner width=\u00a0\u00bb1\/3&Prime;][\/vc_column_inner][vc_column_inner width=\u00a0\u00bb1\/3&Prime; css=\u00a0\u00bb.vc_custom_1486118458781{padding: 20px !important;}\u00a0\u00bb] <h1 style=\"color:#ffffff;padding:px;text-align:center;font-size:55px;line-height:55px;letter-spacing: px;font-weight:lighter\" class=\"  nd_options_font_size_40_important_all_iphone nd_options_line_height_40_important_all_iphone nd_options_first_font \">CONDITIONS G\u00c9N\u00c9RALES<\/h1> <div style=\"background-color:;height: 20px\" class=\"nicdark_section  \"><\/div> <p style=\"color:#ffffff;padding:px;text-align:center;font-size:px;line-height:px;letter-spacing: 2px;font-weight:lighter\" class=\"   nd_options_second_font \">RULES AND REGULATIONS<\/p> [\/vc_column_inner][vc_column_inner width=\u00a0\u00bb1\/3&Prime;][\/vc_column_inner][\/vc_row_inner][\/vc_column][\/vc_row][vc_row full_width=\u00a0\u00bbstretch_row_content\u00a0\u00bb css=\u00a0\u00bb.vc_custom_1542716046358{margin-bottom: 40px !important;}\u00a0\u00bb][vc_column width=\u00a0\u00bb1\/12&Prime;][\/vc_column][vc_column width=\u00a0\u00bb7\/12&Prime;] <h3 style=\"color:;padding:px;text-align:;font-size:18px;line-height:px;letter-spacing: px;font-weight:\" class=\"    \">R\u00e9servation \/ caution<\/h3> [vc_column_text]Il vous sera demand\u00e9, pour chaque r\u00e9servation qui peut \u00e9galement \u00eatre effectu\u00e9e online une caution correspondant \u00e0 30% du prix du s\u00e9jour. ALPENLODGE***LIVIGNO consid\u00e8rera la r\u00e9servation d\u00e9finitive apr\u00e8s r\u00e9ception de la caution convenue. Cette derni\u00e8re peut \u00eatre pay\u00e9e online (tous les circuits de cartes de cr\u00e9dit sont accept\u00e9s) au moment de la r\u00e9servation ou bien par virement bancaire.[\/vc_column_text] <h3 style=\"color:;padding:px;text-align:;font-size:18px;line-height:px;letter-spacing: px;font-weight:\" class=\"    \">Annulation<\/h3> [vc_column_text]Si la r\u00e9servation est annul\u00e9e suite \u00e0 un d\u00e9sistement ou \u00e0 un no-show, nous conserverons la totalit\u00e9 du montant de la caution qui, si le client le d\u00e9sire, pourra \u00eatre valable pour un autre s\u00e9jour.[\/vc_column_text] <h3 style=\"color:;padding:px;text-align:;font-size:18px;line-height:px;letter-spacing: px;font-weight:\" class=\"    \">D\u00e9part anticip\u00e9<\/h3> [vc_column_text]Le propri\u00e9taire de l&rsquo;appartement n&rsquo;est pas tenu de rembourser le client en cas de d\u00e9part anticip\u00e9.[\/vc_column_text] <h4 style=\"color:;padding:px;text-align:;font-size:18px;line-height:px;letter-spacing: px;font-weight:\" class=\"    \">Check-in<\/h4> [vc_column_text]Les appartements seront \u00e0 la disposition du client \u00e0 partir de 15:00 du jour d&rsquo;arriv\u00e9e.[\/vc_column_text] <h4 style=\"color:;padding:px;text-align:;font-size:18px;line-height:px;letter-spacing: px;font-weight:\" class=\"    \">Check-out<\/h4> [vc_column_text]Les appartements devront \u00eatre remis \u00e0 la disposition du propri\u00e9taire \u00e0 10:00 au plus tard du jour du d\u00e9part.[\/vc_column_text] <h4 style=\"color:;padding:px;text-align:;font-size:18px;line-height:px;letter-spacing: px;font-weight:\" class=\"    \">Prix r\u00e9siduel \u00e0 verser<\/h4> [vc_column_text]Le prix r\u00e9siduel de votre s\u00e9jour peut \u00eatre vers\u00e9 au comptant, par ch\u00e8que ou par carte de cr\u00e9dit.[\/vc_column_text] <h4 style=\"color:;padding:px;text-align:;font-size:18px;line-height:px;letter-spacing: px;font-weight:\" class=\"    \">Animaux domestiques<\/h4> [vc_column_text]ALPENLODGE***LIVIGNO est dog friendly et accueille volontiers et gratuitement tous les animaux domestiques de petite, moyenne et grande taille.[\/vc_column_text] <h4 style=\"color:;padding:px;text-align:;font-size:18px;line-height:px;letter-spacing: px;font-weight:\" class=\"    \">Change de linge \/ nettoyage<\/h4> [vc_column_text]Le service de change de linge et de nettoyage est effectu\u00e9 tous les 7 jours et est compris dans le prix du s\u00e9jour. S&rsquo;il le demande, le client peut \u00e9galement b\u00e9n\u00e9ficier de ces services chaque fois qu&rsquo;il le d\u00e9sire moyennant un suppl\u00e9ment de 40 euros pour chaque demande.[\/vc_column_text] <h4 style=\"color:;padding:px;text-align:;font-size:18px;line-height:px;letter-spacing: px;font-weight:\" class=\"    \">Blanchissement v\u00eatements de sport<\/h4> [vc_column_text]Le service de blanchissement destin\u00e9 aux v\u00eatements de sport d&rsquo;\u00e9t\u00e9 est assur\u00e9 chaque jour sur demande anticip\u00e9e moyennant un suppl\u00e9ment de 5 euros pour chaque demande.[\/vc_column_text] <h4 style=\"color:;padding:px;text-align:;font-size:18px;line-height:px;letter-spacing: px;font-weight:\" class=\"    \">Garage r\u00e9chauff\u00e9<\/h4> [vc_column_text]A 30 m\u00e8tres seulement des structures MICHELA HOUSE et BAITA LUNGO RIN, ALPENLODGE***LIVIGNO met \u00e0 votre disposition un garage chauff\u00e9 au prix de 35 euros par semaine et par voiture.[\/vc_column_text]<div style=\"background-color:;height: 40px\" class=\"nicdark_section  \"><\/div>[\/vc_column][vc_column width=\u00a0\u00bb1\/4&Prime; css=\u00a0\u00bb.vc_custom_1486115020030{padding-right: 30px !important;padding-left: 30px !important;}\u00a0\u00bb][vc_row_inner][vc_column_inner css=\u00a0\u00bb.vc_custom_1541584034291{padding-top: 30px !important;padding-right: 30px !important;padding-bottom: 15px !important;padding-left: 30px !important;background-color: #c9b695 !important;}\u00a0\u00bb] <h5 style=\"color:#ffffff;padding:px;text-align:center;font-size:12px;line-height:12px;letter-spacing: 2px;font-weight:lighter\" class=\"   nd_options_second_font \">CONTACTEZ-NOUS<\/h5> <div style=\"background-color:;height: 10px\" class=\"nicdark_section  \"><\/div> <h2 style=\"color:#ffffff;padding:px;text-align:center;font-size:25px;line-height:25px;letter-spacing: px;font-weight:normal\" class=\"   nd_options_first_font \">Remplir le formulaire<\/h2> <div style=\"background-color:;height: 20px\" class=\"nicdark_section  \"><\/div>\n\n    <!--start form-->\n    <div id=\"nd_options_shortcode_cf7_697\" class=\"nd_options_section \">\n      \n      <div class=\"nd_options_section nd_options_box_sizing_border_box\">\n        <p class=\"wpcf7-contact-form-not-found\"><strong>Erreur\u00a0:<\/strong> Formulaire de contact non trouv\u00e9\u00a0!<\/p> \n      <\/div>  \n\n    <\/div>\n    <!--end form-->\n\n   [\/vc_column_inner][\/vc_row_inner][vc_row_inner css=\u00a0\u00bb.vc_custom_1548939269780{margin-top: 35px !important;background-image: url(https:\/\/alpenlodge.it\/wp-content\/uploads\/2018\/11\/2014102913_zuelli02.jpg?id=1829) !important;background-position: center !important;background-repeat: no-repeat !important;background-size: cover !important;}\u00a0\u00bb][vc_column_inner css=\u00a0\u00bb.vc_custom_1502963078281{padding-top: 82px !important;padding-right: 30px !important;padding-bottom: 82px !important;padding-left: 30px !important;background-color: rgba(114,116,117,0.29) !important;*background-color: rgb(114,116,117) !important;}\u00a0\u00bb] <h5 style=\"color:#ffffff;padding:px;text-align:center;font-size:12px;line-height:12px;letter-spacing: 2px;font-weight:lighter\" class=\"   nd_options_second_font \">APPARTEMENTS LIVIGNO<\/h5> <div style=\"background-color:;height: 10px\" class=\"nicdark_section  \"><\/div> <h2 style=\"color:#ffffff;padding:px;text-align:center;font-size:25px;line-height:25px;letter-spacing: px;font-weight:normal\" class=\"   nd_options_first_font \">Best Special Offers<\/h2> [\/vc_column_inner][\/vc_row_inner]<div style=\"background-color:;height: 20px\" class=\"nicdark_section  \"><\/div>[\/vc_column][vc_column width=\u00a0\u00bb1\/12&Prime;][\/vc_column][\/vc_row]<\/p>\n<\/div>","protected":false},"excerpt":{"rendered":"<p>[vc_row full_width=\u00a0\u00bbstretch_row_content_no_spaces\u00a0\u00bb css=\u00a0\u00bb.vc_custom_1548938507759{margin-top: -50px !important;background-image: url(https:\/\/alpenlodge.it\/wp-content\/uploads\/2018\/11\/2014112824_Warm-App2-5.jpg?id=1831) !important;background-position: center !important;background-repeat: no-repeat !important;background-size: cover !important;}\u00a0\u00bb el_class=\u00a0\u00bbnd_options_overflow_visible_important\u00a0\u00bb][vc_column][vc_row_inner css=\u00a0\u00bb.vc_custom_1486118361106{padding-top: 100px !important;padding-bottom: 100px !important;}\u00a0\u00bb el_class=\u00a0\u00bbnd_options_bg_greydark_alpha_gradient_3&Prime;][vc_column_inner width=\u00a0\u00bb1\/3&Prime;][\/vc_column_inner][vc_column_inner width=\u00a0\u00bb1\/3&Prime; css=\u00a0\u00bb.vc_custom_1486118458781{padding: 20px !important;}\u00a0\u00bb][\/vc_column_inner][vc_column_inner width=\u00a0\u00bb1\/3&Prime;][\/vc_column_inner][\/vc_row_inner][\/vc_column][\/vc_row][vc_row full_width=\u00a0\u00bbstretch_row_content\u00a0\u00bb css=\u00a0\u00bb.vc_custom_1542716046358{margin-bottom: 40px !important;}\u00a0\u00bb][vc_column width=\u00a0\u00bb1\/12&Prime;][\/vc_column][vc_column width=\u00a0\u00bb7\/12&Prime;][vc_column_text]Il vous sera demand\u00e9, pour chaque r\u00e9servation qui peut \u00e9galement \u00eatre effectu\u00e9e online une caution correspondant \u00e0 30% du prix du s\u00e9jour. ALPENLODGE***LIVIGNO consid\u00e8rera [&hellip;]<\/p>\n","protected":false},"author":1,"featured_media":0,"parent":0,"menu_order":0,"comment_status":"closed","ping_status":"closed","template":"","meta":{"footnotes":""},"class_list":["post-5277","page","type-page","status-publish","hentry"],"yoast_head":"<!-- This site is optimized with the Yoast SEO plugin v27.5 - https:\/\/yoast.com\/product\/yoast-seo-wordpress\/ -->\n<title>Conditions G\u00e9n\u00e9rales - Alpenlodge Appartamenti Livigno<\/title>\n<meta name=\"robots\" content=\"noindex, follow\" \/>\n<meta property=\"og:locale\" content=\"fr_FR\" \/>\n<meta property=\"og:type\" content=\"article\" \/>\n<meta property=\"og:title\" content=\"Conditions G\u00e9n\u00e9rales - Alpenlodge Appartamenti Livigno\" \/>\n<meta property=\"og:description\" content=\"[vc_row full_width=\u00a0\u00bbstretch_row_content_no_spaces\u00a0\u00bb css=\u00a0\u00bb.vc_custom_1548938507759{margin-top: -50px !important;background-image: url(https:\/\/alpenlodge.it\/wp-content\/uploads\/2018\/11\/2014112824_Warm-App2-5.jpg?id=1831) !important;background-position: center !important;background-repeat: no-repeat !important;background-size: cover !important;}\u00a0\u00bb el_class=\u00a0\u00bbnd_options_overflow_visible_important\u00a0\u00bb][vc_column][vc_row_inner css=\u00a0\u00bb.vc_custom_1486118361106{padding-top: 100px !important;padding-bottom: 100px !important;}\u00a0\u00bb el_class=\u00a0\u00bbnd_options_bg_greydark_alpha_gradient_3&Prime;][vc_column_inner width=\u00a0\u00bb1\/3&Prime;][\/vc_column_inner][vc_column_inner width=\u00a0\u00bb1\/3&Prime; css=\u00a0\u00bb.vc_custom_1486118458781{padding: 20px !important;}\u00a0\u00bb][\/vc_column_inner][vc_column_inner width=\u00a0\u00bb1\/3&Prime;][\/vc_column_inner][\/vc_row_inner][\/vc_column][\/vc_row][vc_row full_width=\u00a0\u00bbstretch_row_content\u00a0\u00bb css=\u00a0\u00bb.vc_custom_1542716046358{margin-bottom: 40px !important;}\u00a0\u00bb][vc_column width=\u00a0\u00bb1\/12&Prime;][\/vc_column][vc_column width=\u00a0\u00bb7\/12&Prime;][vc_column_text]Il vous sera demand\u00e9, pour chaque r\u00e9servation qui peut \u00e9galement \u00eatre effectu\u00e9e online une caution correspondant \u00e0 30% du prix du s\u00e9jour. ALPENLODGE***LIVIGNO consid\u00e8rera [&hellip;]\" \/>\n<meta property=\"og:url\" content=\"https:\/\/alpenlodge.it\/termini-condizioni\/\" \/>\n<meta property=\"og:site_name\" content=\"Alpenlodge Appartamenti Livigno\" \/>\n<meta property=\"article:publisher\" content=\"https:\/\/www.facebook.com\/profile.php?id=100025235413120\" \/>\n<meta property=\"article:modified_time\" content=\"2019-03-18T07:58:18+00:00\" \/>\n<meta name=\"twitter:card\" content=\"summary_large_image\" \/>\n<meta name=\"twitter:label1\" content=\"Dur\u00e9e de lecture estim\u00e9e\" \/>\n\t<meta name=\"twitter:data1\" content=\"6 minutes\" \/>\n<!-- \/ Yoast SEO plugin. -->","yoast_head_json":{"title":"Conditions G\u00e9n\u00e9rales - Alpenlodge Appartamenti Livigno","robots":{"index":"noindex","follow":"follow"},"og_locale":"fr_FR","og_type":"article","og_title":"Conditions G\u00e9n\u00e9rales - Alpenlodge Appartamenti Livigno","og_description":"[vc_row full_width=\u00a0\u00bbstretch_row_content_no_spaces\u00a0\u00bb css=\u00a0\u00bb.vc_custom_1548938507759{margin-top: -50px !important;background-image: url(https:\/\/alpenlodge.it\/wp-content\/uploads\/2018\/11\/2014112824_Warm-App2-5.jpg?id=1831) !important;background-position: center !important;background-repeat: no-repeat !important;background-size: cover !important;}\u00a0\u00bb el_class=\u00a0\u00bbnd_options_overflow_visible_important\u00a0\u00bb][vc_column][vc_row_inner css=\u00a0\u00bb.vc_custom_1486118361106{padding-top: 100px !important;padding-bottom: 100px !important;}\u00a0\u00bb el_class=\u00a0\u00bbnd_options_bg_greydark_alpha_gradient_3&Prime;][vc_column_inner width=\u00a0\u00bb1\/3&Prime;][\/vc_column_inner][vc_column_inner width=\u00a0\u00bb1\/3&Prime; css=\u00a0\u00bb.vc_custom_1486118458781{padding: 20px !important;}\u00a0\u00bb][\/vc_column_inner][vc_column_inner width=\u00a0\u00bb1\/3&Prime;][\/vc_column_inner][\/vc_row_inner][\/vc_column][\/vc_row][vc_row full_width=\u00a0\u00bbstretch_row_content\u00a0\u00bb css=\u00a0\u00bb.vc_custom_1542716046358{margin-bottom: 40px !important;}\u00a0\u00bb][vc_column width=\u00a0\u00bb1\/12&Prime;][\/vc_column][vc_column width=\u00a0\u00bb7\/12&Prime;][vc_column_text]Il vous sera demand\u00e9, pour chaque r\u00e9servation qui peut \u00e9galement \u00eatre effectu\u00e9e online une caution correspondant \u00e0 30% du prix du s\u00e9jour. ALPENLODGE***LIVIGNO consid\u00e8rera [&hellip;]","og_url":"https:\/\/alpenlodge.it\/termini-condizioni\/","og_site_name":"Alpenlodge Appartamenti Livigno","article_publisher":"https:\/\/www.facebook.com\/profile.php?id=100025235413120","article_modified_time":"2019-03-18T07:58:18+00:00","twitter_card":"summary_large_image","twitter_misc":{"Dur\u00e9e de lecture estim\u00e9e":"6 minutes"},"schema":{"@context":"https:\/\/schema.org","@graph":[{"@type":"WebPage","@id":"https:\/\/alpenlodge.it\/termini-condizioni\/","url":"https:\/\/alpenlodge.it\/termini-condizioni\/","name":"Conditions G\u00e9n\u00e9rales - Alpenlodge Appartamenti Livigno","isPartOf":{"@id":"https:\/\/alpenlodge.it\/#website"},"datePublished":"2019-02-19T08:19:39+00:00","dateModified":"2019-03-18T07:58:18+00:00","breadcrumb":{"@id":"https:\/\/alpenlodge.it\/termini-condizioni\/#breadcrumb"},"inLanguage":"fr-FR","potentialAction":[{"@type":"ReadAction","target":["https:\/\/alpenlodge.it\/termini-condizioni\/"]}]},{"@type":"BreadcrumbList","@id":"https:\/\/alpenlodge.it\/termini-condizioni\/#breadcrumb","itemListElement":[{"@type":"ListItem","position":1,"name":"Home","item":"https:\/\/alpenlodge.it\/fr\/"},{"@type":"ListItem","position":2,"name":"Conditions G\u00e9n\u00e9rales"}]},{"@type":"WebSite","@id":"https:\/\/alpenlodge.it\/#website","url":"https:\/\/alpenlodge.it\/","name":"Alpenlodge Appartamenti Livigno","description":"","publisher":{"@id":"https:\/\/alpenlodge.it\/#organization"},"potentialAction":[{"@type":"SearchAction","target":{"@type":"EntryPoint","urlTemplate":"https:\/\/alpenlodge.it\/?s={search_term_string}"},"query-input":{"@type":"PropertyValueSpecification","valueRequired":true,"valueName":"search_term_string"}}],"inLanguage":"fr-FR"},{"@type":"Organization","@id":"https:\/\/alpenlodge.it\/#organization","name":"Alpenlodge Appartamenti Livigno","url":"https:\/\/alpenlodge.it\/","logo":{"@type":"ImageObject","inLanguage":"fr-FR","@id":"https:\/\/alpenlodge.it\/#\/schema\/logo\/image\/","url":"https:\/\/alpenlodge.it\/wp-content\/uploads\/2018\/11\/alpenlodge-logo.png","contentUrl":"https:\/\/alpenlodge.it\/wp-content\/uploads\/2018\/11\/alpenlodge-logo.png","width":438,"height":129,"caption":"Alpenlodge Appartamenti Livigno"},"image":{"@id":"https:\/\/alpenlodge.it\/#\/schema\/logo\/image\/"},"sameAs":["https:\/\/www.facebook.com\/profile.php?id=100025235413120"]}]}},"_links":{"self":[{"href":"https:\/\/alpenlodge.it\/fr\/wp-json\/wp\/v2\/pages\/5277","targetHints":{"allow":["GET"]}}],"collection":[{"href":"https:\/\/alpenlodge.it\/fr\/wp-json\/wp\/v2\/pages"}],"about":[{"href":"https:\/\/alpenlodge.it\/fr\/wp-json\/wp\/v2\/types\/page"}],"author":[{"embeddable":true,"href":"https:\/\/alpenlodge.it\/fr\/wp-json\/wp\/v2\/users\/1"}],"replies":[{"embeddable":true,"href":"https:\/\/alpenlodge.it\/fr\/wp-json\/wp\/v2\/comments?post=5277"}],"version-history":[{"count":0,"href":"https:\/\/alpenlodge.it\/fr\/wp-json\/wp\/v2\/pages\/5277\/revisions"}],"wp:attachment":[{"href":"https:\/\/alpenlodge.it\/fr\/wp-json\/wp\/v2\/media?parent=5277"}],"curies":[{"name":"wp","href":"https:\/\/api.w.org\/{rel}","templated":true}]}}