{"id":5270,"date":"2019-02-19T08:15:03","date_gmt":"2019-02-19T08:15:03","guid":{"rendered":"https:\/\/alpenlodge.it\/?page_id=5270"},"modified":"2025-10-03T14:32:48","modified_gmt":"2025-10-03T14:32:48","slug":"appartements","status":"publish","type":"page","link":"https:\/\/alpenlodge.it\/fr\/appartements\/","title":{"rendered":"APPARTEMENTS"},"content":{"rendered":"<div class=\"wpb-content-wrapper\"><p>[vc_row css=\u00a0\u00bb.vc_custom_1547119861167{margin-top: -60px !important;}\u00a0\u00bb][vc_column el_class=\u00a0\u00bbnd_options_margin_top_50_first_div_important_responsive\u00a0\u00bb offset=\u00a0\u00bbvc_hidden-sm vc_hidden-xs\u00a0\u00bb][vc_column_text css=\u00a0\u00bb.vc_custom_1547119850704{margin-top: -60px !important;}\u00a0\u00bb]\n    <div id=\"booking-box\" style=\"display:block;width:100%;\">\n      <div class=\"container bookingContainer\">\n<div class=\"row\">\n        <form name=\"formWuBook\" id=\"formWuBook\" method=\"get\" action=\"https:\/\/wubook.net\/wbkd\/wbk\/\" target=\"_blank\">\n          <input type=\"hidden\" name=\"lcode\" value=\"1381181660\" \/>\n        <div class=\"col-md-3\" style=\"float:left;background-color: #78635a;color: #fff;padding: 20px;text-align: center;letter-spacing: 2px;font-size: 16px;font-family:Poppins;\"> BOOKING ONLINE<\/div>\n        <div class=\"input-date col-md-2\">\n          <label style=\"text-align: center;display: block;letter-spacing: 2px;font-weight: bolder;font-size: 16px;\">Arrivo<\/label>\n          <input id=\"dfrom\" type=\"text\" name=\"dfrom\" class=\"dateinput\" value=\"\" \/>\n        <\/div>\n        <div class=\"input-date col-md-2\">\n        \t<label style=\"text-align: center;display: block;letter-spacing: 2px;font-weight: bolder;font-size: 16px;\">Partenza<\/label>\n        \t<input id=\"dto\" type=\"text\" name=\"dto\" class=\"dateinput\" value=\"\" \/>\n        <\/div>\n        <div class=\"col-md-2\" style=\"float:left\">\n\t\t<img decoding=\"async\" id=\"img_booking\" src=\"https:\/\/www.alpenlodge.it\/wp-content\/uploads\/2019\/01\/appartamenti-livigno-booking-alpenlodge.png\"  alt=\"Alpenlodge Apartmens Livigno Reservation Cards\">\n        <\/div>\n        <div class=\"col-md-3\" id=\"input-button\">\n         <button class=\"wb-submit col\" id=\"check-button\" type=\"submit\">Mostra disponibilit\u00e0<\/button>\n        <\/div>\n        <\/form>\n\n<\/div>\n      <\/div><!-- \/.container -->\n    <\/div><!-- \/.booking-box -->\n\t<script src=\"https:\/\/alpenlodge.it\/wp-content\/plugins\/wubook-shortcode\/wubook-script.js\"><\/script>[\/vc_column_text][\/vc_column][\/vc_row][vc_row full_width=\u00a0\u00bbstretch_row_content\u00a0\u00bb css=\u00a0\u00bb.vc_custom_1542717168612{margin-top: 20px !important;}\u00a0\u00bb][vc_column width=\u00a0\u00bb1\/12&Prime;][\/vc_column][vc_column width=\u00a0\u00bb5\/6&Prime; css=\u00a0\u00bb.vc_custom_1542717162595{margin-top: 10px !important;margin-bottom: 10px !important;padding-top: 0px !important;}\u00a0\u00bb][vc_row_inner][vc_column_inner][\/vc_column_inner][\/vc_row_inner][vc_row_inner][vc_column_inner width=\u00a0\u00bb1\/2&Prime;][vc_basic_grid post_type=\u00a0\u00bbids\u00a0\u00bb element_width=\u00a0\u00bb12&Prime; item=\u00a0\u00bb5480&Prime; grid_id=\u00a0\u00bbvc_gid:1652344582645-a4b4d1f3-9bca-10&Prime; include=\u00a0\u00bb1867&Prime;][\/vc_column_inner][vc_column_inner width=\u00a0\u00bb1\/2&Prime;][vc_basic_grid post_type=\u00a0\u00bbids\u00a0\u00bb element_width=\u00a0\u00bb12&Prime; item=\u00a0\u00bb5479&Prime; grid_id=\u00a0\u00bbvc_gid:1652344582646-87898b1e-0228-0&Prime; include=\u00a0\u00bb2539&Prime;][\/vc_column_inner][\/vc_row_inner][vc_row_inner][vc_column_inner width=\u00a0\u00bb1\/2&Prime;][vc_basic_grid post_type=\u00a0\u00bbids\u00a0\u00bb element_width=\u00a0\u00bb12&Prime; item=\u00a0\u00bb5478&Prime; grid_id=\u00a0\u00bbvc_gid:1652344582647-d1ead8d5-5c8a-10&Prime; include=\u00a0\u00bb2803&Prime;][\/vc_column_inner][vc_column_inner width=\u00a0\u00bb1\/2&Prime;][vc_basic_grid post_type=\u00a0\u00bbids\u00a0\u00bb element_width=\u00a0\u00bb12&Prime; item=\u00a0\u00bb5481&Prime; grid_id=\u00a0\u00bbvc_gid:1652344582647-c524c45d-b476-10&Prime; include=\u00a0\u00bb2816&Prime;][\/vc_column_inner][\/vc_row_inner][\/vc_column][vc_column width=\u00a0\u00bb1\/12&Prime;][\/vc_column][\/vc_row]<\/p>\n<\/div>","protected":false},"excerpt":{"rendered":"<p>[vc_row css=\u00a0\u00bb.vc_custom_1547119861167{margin-top: -60px !important;}\u00a0\u00bb][vc_column el_class=\u00a0\u00bbnd_options_margin_top_50_first_div_important_responsive\u00a0\u00bb offset=\u00a0\u00bbvc_hidden-sm vc_hidden-xs\u00a0\u00bb][vc_column_text css=\u00a0\u00bb.vc_custom_1547119850704{margin-top: -60px !important;}\u00a0\u00bb][\/vc_column_text][\/vc_column][\/vc_row][vc_row full_width=\u00a0\u00bbstretch_row_content\u00a0\u00bb css=\u00a0\u00bb.vc_custom_1542717168612{margin-top: 20px !important;}\u00a0\u00bb][vc_column width=\u00a0\u00bb1\/12&Prime;][\/vc_column][vc_column width=\u00a0\u00bb5\/6&Prime; css=\u00a0\u00bb.vc_custom_1542717162595{margin-top: 10px !important;margin-bottom: 10px !important;padding-top: 0px !important;}\u00a0\u00bb][vc_row_inner][vc_column_inner][\/vc_column_inner][\/vc_row_inner][vc_row_inner][vc_column_inner width=\u00a0\u00bb1\/2&Prime;][vc_basic_grid post_type=\u00a0\u00bbids\u00a0\u00bb element_width=\u00a0\u00bb12&Prime; item=\u00a0\u00bb5480&Prime; grid_id=\u00a0\u00bbvc_gid:1652344582645-a4b4d1f3-9bca-10&Prime; include=\u00a0\u00bb1867&Prime;][\/vc_column_inner][vc_column_inner width=\u00a0\u00bb1\/2&Prime;][vc_basic_grid post_type=\u00a0\u00bbids\u00a0\u00bb element_width=\u00a0\u00bb12&Prime; item=\u00a0\u00bb5479&Prime; grid_id=\u00a0\u00bbvc_gid:1652344582646-87898b1e-0228-0&Prime; include=\u00a0\u00bb2539&Prime;][\/vc_column_inner][\/vc_row_inner][vc_row_inner][vc_column_inner width=\u00a0\u00bb1\/2&Prime;][vc_basic_grid post_type=\u00a0\u00bbids\u00a0\u00bb element_width=\u00a0\u00bb12&Prime; item=\u00a0\u00bb5478&Prime; grid_id=\u00a0\u00bbvc_gid:1652344582647-d1ead8d5-5c8a-10&Prime; include=\u00a0\u00bb2803&Prime;][\/vc_column_inner][vc_column_inner width=\u00a0\u00bb1\/2&Prime;][vc_basic_grid post_type=\u00a0\u00bbids\u00a0\u00bb element_width=\u00a0\u00bb12&Prime; item=\u00a0\u00bb5481&Prime; grid_id=\u00a0\u00bbvc_gid:1652344582647-c524c45d-b476-10&Prime; include=\u00a0\u00bb2816&Prime;][\/vc_column_inner][\/vc_row_inner][\/vc_column][vc_column width=\u00a0\u00bb1\/12&Prime;][\/vc_column][\/vc_row]<\/p>\n","protected":false},"author":1,"featured_media":0,"parent":0,"menu_order":0,"comment_status":"closed","ping_status":"closed","template":"","meta":{"footnotes":""},"class_list":["post-5270","page","type-page","status-publish","hentry"],"yoast_head":"<!-- This site is optimized with the Yoast SEO plugin v27.5 - https:\/\/yoast.com\/product\/yoast-seo-wordpress\/ -->\n<title>Appartements \u00e0 louer \u00e0 Livigno - Alpenlodge Apartments<\/title>\n<meta name=\"description\" content=\"Offre compl\u00e8te d&#039;appartements \u00e0 Livigno by Alpenlodge Apartments. Choisissez celui qui correspond le mieux \u00e0 vos besoins et r\u00e9servez vos vacances\" \/>\n<meta name=\"robots\" content=\"index, follow, max-snippet:-1, max-image-preview:large, max-video-preview:-1\" \/>\n<link rel=\"canonical\" href=\"https:\/\/alpenlodge.it\/fr\/appartements\/\" \/>\n<meta property=\"og:locale\" content=\"fr_FR\" \/>\n<meta property=\"og:type\" content=\"article\" \/>\n<meta property=\"og:title\" content=\"Appartements \u00e0 louer \u00e0 Livigno - Alpenlodge Apartments\" \/>\n<meta property=\"og:description\" content=\"Offre compl\u00e8te d&#039;appartements \u00e0 Livigno by Alpenlodge Apartments. Choisissez celui qui correspond le mieux \u00e0 vos besoins et r\u00e9servez vos vacances\" \/>\n<meta property=\"og:url\" content=\"https:\/\/alpenlodge.it\/fr\/appartements\/\" \/>\n<meta property=\"og:site_name\" content=\"Alpenlodge Appartamenti Livigno\" \/>\n<meta property=\"article:publisher\" content=\"https:\/\/www.facebook.com\/profile.php?id=100025235413120\" \/>\n<meta property=\"article:modified_time\" content=\"2025-10-03T14:32:48+00:00\" \/>\n<meta name=\"twitter:card\" content=\"summary_large_image\" \/>\n<meta name=\"twitter:label1\" content=\"Dur\u00e9e de lecture estim\u00e9e\" \/>\n\t<meta name=\"twitter:data1\" content=\"1 minute\" \/>\n<!-- \/ Yoast SEO plugin. -->","yoast_head_json":{"title":"Appartements \u00e0 louer \u00e0 Livigno - Alpenlodge Apartments","description":"Offre compl\u00e8te d'appartements \u00e0 Livigno by Alpenlodge Apartments. Choisissez celui qui correspond le mieux \u00e0 vos besoins et r\u00e9servez vos vacances","robots":{"index":"index","follow":"follow","max-snippet":"max-snippet:-1","max-image-preview":"max-image-preview:large","max-video-preview":"max-video-preview:-1"},"canonical":"https:\/\/alpenlodge.it\/fr\/appartements\/","og_locale":"fr_FR","og_type":"article","og_title":"Appartements \u00e0 louer \u00e0 Livigno - Alpenlodge Apartments","og_description":"Offre compl\u00e8te d'appartements \u00e0 Livigno by Alpenlodge Apartments. Choisissez celui qui correspond le mieux \u00e0 vos besoins et r\u00e9servez vos vacances","og_url":"https:\/\/alpenlodge.it\/fr\/appartements\/","og_site_name":"Alpenlodge Appartamenti Livigno","article_publisher":"https:\/\/www.facebook.com\/profile.php?id=100025235413120","article_modified_time":"2025-10-03T14:32:48+00:00","twitter_card":"summary_large_image","twitter_misc":{"Dur\u00e9e de lecture estim\u00e9e":"1 minute"},"schema":{"@context":"https:\/\/schema.org","@graph":[{"@type":"WebPage","@id":"https:\/\/alpenlodge.it\/fr\/appartements\/","url":"https:\/\/alpenlodge.it\/fr\/appartements\/","name":"Appartements \u00e0 louer \u00e0 Livigno - Alpenlodge Apartments","isPartOf":{"@id":"https:\/\/alpenlodge.it\/#website"},"datePublished":"2019-02-19T08:15:03+00:00","dateModified":"2025-10-03T14:32:48+00:00","description":"Offre compl\u00e8te d'appartements \u00e0 Livigno by Alpenlodge Apartments. Choisissez celui qui correspond le mieux \u00e0 vos besoins et r\u00e9servez vos vacances","breadcrumb":{"@id":"https:\/\/alpenlodge.it\/fr\/appartements\/#breadcrumb"},"inLanguage":"fr-FR","potentialAction":[{"@type":"ReadAction","target":["https:\/\/alpenlodge.it\/fr\/appartements\/"]}]},{"@type":"BreadcrumbList","@id":"https:\/\/alpenlodge.it\/fr\/appartements\/#breadcrumb","itemListElement":[{"@type":"ListItem","position":1,"name":"Home","item":"https:\/\/alpenlodge.it\/fr\/"},{"@type":"ListItem","position":2,"name":"APPARTEMENTS"}]},{"@type":"WebSite","@id":"https:\/\/alpenlodge.it\/#website","url":"https:\/\/alpenlodge.it\/","name":"Alpenlodge Appartamenti Livigno","description":"","publisher":{"@id":"https:\/\/alpenlodge.it\/#organization"},"potentialAction":[{"@type":"SearchAction","target":{"@type":"EntryPoint","urlTemplate":"https:\/\/alpenlodge.it\/?s={search_term_string}"},"query-input":{"@type":"PropertyValueSpecification","valueRequired":true,"valueName":"search_term_string"}}],"inLanguage":"fr-FR"},{"@type":"Organization","@id":"https:\/\/alpenlodge.it\/#organization","name":"Alpenlodge Appartamenti Livigno","url":"https:\/\/alpenlodge.it\/","logo":{"@type":"ImageObject","inLanguage":"fr-FR","@id":"https:\/\/alpenlodge.it\/#\/schema\/logo\/image\/","url":"https:\/\/alpenlodge.it\/wp-content\/uploads\/2018\/11\/alpenlodge-logo.png","contentUrl":"https:\/\/alpenlodge.it\/wp-content\/uploads\/2018\/11\/alpenlodge-logo.png","width":438,"height":129,"caption":"Alpenlodge Appartamenti Livigno"},"image":{"@id":"https:\/\/alpenlodge.it\/#\/schema\/logo\/image\/"},"sameAs":["https:\/\/www.facebook.com\/profile.php?id=100025235413120"]}]}},"_links":{"self":[{"href":"https:\/\/alpenlodge.it\/fr\/wp-json\/wp\/v2\/pages\/5270","targetHints":{"allow":["GET"]}}],"collection":[{"href":"https:\/\/alpenlodge.it\/fr\/wp-json\/wp\/v2\/pages"}],"about":[{"href":"https:\/\/alpenlodge.it\/fr\/wp-json\/wp\/v2\/types\/page"}],"author":[{"embeddable":true,"href":"https:\/\/alpenlodge.it\/fr\/wp-json\/wp\/v2\/users\/1"}],"replies":[{"embeddable":true,"href":"https:\/\/alpenlodge.it\/fr\/wp-json\/wp\/v2\/comments?post=5270"}],"version-history":[{"count":1,"href":"https:\/\/alpenlodge.it\/fr\/wp-json\/wp\/v2\/pages\/5270\/revisions"}],"predecessor-version":[{"id":9262,"href":"https:\/\/alpenlodge.it\/fr\/wp-json\/wp\/v2\/pages\/5270\/revisions\/9262"}],"wp:attachment":[{"href":"https:\/\/alpenlodge.it\/fr\/wp-json\/wp\/v2\/media?parent=5270"}],"curies":[{"name":"wp","href":"https:\/\/api.w.org\/{rel}","templated":true}]}}