{"id":5262,"date":"2019-02-19T08:14:20","date_gmt":"2019-02-19T08:14:20","guid":{"rendered":"https:\/\/alpenlodge.it\/?page_id=5262"},"modified":"2025-10-03T14:29:29","modified_gmt":"2025-10-03T14:29:29","slug":"qui-sommes-nous","status":"publish","type":"page","link":"https:\/\/alpenlodge.it\/fr\/qui-sommes-nous\/","title":{"rendered":"qui-sommes-nous"},"content":{"rendered":"<div class=\"wpb-content-wrapper\"><p>[vc_row full_width=\u00a0\u00bbstretch_row_content\u00a0\u00bb][vc_column width=\u00a0\u00bb1\/12&Prime;][\/vc_column][vc_column width=\u00a0\u00bb1\/4&Prime; css=\u00a0\u00bb.vc_custom_1541584439599{margin-top: 10px !important;margin-bottom: 10px !important;padding-top: 0px !important;padding-right: 40px !important;}\u00a0\u00bb]<div style=\"background-color:;height: 10px\" class=\"nicdark_section  \"><\/div> <p style=\"color:#727475;padding:px;text-align:right;font-size:40px;line-height:50px;letter-spacing: px;font-weight:lighter\" class=\"  nd_options_text_align_center_responsive_important nd_options_first_font \">Notre objectif: vous offrir des \u00e9motions<\/p> <div style=\"background-color:;height: 10px\" class=\"nicdark_section  \"><\/div>[\/vc_column][vc_column width=\u00a0\u00bb7\/12&Prime; css=\u00a0\u00bb.vc_custom_1542715950761{margin-top: 10px !important;margin-bottom: 10px !important;padding-top: 0px !important;}\u00a0\u00bb]<div style=\"background-color:;height: 20px\" class=\"nicdark_section  \"><\/div> <h1 style=\"color:#727475;padding:px;text-align:;font-size:40px;line-height:50px;letter-spacing: px;font-weight:lighter\" class=\"  nd_options_text_align_center_responsive_important nd_options_first_font \">Alpenlodge Apartmens Livigno<\/h1> <div style=\"background-color:;height: 20px\" class=\"nicdark_section  \"><\/div>[vc_column_text el_class=\u00a0\u00bbnd_options_text_align_center_responsive\u00a0\u00bb]<\/p>\n<p style=\"text-align: left;\">La <strong>passion de la Famille pour la montagne<\/strong> et pour tout ce qui la concerne se refl\u00e8te bien dans l&rsquo;architecture et l&rsquo;ameublement des maisons de vacance.<\/p>\n<p>&nbsp;<\/p>\n<p style=\"text-align: left;\">Situ\u00e9es dans un endroit tranquille et proche de la <strong>zone pi\u00e9tonne<\/strong>, les structures d&rsquo;accueil comprennent <span class=\"VIiyi\" lang=\"fr\"><span class=\"JLqJ4b ChMk0b\" data-language-for-alternatives=\"fr\" data-language-to-translate-into=\"it\" data-phrase-index=\"0\" data-number-of-phrases=\"1\"><span class=\"Q4iAWc\">quatre<\/span><\/span><\/span>\u00a0appartements de tout confort et finement meubl\u00e9s. Ils peuvent accueillir de deux \u00e0 neuf personnes et offrent une atmosph\u00e8re chaude, sportive et accueillante, qui est typique des habitations de montagne.<\/p>\n<p>&nbsp;<\/p>\n<p style=\"text-align: left;\">La position privil\u00e9gi\u00e9e des appartements vous permettra, en \u00e9t\u00e9, de vous d\u00e9tendre et de vous divertir dans les vastes prairies verdoyantes, et vous aurez tout le loisir de cultiver vos hobbies et votre passion pour les sports d&rsquo;hiver \u00e0 partir du mois de novembre, lorsqu&rsquo;une abondante couche de neige commence \u00e0 couvrir Livigno.<\/p>\n<p style=\"text-align: left;\">Les arr\u00eats d&rsquo;<strong>autobus gratuit sont tr\u00e8s pratiques<\/strong>, puisqu&rsquo;ils sont situ\u00e9s \u00e0 quelques m\u00e8tres seulement des maisons et de la structure polyvalente \u00ab\u00a0Plaza Placheda\u00a0\u00bb, point de rep\u00e8re de tous les visiteurs de Livigno, o\u00f9 sont organis\u00e9s les principaux \u00e9v\u00e8nements touristiques. Les remont\u00e9es de pentes (ski-in, ski-out) sont accessibles depuis tous les appartements, qui m\u00e8nent aussi bien aux pistes de ski de fond qu&rsquo;\u00e0 la piste cyclable et pi\u00e9tonne et aux innombrables parcours de mountain bike et de trekking, sans devoir prendre la voiture.<\/p>\n<p>&nbsp;<\/p>\n<p style=\"text-align: left;\"><strong>ALPENLODGE***LIVIGNO<\/strong> non seulement adh\u00e8re \u00e0 toutes les offres touristiques formul\u00e9es par l&rsquo;entit\u00e9 de promotion \u00e0 travers la carte <strong>Natur Card<\/strong>, qui vous permet de participer gratuitement au programme d&rsquo;\u00e9t\u00e9 particuli\u00e8rement riche, mais organise \u00e9galement des gites en mountain-bike et en bicyclettes de route avec des guides-instructeurs sp\u00e9cialis\u00e9s.<\/p>\n<p>[\/vc_column_text][\/vc_column][vc_column width=\u00a0\u00bb1\/12&Prime;][\/vc_column][\/vc_row][vc_row css=\u00a0\u00bb.vc_custom_1541765504517{margin-top: 20px !important;}\u00a0\u00bb][vc_column width=\u00a0\u00bb1\/5&Prime;][\/vc_column][vc_column width=\u00a0\u00bb1\/5&Prime; el_class=\u00a0\u00bbnd_options_text_align_center\u00a0\u00bb css=\u00a0\u00bb.vc_custom_1542716406087{padding-right: 20px !important;}\u00a0\u00bb]<div style=\"background-color:;height: 15px\" class=\"nicdark_section  \"><\/div>\n\n    <div class=\"nd_options_section  nd_options_text_align_left \">\n\n        <img decoding=\"async\" style=\"margin-top:10px\" alt=\"\" width=\"80\" src=\"https:\/\/alpenlodge.it\/wp-content\/uploads\/2017\/07\/icon-12-1.png\">\n\n        <div class=\"nd_options_section nd_options_box_sizing_border_box\">\n            \n            <h3 class=\"  \" style=\"margin:;color:;font-size:px;line-height:px\">FREE WIFI<\/h3> \n            <p class=\"nd_options_second_font  \" style=\"margin:0px 0px 15px 0px;color:#a3a3a3;font-size:14px;line-height:24px\">For Our Customers<\/p> \n            \n\n        <\/div>\n\n    <\/div>\n\n  <div style=\"background-color:;height: 25px\" class=\"nicdark_section  \"><\/div>[\/vc_column][vc_column width=\u00a0\u00bb1\/5&Prime;]<div style=\"background-color:;height: 15px\" class=\"nicdark_section  \"><\/div>\n\n    <div class=\"nd_options_section  nd_options_text_align_left \">\n\n        <img decoding=\"async\" style=\"margin-top:10px\" alt=\"\" width=\"80\" src=\"https:\/\/alpenlodge.it\/wp-content\/uploads\/2018\/11\/icon-P.png\">\n\n        <div class=\"nd_options_section nd_options_box_sizing_border_box\">\n            \n            <h3 class=\"  \" style=\"margin:;color:;font-size:px;line-height:px\">PARKING AREA<\/h3> \n            <p class=\"nd_options_second_font  \" style=\"margin:0px 0px 15px 0px;color:#a3a3a3;font-size:14px;line-height:24px\">Free For Our Customers<\/p> \n            \n\n        <\/div>\n\n    <\/div>\n\n  <div style=\"background-color:;height: 25px\" class=\"nicdark_section  \"><\/div>[\/vc_column][vc_column width=\u00a0\u00bb1\/5&Prime;]<div style=\"background-color:;height: 15px\" class=\"nicdark_section  \"><\/div>\n\n    <div class=\"nd_options_section  nd_options_text_align_left \">\n\n        <img decoding=\"async\" style=\"margin-top:10px\" alt=\"\" width=\"80\" src=\"https:\/\/alpenlodge.it\/wp-content\/uploads\/2017\/07\/icon-11.png\">\n\n        <div class=\"nd_options_section nd_options_box_sizing_border_box\">\n            \n            <h3 class=\"  \" style=\"margin:;color:;font-size:px;line-height:px\">LIVIGNO BIKE HOTEL<\/h3> \n            <p class=\"nd_options_second_font  \" style=\"margin:0px 0px 15px 0px;color:#a3a3a3;font-size:14px;line-height:24px\">For Road Bike and MTB lovers<\/p> \n            \n\n        <\/div>\n\n    <\/div>\n\n  <div style=\"background-color:;height: 25px\" class=\"nicdark_section  \"><\/div>[\/vc_column][vc_column width=\u00a0\u00bb1\/5&Prime;][\/vc_column][\/vc_row][vc_row css=\u00a0\u00bb.vc_custom_1492511016596{margin-top: 40px !important;margin-bottom: 20px !important;}\u00a0\u00bb][vc_column el_class=\u00a0\u00bbnd_options_text_align_center\u00a0\u00bb]\n\t<div class=\"nd_options_section nd_options_text_align_center\">\n\t<a style=\"border: px solid;border-radius:px;letter-spacing:2px;line-height:11px;font-size:11px;background-color:#948870;padding:15px 35px;margin:;color:#ffffff\" rel=\"\" href=\"https:\/\/alpenlodge.it\/fr\/services\/\" class=\"nicdark_display_inline_block  nd_options_font_weight_bold nd_options_second_font  \">SEE ALL SERVICES<\/a>\n\t<\/div>\n[\/vc_column][\/vc_row][vc_row full_width=\u00a0\u00bbstretch_row\u00a0\u00bb parallax=\u00a0\u00bbcontent-moving\u00a0\u00bb parallax_image=\u00a0\u00bb10068&Prime; css=\u00a0\u00bb.vc_custom_1745999177178{padding-top: 50px !important;padding-bottom: 50px !important;}\u00a0\u00bb el_class=\u00a0\u00bbnd_options_vc_parallax_filter_2_2&Prime;][vc_column] <p style=\"color:#ffffff;padding:px;text-align:center;font-size:35px;line-height:55px;letter-spacing: px;font-weight:lighter\" class=\"  nd_options_font_size_40_important_all_iphone nd_options_line_height_40_important_all_iphone nd_options_first_font \">Alpenlodge*** Apartments Livigno<\/p> [vc_column_text]\n    <div id=\"booking-box\" style=\"display:block;width:100%;\">\n      <div class=\"container bookingContainer\">\n<div class=\"row\">\n        <form name=\"formWuBook\" id=\"formWuBook\" method=\"get\" action=\"https:\/\/wubook.net\/wbkd\/wbk\/\" target=\"_blank\">\n          <input type=\"hidden\" name=\"lcode\" value=\"1381181660\" \/>\n        <div class=\"col-md-3\" style=\"float:left;background-color: #78635a;color: #fff;padding: 20px;text-align: center;letter-spacing: 2px;font-size: 16px;font-family:Poppins;\"> BOOKING ONLINE<\/div>\n        <div class=\"input-date col-md-2\">\n          <label style=\"text-align: center;display: block;letter-spacing: 2px;font-weight: bolder;font-size: 16px;\">Arrivo<\/label>\n          <input id=\"dfrom\" type=\"text\" name=\"dfrom\" class=\"dateinput\" value=\"\" \/>\n        <\/div>\n        <div class=\"input-date col-md-2\">\n        \t<label style=\"text-align: center;display: block;letter-spacing: 2px;font-weight: bolder;font-size: 16px;\">Partenza<\/label>\n        \t<input id=\"dto\" type=\"text\" name=\"dto\" class=\"dateinput\" value=\"\" \/>\n        <\/div>\n        <div class=\"col-md-2\" style=\"float:left\">\n\t\t<img decoding=\"async\" id=\"img_booking\" src=\"https:\/\/www.alpenlodge.it\/wp-content\/uploads\/2019\/01\/appartamenti-livigno-booking-alpenlodge.png\"  alt=\"Alpenlodge Apartmens Livigno Reservation Cards\">\n        <\/div>\n        <div class=\"col-md-3\" id=\"input-button\">\n         <button class=\"wb-submit col\" id=\"check-button\" type=\"submit\">Mostra disponibilit\u00e0<\/button>\n        <\/div>\n        <\/form>\n\n<\/div>\n      <\/div><!-- \/.container -->\n    <\/div><!-- \/.booking-box -->\n\t<script src=\"https:\/\/alpenlodge.it\/wp-content\/plugins\/wubook-shortcode\/wubook-script.js\"><\/script>[\/vc_column_text][\/vc_column][\/vc_row]<\/p>\n<\/div>","protected":false},"excerpt":{"rendered":"<p>[vc_row full_width=\u00a0\u00bbstretch_row_content\u00a0\u00bb][vc_column width=\u00a0\u00bb1\/12&Prime;][\/vc_column][vc_column width=\u00a0\u00bb1\/4&Prime; css=\u00a0\u00bb.vc_custom_1541584439599{margin-top: 10px !important;margin-bottom: 10px !important;padding-top: 0px !important;padding-right: 40px !important;}\u00a0\u00bb][\/vc_column][vc_column width=\u00a0\u00bb7\/12&Prime; css=\u00a0\u00bb.vc_custom_1542715950761{margin-top: 10px !important;margin-bottom: 10px !important;padding-top: 0px !important;}\u00a0\u00bb][vc_column_text el_class=\u00a0\u00bbnd_options_text_align_center_responsive\u00a0\u00bb] La passion de la Famille pour la montagne et pour tout ce qui la concerne se refl\u00e8te bien dans l&rsquo;architecture et l&rsquo;ameublement des maisons de vacance. &nbsp; Situ\u00e9es dans un endroit tranquille et [&hellip;]<\/p>\n","protected":false},"author":1,"featured_media":0,"parent":0,"menu_order":0,"comment_status":"closed","ping_status":"closed","template":"","meta":{"footnotes":""},"class_list":["post-5262","page","type-page","status-publish","hentry"],"yoast_head":"<!-- This site is optimized with the Yoast SEO plugin v27.5 - https:\/\/yoast.com\/product\/yoast-seo-wordpress\/ -->\n<title>Qui sommes nous - Famille Moretti - Alpenlodge Apartments Livigno<\/title>\n<meta name=\"description\" content=\"La Famille Moretti, c&#039;est-\u00e0-dire mamma Rita et les fr\u00e8res Stefano, Michela, Luca et Carlo, est heureuse de vous accueillir et de vous pr\u00e9senter ses r\u00e9sidences touristiques BAITA lungo RIN et MICHELA HOUSE, l&#039;id\u00e9al pour passer d&#039;agr\u00e9ables vacances sous le signe de la d\u00e9tente.\" \/>\n<meta name=\"robots\" content=\"index, follow, max-snippet:-1, max-image-preview:large, max-video-preview:-1\" \/>\n<link rel=\"canonical\" href=\"https:\/\/alpenlodge.it\/fr\/qui-sommes-nous\/\" \/>\n<meta property=\"og:locale\" content=\"fr_FR\" \/>\n<meta property=\"og:type\" content=\"article\" \/>\n<meta property=\"og:title\" content=\"Qui sommes nous - Famille Moretti - Alpenlodge Apartments Livigno\" \/>\n<meta property=\"og:description\" content=\"La Famille Moretti, c&#039;est-\u00e0-dire mamma Rita et les fr\u00e8res Stefano, Michela, Luca et Carlo, est heureuse de vous accueillir et de vous pr\u00e9senter ses r\u00e9sidences touristiques BAITA lungo RIN et MICHELA HOUSE, l&#039;id\u00e9al pour passer d&#039;agr\u00e9ables vacances sous le signe de la d\u00e9tente.\" \/>\n<meta property=\"og:url\" content=\"https:\/\/alpenlodge.it\/fr\/qui-sommes-nous\/\" \/>\n<meta property=\"og:site_name\" content=\"Alpenlodge Appartamenti Livigno\" \/>\n<meta property=\"article:publisher\" content=\"https:\/\/www.facebook.com\/profile.php?id=100025235413120\" \/>\n<meta property=\"article:modified_time\" content=\"2025-10-03T14:29:29+00:00\" \/>\n<meta name=\"twitter:card\" content=\"summary_large_image\" \/>\n<meta name=\"twitter:label1\" content=\"Dur\u00e9e de lecture estim\u00e9e\" \/>\n\t<meta name=\"twitter:data1\" content=\"3 minutes\" \/>\n<!-- \/ Yoast SEO plugin. -->","yoast_head_json":{"title":"Qui sommes nous - Famille Moretti - Alpenlodge Apartments Livigno","description":"La Famille Moretti, c'est-\u00e0-dire mamma Rita et les fr\u00e8res Stefano, Michela, Luca et Carlo, est heureuse de vous accueillir et de vous pr\u00e9senter ses r\u00e9sidences touristiques BAITA lungo RIN et MICHELA HOUSE, l'id\u00e9al pour passer d'agr\u00e9ables vacances sous le signe de la d\u00e9tente.","robots":{"index":"index","follow":"follow","max-snippet":"max-snippet:-1","max-image-preview":"max-image-preview:large","max-video-preview":"max-video-preview:-1"},"canonical":"https:\/\/alpenlodge.it\/fr\/qui-sommes-nous\/","og_locale":"fr_FR","og_type":"article","og_title":"Qui sommes nous - Famille Moretti - Alpenlodge Apartments Livigno","og_description":"La Famille Moretti, c'est-\u00e0-dire mamma Rita et les fr\u00e8res Stefano, Michela, Luca et Carlo, est heureuse de vous accueillir et de vous pr\u00e9senter ses r\u00e9sidences touristiques BAITA lungo RIN et MICHELA HOUSE, l'id\u00e9al pour passer d'agr\u00e9ables vacances sous le signe de la d\u00e9tente.","og_url":"https:\/\/alpenlodge.it\/fr\/qui-sommes-nous\/","og_site_name":"Alpenlodge Appartamenti Livigno","article_publisher":"https:\/\/www.facebook.com\/profile.php?id=100025235413120","article_modified_time":"2025-10-03T14:29:29+00:00","twitter_card":"summary_large_image","twitter_misc":{"Dur\u00e9e de lecture estim\u00e9e":"3 minutes"},"schema":{"@context":"https:\/\/schema.org","@graph":[{"@type":"WebPage","@id":"https:\/\/alpenlodge.it\/fr\/qui-sommes-nous\/","url":"https:\/\/alpenlodge.it\/fr\/qui-sommes-nous\/","name":"Qui sommes nous - Famille Moretti - Alpenlodge Apartments Livigno","isPartOf":{"@id":"https:\/\/alpenlodge.it\/#website"},"datePublished":"2019-02-19T08:14:20+00:00","dateModified":"2025-10-03T14:29:29+00:00","description":"La Famille Moretti, c'est-\u00e0-dire mamma Rita et les fr\u00e8res Stefano, Michela, Luca et Carlo, est heureuse de vous accueillir et de vous pr\u00e9senter ses r\u00e9sidences touristiques BAITA lungo RIN et MICHELA HOUSE, l'id\u00e9al pour passer d'agr\u00e9ables vacances sous le signe de la d\u00e9tente.","breadcrumb":{"@id":"https:\/\/alpenlodge.it\/fr\/qui-sommes-nous\/#breadcrumb"},"inLanguage":"fr-FR","potentialAction":[{"@type":"ReadAction","target":["https:\/\/alpenlodge.it\/fr\/qui-sommes-nous\/"]}]},{"@type":"BreadcrumbList","@id":"https:\/\/alpenlodge.it\/fr\/qui-sommes-nous\/#breadcrumb","itemListElement":[{"@type":"ListItem","position":1,"name":"Home","item":"https:\/\/alpenlodge.it\/fr\/"},{"@type":"ListItem","position":2,"name":"qui-sommes-nous"}]},{"@type":"WebSite","@id":"https:\/\/alpenlodge.it\/#website","url":"https:\/\/alpenlodge.it\/","name":"Alpenlodge Appartamenti Livigno","description":"","publisher":{"@id":"https:\/\/alpenlodge.it\/#organization"},"potentialAction":[{"@type":"SearchAction","target":{"@type":"EntryPoint","urlTemplate":"https:\/\/alpenlodge.it\/?s={search_term_string}"},"query-input":{"@type":"PropertyValueSpecification","valueRequired":true,"valueName":"search_term_string"}}],"inLanguage":"fr-FR"},{"@type":"Organization","@id":"https:\/\/alpenlodge.it\/#organization","name":"Alpenlodge Appartamenti Livigno","url":"https:\/\/alpenlodge.it\/","logo":{"@type":"ImageObject","inLanguage":"fr-FR","@id":"https:\/\/alpenlodge.it\/#\/schema\/logo\/image\/","url":"https:\/\/alpenlodge.it\/wp-content\/uploads\/2018\/11\/alpenlodge-logo.png","contentUrl":"https:\/\/alpenlodge.it\/wp-content\/uploads\/2018\/11\/alpenlodge-logo.png","width":438,"height":129,"caption":"Alpenlodge Appartamenti Livigno"},"image":{"@id":"https:\/\/alpenlodge.it\/#\/schema\/logo\/image\/"},"sameAs":["https:\/\/www.facebook.com\/profile.php?id=100025235413120"]}]}},"_links":{"self":[{"href":"https:\/\/alpenlodge.it\/fr\/wp-json\/wp\/v2\/pages\/5262","targetHints":{"allow":["GET"]}}],"collection":[{"href":"https:\/\/alpenlodge.it\/fr\/wp-json\/wp\/v2\/pages"}],"about":[{"href":"https:\/\/alpenlodge.it\/fr\/wp-json\/wp\/v2\/types\/page"}],"author":[{"embeddable":true,"href":"https:\/\/alpenlodge.it\/fr\/wp-json\/wp\/v2\/users\/1"}],"replies":[{"embeddable":true,"href":"https:\/\/alpenlodge.it\/fr\/wp-json\/wp\/v2\/comments?post=5262"}],"version-history":[{"count":2,"href":"https:\/\/alpenlodge.it\/fr\/wp-json\/wp\/v2\/pages\/5262\/revisions"}],"predecessor-version":[{"id":10074,"href":"https:\/\/alpenlodge.it\/fr\/wp-json\/wp\/v2\/pages\/5262\/revisions\/10074"}],"wp:attachment":[{"href":"https:\/\/alpenlodge.it\/fr\/wp-json\/wp\/v2\/media?parent=5262"}],"curies":[{"name":"wp","href":"https:\/\/api.w.org\/{rel}","templated":true}]}}