{"id":4693,"date":"2019-01-25T09:51:53","date_gmt":"2019-01-25T09:51:53","guid":{"rendered":"https:\/\/alpenlodge.it\/?page_id=4693"},"modified":"2021-10-13T07:28:47","modified_gmt":"2021-10-13T07:28:47","slug":"baita-lungo-rin","status":"publish","type":"page","link":"https:\/\/alpenlodge.it\/de\/baita-lungo-rin\/","title":{"rendered":"Baita Lungo Rin"},"content":{"rendered":"<div class=\"wpb-content-wrapper\"><p>[vc_row full_width=&#8220;stretch_row_content_no_spaces&#8220; css=&#8220;.vc_custom_1634110122926{margin-top: -50px !important;background-image: url(https:\/\/alpenlodge.it\/wp-content\/uploads\/2018\/11\/bg_baitalungo.jpg?id=4399) !important;background-position: center !important;background-repeat: no-repeat !important;background-size: cover !important;}&#8220; el_class=&#8220;nd_options_overflow_visible_important&#8220;][vc_column][vc_row_inner css=&#8220;.vc_custom_1486118361106{padding-top: 100px !important;padding-bottom: 100px !important;}&#8220; el_class=&#8220;nd_options_bg_greydark_alpha_gradient_3&#8243;][vc_column_inner width=&#8220;1\/4&#8243;][\/vc_column_inner][vc_column_inner width=&#8220;1\/2&#8243; css=&#8220;.vc_custom_1542886752093{padding-top: 20px !important;padding-right: 20px !important;padding-bottom: 20px !important;padding-left: 20px !important;}&#8220;] <h1 style=\"color:#ffffff;padding:px;text-align:center;font-size:55px;line-height:55px;letter-spacing: px;font-weight:lighter\" class=\"  nd_options_font_size_40_important_all_iphone nd_options_line_height_40_important_all_iphone nd_options_first_font \">BAITA LUNGO RIN<\/h1> [\/vc_column_inner][vc_column_inner width=&#8220;1\/4&#8243;][\/vc_column_inner][\/vc_row_inner][\/vc_column][\/vc_row][vc_row full_width=&#8220;stretch_row_content&#8220;][vc_column width=&#8220;1\/12&#8243;][\/vc_column][vc_column width=&#8220;1\/2&#8243; css=&#8220;.vc_custom_1542887385685{margin-bottom: 10px !important;padding-top: 0px !important;}&#8220;][vc_row_inner][vc_column_inner width=&#8220;11\/12&#8243;]<div style=\"background-color:#ffffff;height: 20px\" class=\"nicdark_section  \"><\/div>[vc_column_text]<\/p>\n<p style=\"text-align: justify;\">Rin, das im lokalen Dialekt Bach bedeutet, ist der Umfang, an dem entlang sich das Haus der Cusini-Generationen befindet.<\/p>\n<p>&nbsp;<\/p>\n<p>Erbaut nach dem verheerenden Lawinenungl\u00fcck, das in einer Zone von Livigno viele H\u00e4user dem Erdboden gleich gemacht hat, wurde die sich im Besitz von Gro\u00dfvater Candido befindende Baita in den Jahren bis heute modernisiert, wobei die typischen Eigenschaften eines Hauses in den Bergen unver\u00e4ndert blieben.<\/p>\n<p>&nbsp;<\/p>\n<p style=\"text-align: justify;\">In nur 400 m Entfernung von der zentralen Fu\u00dfg\u00e4ngerzone liegend und umgeben von den gr\u00fcnen Wiesen des Tals von Livigno ist sie eine intelligente Wahl f\u00fcr alle, die die Ressourcen so gut und so bequem wie m\u00f6glich nutzen m\u00f6chten, die Livigno seinen G\u00e4sten zu bieten hat.<\/p>\n<p>&nbsp;<\/p>\n<p style=\"text-align: justify;\">Von der <strong>Baita Lungo Rin<\/strong> kann man, nachdem man das Fahrzeug auf dem reservierten und gro\u00dfen Parkplatz zur\u00fcckl\u00e4sst, zu Wanderungen auf den Bike- und Trekkingwegen starten, die in nur 300 m Entfernung ihren Startpunkt haben, sowie in der Wintersaison 80 km Langlaufloipen genie\u00dfen oder mit angeschnallten Skiern ohne Notwendigkeit anderer Transportmittel die Liftanlagen erreichen, um Alpinskisport zu betreiben. (ski in-ski out)<\/p>\n<p>&nbsp;<\/p>\n<p style=\"text-align: justify;\">Die Apartments der Baita sind bis ins kleinste Detail gepflegt und werden jedem modernen Anspruch gerecht, ohne jedoch auf den alpinen Charakter zu verzichten, mit dem die Familie aufgewachsen ist.<\/p>\n<p>[\/vc_column_text][\/vc_column_inner][vc_column_inner width=&#8220;1\/12&#8243;][\/vc_column_inner][\/vc_row_inner][\/vc_column][vc_column width=&#8220;1\/3&#8243;][vc_gmaps link=&#8220;#E-8_JTNDaWZyYW1lJTIwc3JjJTNEJTIyaHR0cHMlM0ElMkYlMkZ3d3cuZ29vZ2xlLmNvbSUyRm1hcHMlMkZlbWJlZCUzRnBiJTNEJTIxMW0xNCUyMTFtOCUyMTFtMyUyMTFkODc4MzMuODAyNzE3NDUyMzQlMjEyZDEwLjEyOTIyMSUyMTNkNDYuNTMxNzM0JTIxM20yJTIxMWkxMDI0JTIxMmk3NjglMjE0ZjEzLjElMjEzbTMlMjExbTIlMjExczB4NDc4MzZkZjg3ZGIxNzk2ZiUyNTNBMHgzYWRkZDAwZTkyZWU4ZjEwJTIxMnNWaWElMkJSaW4lMjUyQyUyQjQyMSUyNTJDJTJCMjMwMzAlMkJMaXZpZ25vJTJCU08lMjUyQyUyQkl0YWxpYSUyMTVlMCUyMTNtMiUyMTFzaXQlMjEyc3VzJTIxNHYxNTQ0MDA2NDA0MTAyJTIyJTIwd2lkdGglM0QlMjI2MDAlMjIlMjBoZWlnaHQlM0QlMjI0NTAlMjIlMjBmcmFtZWJvcmRlciUzRCUyMjAlMjIlMjBzdHlsZSUzRCUyMmJvcmRlciUzQTAlMjIlMjBhbGxvd2Z1bGxzY3JlZW4lM0UlM0MlMkZpZnJhbWUlM0U=&#8220;][\/vc_column][vc_column width=&#8220;1\/12&#8243;][\/vc_column][\/vc_row][vc_row][vc_column width=&#8220;1\/12&#8243;][\/vc_column][vc_column width=&#8220;5\/6&#8243;]<div style=\"background-color:#f1f1f1;height: 1px\" class=\"nicdark_section  \"><\/div><div style=\"background-color:;height: 30px\" class=\"nicdark_section  \"><\/div>[vc_custom_heading text=&#8220;Ferienwohnungen Baita Lungo Rin&#8220; font_container=&#8220;tag:h3|font_size:40|text_align:center|line_height:1&#8243; use_theme_fonts=&#8220;yes&#8220;]<div style=\"background-color:;height: 30px\" class=\"nicdark_section  \"><\/div>[vc_row_inner][vc_column_inner][vc_basic_grid post_type=&#8220;ids&#8220; item=&#8220;4522&#8243; grid_id=&#8220;vc_gid:1634109979505-095c1eb4-181b-6&#8243; include=&#8220;2539, 2803, 2816&#8243;][\/vc_column_inner][\/vc_row_inner][\/vc_column][vc_column width=&#8220;1\/12&#8243;][\/vc_column][\/vc_row]<\/p>\n<\/div>","protected":false},"excerpt":{"rendered":"<p>[vc_row full_width=&#8220;stretch_row_content_no_spaces&#8220; css=&#8220;.vc_custom_1634110122926{margin-top: -50px !important;background-image: url(https:\/\/alpenlodge.it\/wp-content\/uploads\/2018\/11\/bg_baitalungo.jpg?id=4399) !important;background-position: center !important;background-repeat: no-repeat !important;background-size: cover !important;}&#8220; el_class=&#8220;nd_options_overflow_visible_important&#8220;][vc_column][vc_row_inner css=&#8220;.vc_custom_1486118361106{padding-top: 100px !important;padding-bottom: 100px !important;}&#8220; el_class=&#8220;nd_options_bg_greydark_alpha_gradient_3&#8243;][vc_column_inner width=&#8220;1\/4&#8243;][\/vc_column_inner][vc_column_inner width=&#8220;1\/2&#8243; css=&#8220;.vc_custom_1542886752093{padding-top: 20px !important;padding-right: 20px !important;padding-bottom: 20px !important;padding-left: 20px !important;}&#8220;][\/vc_column_inner][vc_column_inner width=&#8220;1\/4&#8243;][\/vc_column_inner][\/vc_row_inner][\/vc_column][\/vc_row][vc_row full_width=&#8220;stretch_row_content&#8220;][vc_column width=&#8220;1\/12&#8243;][\/vc_column][vc_column width=&#8220;1\/2&#8243; css=&#8220;.vc_custom_1542887385685{margin-bottom: 10px !important;padding-top: 0px !important;}&#8220;][vc_row_inner][vc_column_inner width=&#8220;11\/12&#8243;][vc_column_text] Rin, das im lokalen Dialekt Bach bedeutet, ist der Umfang, an dem entlang sich [&hellip;]<\/p>\n","protected":false},"author":1,"featured_media":4588,"parent":0,"menu_order":0,"comment_status":"closed","ping_status":"closed","template":"","meta":{"footnotes":""},"class_list":["post-4693","page","type-page","status-publish","has-post-thumbnail","hentry"],"yoast_head":"<!-- This site is optimized with the Yoast SEO plugin v27.5 - https:\/\/yoast.com\/product\/yoast-seo-wordpress\/ -->\n<title>Baita Lungo Rin - Alpenlodge Appartamenti Livigno<\/title>\n<meta name=\"robots\" content=\"index, follow, max-snippet:-1, max-image-preview:large, max-video-preview:-1\" \/>\n<link rel=\"canonical\" href=\"https:\/\/alpenlodge.it\/baita-lungo-rin\/\" \/>\n<meta property=\"og:locale\" content=\"de_DE\" \/>\n<meta property=\"og:type\" content=\"article\" \/>\n<meta property=\"og:title\" content=\"Baita Lungo Rin - Alpenlodge Appartamenti Livigno\" \/>\n<meta property=\"og:description\" content=\"[vc_row full_width=&#8220;stretch_row_content_no_spaces&#8220; css=&#8220;.vc_custom_1634110122926{margin-top: -50px !important;background-image: url(https:\/\/alpenlodge.it\/wp-content\/uploads\/2018\/11\/bg_baitalungo.jpg?id=4399) !important;background-position: center !important;background-repeat: no-repeat !important;background-size: cover !important;}&#8220; el_class=&#8220;nd_options_overflow_visible_important&#8220;][vc_column][vc_row_inner css=&#8220;.vc_custom_1486118361106{padding-top: 100px !important;padding-bottom: 100px !important;}&#8220; el_class=&#8220;nd_options_bg_greydark_alpha_gradient_3&#8243;][vc_column_inner width=&#8220;1\/4&#8243;][\/vc_column_inner][vc_column_inner width=&#8220;1\/2&#8243; css=&#8220;.vc_custom_1542886752093{padding-top: 20px !important;padding-right: 20px !important;padding-bottom: 20px !important;padding-left: 20px !important;}&#8220;][\/vc_column_inner][vc_column_inner width=&#8220;1\/4&#8243;][\/vc_column_inner][\/vc_row_inner][\/vc_column][\/vc_row][vc_row full_width=&#8220;stretch_row_content&#8220;][vc_column width=&#8220;1\/12&#8243;][\/vc_column][vc_column width=&#8220;1\/2&#8243; css=&#8220;.vc_custom_1542887385685{margin-bottom: 10px !important;padding-top: 0px !important;}&#8220;][vc_row_inner][vc_column_inner width=&#8220;11\/12&#8243;][vc_column_text] Rin, das im lokalen Dialekt Bach bedeutet, ist der Umfang, an dem entlang sich [&hellip;]\" \/>\n<meta property=\"og:url\" content=\"https:\/\/alpenlodge.it\/baita-lungo-rin\/\" \/>\n<meta property=\"og:site_name\" content=\"Alpenlodge Appartamenti Livigno\" \/>\n<meta property=\"article:publisher\" content=\"https:\/\/www.facebook.com\/profile.php?id=100025235413120\" \/>\n<meta property=\"article:modified_time\" content=\"2021-10-13T07:28:47+00:00\" \/>\n<meta property=\"og:image\" content=\"https:\/\/alpenlodge.it\/wp-content\/uploads\/2018\/11\/2015051934_2014102936_baita-lungho-rin1big.jpg\" \/>\n\t<meta property=\"og:image:width\" content=\"600\" \/>\n\t<meta property=\"og:image:height\" content=\"441\" \/>\n\t<meta property=\"og:image:type\" content=\"image\/jpeg\" \/>\n<meta name=\"twitter:card\" content=\"summary_large_image\" \/>\n<meta name=\"twitter:label1\" content=\"Gesch\u00e4tzte Lesezeit\" \/>\n\t<meta name=\"twitter:data1\" content=\"3\u00a0Minuten\" \/>\n<!-- \/ Yoast SEO plugin. -->","yoast_head_json":{"title":"Baita Lungo Rin - Alpenlodge Appartamenti Livigno","robots":{"index":"index","follow":"follow","max-snippet":"max-snippet:-1","max-image-preview":"max-image-preview:large","max-video-preview":"max-video-preview:-1"},"canonical":"https:\/\/alpenlodge.it\/baita-lungo-rin\/","og_locale":"de_DE","og_type":"article","og_title":"Baita Lungo Rin - Alpenlodge Appartamenti Livigno","og_description":"[vc_row full_width=&#8220;stretch_row_content_no_spaces&#8220; css=&#8220;.vc_custom_1634110122926{margin-top: -50px !important;background-image: url(https:\/\/alpenlodge.it\/wp-content\/uploads\/2018\/11\/bg_baitalungo.jpg?id=4399) !important;background-position: center !important;background-repeat: no-repeat !important;background-size: cover !important;}&#8220; el_class=&#8220;nd_options_overflow_visible_important&#8220;][vc_column][vc_row_inner css=&#8220;.vc_custom_1486118361106{padding-top: 100px !important;padding-bottom: 100px !important;}&#8220; el_class=&#8220;nd_options_bg_greydark_alpha_gradient_3&#8243;][vc_column_inner width=&#8220;1\/4&#8243;][\/vc_column_inner][vc_column_inner width=&#8220;1\/2&#8243; css=&#8220;.vc_custom_1542886752093{padding-top: 20px !important;padding-right: 20px !important;padding-bottom: 20px !important;padding-left: 20px !important;}&#8220;][\/vc_column_inner][vc_column_inner width=&#8220;1\/4&#8243;][\/vc_column_inner][\/vc_row_inner][\/vc_column][\/vc_row][vc_row full_width=&#8220;stretch_row_content&#8220;][vc_column width=&#8220;1\/12&#8243;][\/vc_column][vc_column width=&#8220;1\/2&#8243; css=&#8220;.vc_custom_1542887385685{margin-bottom: 10px !important;padding-top: 0px !important;}&#8220;][vc_row_inner][vc_column_inner width=&#8220;11\/12&#8243;][vc_column_text] Rin, das im lokalen Dialekt Bach bedeutet, ist der Umfang, an dem entlang sich [&hellip;]","og_url":"https:\/\/alpenlodge.it\/baita-lungo-rin\/","og_site_name":"Alpenlodge Appartamenti Livigno","article_publisher":"https:\/\/www.facebook.com\/profile.php?id=100025235413120","article_modified_time":"2021-10-13T07:28:47+00:00","og_image":[{"width":600,"height":441,"url":"https:\/\/alpenlodge.it\/wp-content\/uploads\/2018\/11\/2015051934_2014102936_baita-lungho-rin1big.jpg","type":"image\/jpeg"}],"twitter_card":"summary_large_image","twitter_misc":{"Gesch\u00e4tzte Lesezeit":"3\u00a0Minuten"},"schema":{"@context":"https:\/\/schema.org","@graph":[{"@type":"WebPage","@id":"https:\/\/alpenlodge.it\/baita-lungo-rin\/","url":"https:\/\/alpenlodge.it\/baita-lungo-rin\/","name":"Baita Lungo Rin - Alpenlodge Appartamenti Livigno","isPartOf":{"@id":"https:\/\/alpenlodge.it\/#website"},"primaryImageOfPage":{"@id":"https:\/\/alpenlodge.it\/baita-lungo-rin\/#primaryimage"},"image":{"@id":"https:\/\/alpenlodge.it\/baita-lungo-rin\/#primaryimage"},"thumbnailUrl":"https:\/\/alpenlodge.it\/wp-content\/uploads\/2018\/11\/2015051934_2014102936_baita-lungho-rin1big.jpg","datePublished":"2019-01-25T09:51:53+00:00","dateModified":"2021-10-13T07:28:47+00:00","breadcrumb":{"@id":"https:\/\/alpenlodge.it\/baita-lungo-rin\/#breadcrumb"},"inLanguage":"de","potentialAction":[{"@type":"ReadAction","target":["https:\/\/alpenlodge.it\/baita-lungo-rin\/"]}]},{"@type":"ImageObject","inLanguage":"de","@id":"https:\/\/alpenlodge.it\/baita-lungo-rin\/#primaryimage","url":"https:\/\/alpenlodge.it\/wp-content\/uploads\/2018\/11\/2015051934_2014102936_baita-lungho-rin1big.jpg","contentUrl":"https:\/\/alpenlodge.it\/wp-content\/uploads\/2018\/11\/2015051934_2014102936_baita-lungho-rin1big.jpg","width":600,"height":441},{"@type":"BreadcrumbList","@id":"https:\/\/alpenlodge.it\/baita-lungo-rin\/#breadcrumb","itemListElement":[{"@type":"ListItem","position":1,"name":"Home","item":"https:\/\/alpenlodge.it\/de\/"},{"@type":"ListItem","position":2,"name":"Baita Lungo Rin"}]},{"@type":"WebSite","@id":"https:\/\/alpenlodge.it\/#website","url":"https:\/\/alpenlodge.it\/","name":"Alpenlodge Appartamenti Livigno","description":"","publisher":{"@id":"https:\/\/alpenlodge.it\/#organization"},"potentialAction":[{"@type":"SearchAction","target":{"@type":"EntryPoint","urlTemplate":"https:\/\/alpenlodge.it\/?s={search_term_string}"},"query-input":{"@type":"PropertyValueSpecification","valueRequired":true,"valueName":"search_term_string"}}],"inLanguage":"de"},{"@type":"Organization","@id":"https:\/\/alpenlodge.it\/#organization","name":"Alpenlodge Appartamenti Livigno","url":"https:\/\/alpenlodge.it\/","logo":{"@type":"ImageObject","inLanguage":"de","@id":"https:\/\/alpenlodge.it\/#\/schema\/logo\/image\/","url":"https:\/\/alpenlodge.it\/wp-content\/uploads\/2018\/11\/alpenlodge-logo.png","contentUrl":"https:\/\/alpenlodge.it\/wp-content\/uploads\/2018\/11\/alpenlodge-logo.png","width":438,"height":129,"caption":"Alpenlodge Appartamenti Livigno"},"image":{"@id":"https:\/\/alpenlodge.it\/#\/schema\/logo\/image\/"},"sameAs":["https:\/\/www.facebook.com\/profile.php?id=100025235413120"]}]}},"_links":{"self":[{"href":"https:\/\/alpenlodge.it\/de\/wp-json\/wp\/v2\/pages\/4693","targetHints":{"allow":["GET"]}}],"collection":[{"href":"https:\/\/alpenlodge.it\/de\/wp-json\/wp\/v2\/pages"}],"about":[{"href":"https:\/\/alpenlodge.it\/de\/wp-json\/wp\/v2\/types\/page"}],"author":[{"embeddable":true,"href":"https:\/\/alpenlodge.it\/de\/wp-json\/wp\/v2\/users\/1"}],"replies":[{"embeddable":true,"href":"https:\/\/alpenlodge.it\/de\/wp-json\/wp\/v2\/comments?post=4693"}],"version-history":[{"count":0,"href":"https:\/\/alpenlodge.it\/de\/wp-json\/wp\/v2\/pages\/4693\/revisions"}],"wp:featuredmedia":[{"embeddable":true,"href":"https:\/\/alpenlodge.it\/de\/wp-json\/wp\/v2\/media\/4588"}],"wp:attachment":[{"href":"https:\/\/alpenlodge.it\/de\/wp-json\/wp\/v2\/media?parent=4693"}],"curies":[{"name":"wp","href":"https:\/\/api.w.org\/{rel}","templated":true}]}}