{"id":4681,"date":"2019-01-25T09:44:44","date_gmt":"2019-01-25T09:44:44","guid":{"rendered":"https:\/\/alpenlodge.it\/?page_id=4681"},"modified":"2020-10-01T11:10:18","modified_gmt":"2020-10-01T11:10:18","slug":"michela-house","status":"publish","type":"page","link":"https:\/\/alpenlodge.it\/de\/michela-house\/","title":{"rendered":"Michela House"},"content":{"rendered":"<div class=\"wpb-content-wrapper\"><p>[vc_row full_width=&#8220;stretch_row_content_no_spaces&#8220; css=&#8220;.vc_custom_1549008026886{margin-top: -50px !important;background-image: url(https:\/\/alpenlodge.it\/wp-content\/uploads\/2018\/11\/2015032414_michela_esterno.jpg?id=1672) !important;background-position: center !important;background-repeat: no-repeat !important;background-size: cover !important;}&#8220; el_class=&#8220;nd_options_overflow_visible_important&#8220;][vc_column][vc_row_inner css=&#8220;.vc_custom_1486118361106{padding-top: 100px !important;padding-bottom: 100px !important;}&#8220; el_class=&#8220;nd_options_bg_greydark_alpha_gradient_3&#8243;][vc_column_inner width=&#8220;1\/4&#8243;][\/vc_column_inner][vc_column_inner width=&#8220;1\/2&#8243; css=&#8220;.vc_custom_1542886752093{padding-top: 20px !important;padding-right: 20px !important;padding-bottom: 20px !important;padding-left: 20px !important;}&#8220;] <h1 style=\"color:#ffffff;padding:px;text-align:center;font-size:55px;line-height:55px;letter-spacing: px;font-weight:lighter\" class=\"  nd_options_font_size_40_important_all_iphone nd_options_line_height_40_important_all_iphone nd_options_first_font \">MICHELA HOUSE<\/h1> [\/vc_column_inner][vc_column_inner width=&#8220;1\/4&#8243;][\/vc_column_inner][\/vc_row_inner][\/vc_column][\/vc_row][vc_row full_width=&#8220;stretch_row_content&#8220;][vc_column width=&#8220;1\/12&#8243;][\/vc_column][vc_column width=&#8220;1\/2&#8243; css=&#8220;.vc_custom_1542887385685{margin-bottom: 10px !important;padding-top: 0px !important;}&#8220;][vc_row_inner][vc_column_inner width=&#8220;11\/12&#8243;]<div style=\"background-color:#ffffff;height: 20px\" class=\"nicdark_section  \"><\/div>[vc_column_text]<\/p>\n<p style=\"text-align: justify;\"><strong>Michela House<\/strong>,\u00a0ein Ort, um faszinierende Ferien zu verbringen, vor kurzem erbaut (Dez. 2003), am Ausgangspunkt vieler Attraktionen gelegen, die Livigno seinen G\u00e4sten bietet.<\/p>\n<p>&nbsp;<\/p>\n<p>Das nur 300 m vom Fu\u00df- und Radweg gelegene Ferienhaus ist leicht auffindbar wegen des starken Kontrasts, den das Holz und die Sichtsteine bilden. Sehr g\u00fcnstig ist auch die Lage des Michela House, von dem man mit angeschnallten Skiern problemlos die Liftanlagen (ski in-ski out) und die Langlaufloipen erreichen kann.<\/p>\n<p>&nbsp;<\/p>\n<p style=\"text-align: justify;\">Das sehr einladende Haus ist gut ausgestattet mit Skidepot, privatem Spind mit Skischuhw\u00e4rmer, Raddepot und Waschbereich. Es verf\u00fcgt \u00fcber zwei 8-Personen-Apartments, die von den Eigent\u00fcmern mit allem ausgestattet wurden, was ein bequemes, entspannendes und sehr praktisches Apartment ausmacht. Die G\u00e4ste des Michela House werden sich wie im eigenen Heim f\u00fchlen.<\/p>\n<p>[\/vc_column_text][\/vc_column_inner][vc_column_inner width=&#8220;1\/12&#8243;][\/vc_column_inner][\/vc_row_inner][\/vc_column][vc_column width=&#8220;1\/3&#8243;][vc_gmaps link=&#8220;#E-8_JTNDaWZyYW1lJTIwc3JjJTNEJTIyaHR0cHMlM0ElMkYlMkZ3d3cuZ29vZ2xlLmNvbSUyRm1hcHMlMkZlbWJlZCUzRnBiJTNEJTIxMW0xNCUyMTFtOCUyMTFtMyUyMTFkMTE1NjQuODg3Mjc5MzAyNzY2JTIxMmQxMC4xMDk0MDc1OTA2MDM1ODMlMjEzZDQ2LjUzMjY3NTg3MTMzNjcxNCUyMTNtMiUyMTFpMTAyNCUyMTJpNzY4JTIxNGYxMy4xJTIxM20zJTIxMW0yJTIxMXMweDQ3ODM2ZGY4NjM0ZWFmOGQlMjUzQTB4NjMxYjk3MTE3NjA3YzQwYyUyMTJzVmlhJTJCUmluJTI1MkMlMkIzMzclMjUyQyUyQjIzMDMwJTJCTGl2aWdubyUyQlNPJTIxNWUwJTIxM20yJTIxMXNpdCUyMTJzaXQlMjE0djE1NDE2NjU0NzEwNTAlMjIlMjB3aWR0aCUzRCUyMjYwMCUyMiUyMGhlaWdodCUzRCUyMjQ1MCUyMiUyMGZyYW1lYm9yZGVyJTNEJTIyMCUyMiUyMHN0eWxlJTNEJTIyYm9yZGVyJTNBMCUyMiUyMGFsbG93ZnVsbHNjcmVlbiUzRSUzQyUyRmlmcmFtZSUzRQ==&#8220;][\/vc_column][vc_column width=&#8220;1\/12&#8243;][\/vc_column][\/vc_row][vc_row][vc_column width=&#8220;1\/12&#8243;][\/vc_column][vc_column width=&#8220;5\/6&#8243;]<div style=\"background-color:#f1f1f1;height: 1px\" class=\"nicdark_section  \"><\/div><div style=\"background-color:;height: 30px\" class=\"nicdark_section  \"><\/div>[vc_custom_heading text=&#8220;Ferienwohnungen Michela House &#8211; Livigno&#8220; font_container=&#8220;tag:h3|font_size:40|text_align:center|line_height:1&#8243; use_theme_fonts=&#8220;yes&#8220;]<div style=\"background-color:;height: 30px\" class=\"nicdark_section  \"><\/div>[vc_row_inner][vc_column_inner][vc_basic_grid post_type=&#8220;ids&#8220; item=&#8220;4522&#8243; grid_id=&#8220;vc_gid:1552557282870-ae6855df-09c7-10&#8243; include=&#8220;1867&#8243;][\/vc_column_inner][\/vc_row_inner][\/vc_column][vc_column width=&#8220;1\/12&#8243;][\/vc_column][\/vc_row]<\/p>\n<\/div>","protected":false},"excerpt":{"rendered":"<p>[vc_row full_width=&#8220;stretch_row_content_no_spaces&#8220; css=&#8220;.vc_custom_1549008026886{margin-top: -50px !important;background-image: url(https:\/\/alpenlodge.it\/wp-content\/uploads\/2018\/11\/2015032414_michela_esterno.jpg?id=1672) !important;background-position: center !important;background-repeat: no-repeat !important;background-size: cover !important;}&#8220; el_class=&#8220;nd_options_overflow_visible_important&#8220;][vc_column][vc_row_inner css=&#8220;.vc_custom_1486118361106{padding-top: 100px !important;padding-bottom: 100px !important;}&#8220; el_class=&#8220;nd_options_bg_greydark_alpha_gradient_3&#8243;][vc_column_inner width=&#8220;1\/4&#8243;][\/vc_column_inner][vc_column_inner width=&#8220;1\/2&#8243; css=&#8220;.vc_custom_1542886752093{padding-top: 20px !important;padding-right: 20px !important;padding-bottom: 20px !important;padding-left: 20px !important;}&#8220;][\/vc_column_inner][vc_column_inner width=&#8220;1\/4&#8243;][\/vc_column_inner][\/vc_row_inner][\/vc_column][\/vc_row][vc_row full_width=&#8220;stretch_row_content&#8220;][vc_column width=&#8220;1\/12&#8243;][\/vc_column][vc_column width=&#8220;1\/2&#8243; css=&#8220;.vc_custom_1542887385685{margin-bottom: 10px !important;padding-top: 0px !important;}&#8220;][vc_row_inner][vc_column_inner width=&#8220;11\/12&#8243;][vc_column_text] Michela House,\u00a0ein Ort, um faszinierende Ferien zu verbringen, vor kurzem erbaut (Dez. 2003), am [&hellip;]<\/p>\n","protected":false},"author":1,"featured_media":6100,"parent":0,"menu_order":0,"comment_status":"closed","ping_status":"closed","template":"","meta":{"footnotes":""},"class_list":["post-4681","page","type-page","status-publish","has-post-thumbnail","hentry"],"yoast_head":"<!-- This site is optimized with the Yoast SEO plugin v27.5 - https:\/\/yoast.com\/product\/yoast-seo-wordpress\/ -->\n<title>Michela House - Alpenlodge Appartamenti Livigno<\/title>\n<meta name=\"robots\" content=\"index, follow, max-snippet:-1, max-image-preview:large, max-video-preview:-1\" \/>\n<link rel=\"canonical\" href=\"https:\/\/alpenlodge.it\/michela-house-livigno\/\" \/>\n<meta property=\"og:locale\" content=\"de_DE\" \/>\n<meta property=\"og:type\" content=\"article\" \/>\n<meta property=\"og:title\" content=\"Michela House - Alpenlodge Appartamenti Livigno\" \/>\n<meta property=\"og:description\" content=\"[vc_row full_width=&#8220;stretch_row_content_no_spaces&#8220; css=&#8220;.vc_custom_1549008026886{margin-top: -50px !important;background-image: url(https:\/\/alpenlodge.it\/wp-content\/uploads\/2018\/11\/2015032414_michela_esterno.jpg?id=1672) !important;background-position: center !important;background-repeat: no-repeat !important;background-size: cover !important;}&#8220; el_class=&#8220;nd_options_overflow_visible_important&#8220;][vc_column][vc_row_inner css=&#8220;.vc_custom_1486118361106{padding-top: 100px !important;padding-bottom: 100px !important;}&#8220; el_class=&#8220;nd_options_bg_greydark_alpha_gradient_3&#8243;][vc_column_inner width=&#8220;1\/4&#8243;][\/vc_column_inner][vc_column_inner width=&#8220;1\/2&#8243; css=&#8220;.vc_custom_1542886752093{padding-top: 20px !important;padding-right: 20px !important;padding-bottom: 20px !important;padding-left: 20px !important;}&#8220;][\/vc_column_inner][vc_column_inner width=&#8220;1\/4&#8243;][\/vc_column_inner][\/vc_row_inner][\/vc_column][\/vc_row][vc_row full_width=&#8220;stretch_row_content&#8220;][vc_column width=&#8220;1\/12&#8243;][\/vc_column][vc_column width=&#8220;1\/2&#8243; css=&#8220;.vc_custom_1542887385685{margin-bottom: 10px !important;padding-top: 0px !important;}&#8220;][vc_row_inner][vc_column_inner width=&#8220;11\/12&#8243;][vc_column_text] Michela House,\u00a0ein Ort, um faszinierende Ferien zu verbringen, vor kurzem erbaut (Dez. 2003), am [&hellip;]\" \/>\n<meta property=\"og:url\" content=\"https:\/\/alpenlodge.it\/michela-house-livigno\/\" \/>\n<meta property=\"og:site_name\" content=\"Alpenlodge Appartamenti Livigno\" \/>\n<meta property=\"article:publisher\" content=\"https:\/\/www.facebook.com\/profile.php?id=100025235413120\" \/>\n<meta property=\"article:modified_time\" content=\"2020-10-01T11:10:18+00:00\" \/>\n<meta property=\"og:image\" content=\"https:\/\/alpenlodge.it\/wp-content\/uploads\/2019\/03\/2014102810_michela-house1big-1.jpg\" \/>\n\t<meta property=\"og:image:width\" content=\"600\" \/>\n\t<meta property=\"og:image:height\" content=\"441\" \/>\n\t<meta property=\"og:image:type\" content=\"image\/jpeg\" \/>\n<meta name=\"twitter:card\" content=\"summary_large_image\" \/>\n<meta name=\"twitter:label1\" content=\"Gesch\u00e4tzte Lesezeit\" \/>\n\t<meta name=\"twitter:data1\" content=\"3\u00a0Minuten\" \/>\n<!-- \/ Yoast SEO plugin. -->","yoast_head_json":{"title":"Michela House - Alpenlodge Appartamenti Livigno","robots":{"index":"index","follow":"follow","max-snippet":"max-snippet:-1","max-image-preview":"max-image-preview:large","max-video-preview":"max-video-preview:-1"},"canonical":"https:\/\/alpenlodge.it\/michela-house-livigno\/","og_locale":"de_DE","og_type":"article","og_title":"Michela House - Alpenlodge Appartamenti Livigno","og_description":"[vc_row full_width=&#8220;stretch_row_content_no_spaces&#8220; css=&#8220;.vc_custom_1549008026886{margin-top: -50px !important;background-image: url(https:\/\/alpenlodge.it\/wp-content\/uploads\/2018\/11\/2015032414_michela_esterno.jpg?id=1672) !important;background-position: center !important;background-repeat: no-repeat !important;background-size: cover !important;}&#8220; el_class=&#8220;nd_options_overflow_visible_important&#8220;][vc_column][vc_row_inner css=&#8220;.vc_custom_1486118361106{padding-top: 100px !important;padding-bottom: 100px !important;}&#8220; el_class=&#8220;nd_options_bg_greydark_alpha_gradient_3&#8243;][vc_column_inner width=&#8220;1\/4&#8243;][\/vc_column_inner][vc_column_inner width=&#8220;1\/2&#8243; css=&#8220;.vc_custom_1542886752093{padding-top: 20px !important;padding-right: 20px !important;padding-bottom: 20px !important;padding-left: 20px !important;}&#8220;][\/vc_column_inner][vc_column_inner width=&#8220;1\/4&#8243;][\/vc_column_inner][\/vc_row_inner][\/vc_column][\/vc_row][vc_row full_width=&#8220;stretch_row_content&#8220;][vc_column width=&#8220;1\/12&#8243;][\/vc_column][vc_column width=&#8220;1\/2&#8243; css=&#8220;.vc_custom_1542887385685{margin-bottom: 10px !important;padding-top: 0px !important;}&#8220;][vc_row_inner][vc_column_inner width=&#8220;11\/12&#8243;][vc_column_text] Michela House,\u00a0ein Ort, um faszinierende Ferien zu verbringen, vor kurzem erbaut (Dez. 2003), am [&hellip;]","og_url":"https:\/\/alpenlodge.it\/michela-house-livigno\/","og_site_name":"Alpenlodge Appartamenti Livigno","article_publisher":"https:\/\/www.facebook.com\/profile.php?id=100025235413120","article_modified_time":"2020-10-01T11:10:18+00:00","og_image":[{"width":600,"height":441,"url":"https:\/\/alpenlodge.it\/wp-content\/uploads\/2019\/03\/2014102810_michela-house1big-1.jpg","type":"image\/jpeg"}],"twitter_card":"summary_large_image","twitter_misc":{"Gesch\u00e4tzte Lesezeit":"3\u00a0Minuten"},"schema":{"@context":"https:\/\/schema.org","@graph":[{"@type":"WebPage","@id":"https:\/\/alpenlodge.it\/michela-house-livigno\/","url":"https:\/\/alpenlodge.it\/michela-house-livigno\/","name":"Michela House - Alpenlodge Appartamenti Livigno","isPartOf":{"@id":"https:\/\/alpenlodge.it\/#website"},"primaryImageOfPage":{"@id":"https:\/\/alpenlodge.it\/michela-house-livigno\/#primaryimage"},"image":{"@id":"https:\/\/alpenlodge.it\/michela-house-livigno\/#primaryimage"},"thumbnailUrl":"https:\/\/alpenlodge.it\/wp-content\/uploads\/2019\/03\/2014102810_michela-house1big-1.jpg","datePublished":"2019-01-25T09:44:44+00:00","dateModified":"2020-10-01T11:10:18+00:00","breadcrumb":{"@id":"https:\/\/alpenlodge.it\/michela-house-livigno\/#breadcrumb"},"inLanguage":"de","potentialAction":[{"@type":"ReadAction","target":["https:\/\/alpenlodge.it\/michela-house-livigno\/"]}]},{"@type":"ImageObject","inLanguage":"de","@id":"https:\/\/alpenlodge.it\/michela-house-livigno\/#primaryimage","url":"https:\/\/alpenlodge.it\/wp-content\/uploads\/2019\/03\/2014102810_michela-house1big-1.jpg","contentUrl":"https:\/\/alpenlodge.it\/wp-content\/uploads\/2019\/03\/2014102810_michela-house1big-1.jpg","width":600,"height":441},{"@type":"BreadcrumbList","@id":"https:\/\/alpenlodge.it\/michela-house-livigno\/#breadcrumb","itemListElement":[{"@type":"ListItem","position":1,"name":"Home","item":"https:\/\/alpenlodge.it\/de\/"},{"@type":"ListItem","position":2,"name":"Michela House"}]},{"@type":"WebSite","@id":"https:\/\/alpenlodge.it\/#website","url":"https:\/\/alpenlodge.it\/","name":"Alpenlodge Appartamenti Livigno","description":"","publisher":{"@id":"https:\/\/alpenlodge.it\/#organization"},"potentialAction":[{"@type":"SearchAction","target":{"@type":"EntryPoint","urlTemplate":"https:\/\/alpenlodge.it\/?s={search_term_string}"},"query-input":{"@type":"PropertyValueSpecification","valueRequired":true,"valueName":"search_term_string"}}],"inLanguage":"de"},{"@type":"Organization","@id":"https:\/\/alpenlodge.it\/#organization","name":"Alpenlodge Appartamenti Livigno","url":"https:\/\/alpenlodge.it\/","logo":{"@type":"ImageObject","inLanguage":"de","@id":"https:\/\/alpenlodge.it\/#\/schema\/logo\/image\/","url":"https:\/\/alpenlodge.it\/wp-content\/uploads\/2018\/11\/alpenlodge-logo.png","contentUrl":"https:\/\/alpenlodge.it\/wp-content\/uploads\/2018\/11\/alpenlodge-logo.png","width":438,"height":129,"caption":"Alpenlodge Appartamenti Livigno"},"image":{"@id":"https:\/\/alpenlodge.it\/#\/schema\/logo\/image\/"},"sameAs":["https:\/\/www.facebook.com\/profile.php?id=100025235413120"]}]}},"_links":{"self":[{"href":"https:\/\/alpenlodge.it\/de\/wp-json\/wp\/v2\/pages\/4681","targetHints":{"allow":["GET"]}}],"collection":[{"href":"https:\/\/alpenlodge.it\/de\/wp-json\/wp\/v2\/pages"}],"about":[{"href":"https:\/\/alpenlodge.it\/de\/wp-json\/wp\/v2\/types\/page"}],"author":[{"embeddable":true,"href":"https:\/\/alpenlodge.it\/de\/wp-json\/wp\/v2\/users\/1"}],"replies":[{"embeddable":true,"href":"https:\/\/alpenlodge.it\/de\/wp-json\/wp\/v2\/comments?post=4681"}],"version-history":[{"count":0,"href":"https:\/\/alpenlodge.it\/de\/wp-json\/wp\/v2\/pages\/4681\/revisions"}],"wp:featuredmedia":[{"embeddable":true,"href":"https:\/\/alpenlodge.it\/de\/wp-json\/wp\/v2\/media\/6100"}],"wp:attachment":[{"href":"https:\/\/alpenlodge.it\/de\/wp-json\/wp\/v2\/media?parent=4681"}],"curies":[{"name":"wp","href":"https:\/\/api.w.org\/{rel}","templated":true}]}}