{"id":4597,"date":"2019-01-25T08:43:24","date_gmt":"2019-01-25T08:43:24","guid":{"rendered":"https:\/\/alpenlodge.it\/?page_id=4597"},"modified":"2019-03-18T07:58:39","modified_gmt":"2019-03-18T07:58:39","slug":"allgemeine-bedingungen","status":"publish","type":"page","link":"https:\/\/alpenlodge.it\/de\/allgemeine-bedingungen\/","title":{"rendered":"Allgemeine Bedingungen"},"content":{"rendered":"<div class=\"wpb-content-wrapper\"><p>[vc_row full_width=&#8220;stretch_row_content_no_spaces&#8220; css=&#8220;.vc_custom_1549007827896{margin-top: -50px !important;background-image: url(https:\/\/alpenlodge.it\/wp-content\/uploads\/2018\/11\/2014112824_Warm-App2-5.jpg?id=1831) !important;background-position: center !important;background-repeat: no-repeat !important;background-size: cover !important;}&#8220; el_class=&#8220;nd_options_overflow_visible_important&#8220;][vc_column][vc_row_inner css=&#8220;.vc_custom_1486118361106{padding-top: 100px !important;padding-bottom: 100px !important;}&#8220; el_class=&#8220;nd_options_bg_greydark_alpha_gradient_3&#8243;][vc_column_inner width=&#8220;1\/3&#8243;][\/vc_column_inner][vc_column_inner width=&#8220;1\/3&#8243; css=&#8220;.vc_custom_1486118458781{padding: 20px !important;}&#8220;] <h1 style=\"color:#ffffff;padding:px;text-align:center;font-size:55px;line-height:55px;letter-spacing: px;font-weight:lighter\" class=\"  nd_options_font_size_40_important_all_iphone nd_options_line_height_40_important_all_iphone nd_options_first_font \">Allgemeine Bedingungen<\/h1> <div style=\"background-color:;height: 20px\" class=\"nicdark_section  \"><\/div> <p style=\"color:#ffffff;padding:px;text-align:center;font-size:px;line-height:px;letter-spacing: 2px;font-weight:lighter\" class=\"   nd_options_second_font \">RULES AND REGULATIONS<\/p> [\/vc_column_inner][vc_column_inner width=&#8220;1\/3&#8243;][\/vc_column_inner][\/vc_row_inner][\/vc_column][\/vc_row][vc_row full_width=&#8220;stretch_row_content&#8220; css=&#8220;.vc_custom_1542716046358{margin-bottom: 40px !important;}&#8220;][vc_column width=&#8220;1\/12&#8243;][\/vc_column][vc_column width=&#8220;7\/12&#8243;] <h3 style=\"color:;padding:px;text-align:;font-size:18px;line-height:px;letter-spacing: px;font-weight:\" class=\"    \">Buchung \/ Kaution<\/h3> [vc_column_text]F\u00fcr jede online vorgenommene Buchung wird eine Kaution von 30% des gesamten Aufenthaltspreises f\u00e4llig. ALPENLODGE***LIVIGNO betrachtet die Buchung nach Eingang der festgelegten Kaution als endg\u00fcltig. Die Kaution ist online im Moment der Buchung zu \u00fcberweisen (alle Kreditkartentypen werden akzeptiert) oder durchBank\u00fcberweisung.[\/vc_column_text] <h3 style=\"color:;padding:px;text-align:;font-size:18px;line-height:px;letter-spacing: px;font-weight:\" class=\"    \">Annullierung<\/h3> [vc_column_text]Bei Annullierung der Buchung im Fall von Absage oder no-show wird die gesamte Kautionssumme einbehalten oder im Einverst\u00e4ndnis mit dem Kunden auf einen anderen Aufenthalt angerechnet.[\/vc_column_text] <h3 style=\"color:;padding:px;text-align:;font-size:18px;line-height:px;letter-spacing: px;font-weight:\" class=\"    \">Vorverlegte Abfahrt<\/h3> [vc_column_text]Im Fall von vorverlegter Abfahrt muss der Eigent\u00fcmer des Apartments den Kunden nicht entsch\u00e4digen.[\/vc_column_text] <h4 style=\"color:;padding:px;text-align:;font-size:18px;line-height:px;letter-spacing: px;font-weight:\" class=\"    \">Check-in<\/h4> [vc_column_text]Die Apartments stehen dem Kunden ab 15:00 Uhr des Ankunfttages zur Verf\u00fcgung.[\/vc_column_text] <h4 style=\"color:;padding:px;text-align:;font-size:18px;line-height:px;letter-spacing: px;font-weight:\" class=\"    \">Check-out<\/h4> [vc_column_text]Die Apartments m\u00fcssen dem Eigent\u00fcmer bis sp\u00e4testens 10:00 Uhr des Abfahrtstages zur Verf\u00fcgung gestellt werden.[\/vc_column_text] <h4 style=\"color:;padding:px;text-align:;font-size:18px;line-height:px;letter-spacing: px;font-weight:\" class=\"    \">Abschlusszahlung<\/h4> [vc_column_text]Die Abschlusszahlung Ihres Aufenthalts kann in Bar, durch Scheck oder Kreditkarte erfolgen.[\/vc_column_text] <h4 style=\"color:;padding:px;text-align:;font-size:18px;line-height:px;letter-spacing: px;font-weight:\" class=\"    \">Haustiere<\/h4> [vc_column_text]ALPENLODGE***LIVIGNO ist dog friendly und hei\u00dft alle Haustiere kleiner, mittlerer und gr\u00f6\u00dferer Statur willkommen.[\/vc_column_text] <h4 style=\"color:;padding:px;text-align:;font-size:18px;line-height:px;letter-spacing: px;font-weight:\" class=\"    \">W\u00e4schewechsel \/ Reinigung<\/h4> [vc_column_text]Der W\u00e4schewechsel- und Reinigungsservice erfolgt alle 7 Tage und ist im Aufenthaltspreis inbegriffen; auf Wunsch kann man gegen einen Aufpreis von 40 Euro pro Auftrag die W\u00e4sche reinigen und wechseln lassen, wann man m\u00f6chte.[\/vc_column_text] <h4 style=\"color:;padding:px;text-align:;font-size:18px;line-height:px;letter-spacing: px;font-weight:\" class=\"    \">Reinigung der Sportbekleidung<\/h4> [vc_column_text]Der Reinigungsservice f\u00fcr Sommersportbekleidung ist t\u00e4glich auf Wunsch in Betrieb und muss im Voraus gegen einen Aufpreis von 5 Euro pro Person und Auftrag angefordert werden.[\/vc_column_text] <h4 style=\"color:;padding:px;text-align:;font-size:18px;line-height:px;letter-spacing: px;font-weight:\" class=\"    \">Beheizte Garage<\/h4> [vc_column_text]In nur 30 Meter Entfernung von den Strukturen MICHELA HOUSE und BAITA LUNGO RIN, bietet Ihnen ALPENLODGE***LIVIGNO die M\u00f6glichkeit der Benutzung der beheizten Garage zu einem Preis von 35 Euro pro Woche f\u00fcr PKWs.[\/vc_column_text]<div style=\"background-color:;height: 40px\" class=\"nicdark_section  \"><\/div>[\/vc_column][vc_column width=&#8220;1\/4&#8243; css=&#8220;.vc_custom_1486115020030{padding-right: 30px !important;padding-left: 30px !important;}&#8220;][vc_row_inner][vc_column_inner css=&#8220;.vc_custom_1541584034291{padding-top: 30px !important;padding-right: 30px !important;padding-bottom: 15px !important;padding-left: 30px !important;background-color: #c9b695 !important;}&#8220;] <h5 style=\"color:#ffffff;padding:px;text-align:center;font-size:12px;line-height:12px;letter-spacing: 2px;font-weight:lighter\" class=\"   nd_options_second_font \">Kontaktiere uns<\/h5> <div style=\"background-color:;height: 10px\" class=\"nicdark_section  \"><\/div> <h2 style=\"color:#ffffff;padding:px;text-align:center;font-size:25px;line-height:25px;letter-spacing: px;font-weight:normal\" class=\"   nd_options_first_font \">F\u00fclle das Formular aus<\/h2> <div style=\"background-color:;height: 20px\" class=\"nicdark_section  \"><\/div>\n\n    <!--start form-->\n    <div id=\"nd_options_shortcode_cf7_697\" class=\"nd_options_section \">\n      \n      <div class=\"nd_options_section nd_options_box_sizing_border_box\">\n        <p class=\"wpcf7-contact-form-not-found\"><strong>Fehler:<\/strong> Kontaktformular wurde nicht gefunden.<\/p> \n      <\/div>  \n\n    <\/div>\n    <!--end form-->\n\n   [\/vc_column_inner][\/vc_row_inner][vc_row_inner css=&#8220;.vc_custom_1549008238912{margin-top: 35px !important;background-image: url(https:\/\/alpenlodge.it\/wp-content\/uploads\/2018\/11\/2014102913_zuelli02.jpg?id=1829) !important;background-position: center !important;background-repeat: no-repeat !important;background-size: cover !important;}&#8220;][vc_column_inner css=&#8220;.vc_custom_1502963078281{padding-top: 82px !important;padding-right: 30px !important;padding-bottom: 82px !important;padding-left: 30px !important;background-color: rgba(114,116,117,0.29) !important;*background-color: rgb(114,116,117) !important;}&#8220;] <h5 style=\"color:#ffffff;padding:px;text-align:center;font-size:12px;line-height:12px;letter-spacing: 2px;font-weight:lighter\" class=\"   nd_options_second_font \">Wohnungen Livigno<\/h5> <div style=\"background-color:;height: 10px\" class=\"nicdark_section  \"><\/div> <h2 style=\"color:#ffffff;padding:px;text-align:center;font-size:25px;line-height:25px;letter-spacing: px;font-weight:normal\" class=\"   nd_options_first_font \">Best Special Offers<\/h2> [\/vc_column_inner][\/vc_row_inner]<div style=\"background-color:;height: 20px\" class=\"nicdark_section  \"><\/div>[\/vc_column][vc_column width=&#8220;1\/12&#8243;][\/vc_column][\/vc_row]<\/p>\n<\/div>","protected":false},"excerpt":{"rendered":"<p>[vc_row full_width=&#8220;stretch_row_content_no_spaces&#8220; css=&#8220;.vc_custom_1549007827896{margin-top: -50px !important;background-image: url(https:\/\/alpenlodge.it\/wp-content\/uploads\/2018\/11\/2014112824_Warm-App2-5.jpg?id=1831) !important;background-position: center !important;background-repeat: no-repeat !important;background-size: cover !important;}&#8220; el_class=&#8220;nd_options_overflow_visible_important&#8220;][vc_column][vc_row_inner css=&#8220;.vc_custom_1486118361106{padding-top: 100px !important;padding-bottom: 100px !important;}&#8220; el_class=&#8220;nd_options_bg_greydark_alpha_gradient_3&#8243;][vc_column_inner width=&#8220;1\/3&#8243;][\/vc_column_inner][vc_column_inner width=&#8220;1\/3&#8243; css=&#8220;.vc_custom_1486118458781{padding: 20px !important;}&#8220;][\/vc_column_inner][vc_column_inner width=&#8220;1\/3&#8243;][\/vc_column_inner][\/vc_row_inner][\/vc_column][\/vc_row][vc_row full_width=&#8220;stretch_row_content&#8220; css=&#8220;.vc_custom_1542716046358{margin-bottom: 40px !important;}&#8220;][vc_column width=&#8220;1\/12&#8243;][\/vc_column][vc_column width=&#8220;7\/12&#8243;][vc_column_text]F\u00fcr jede online vorgenommene Buchung wird eine Kaution von 30% des gesamten Aufenthaltspreises f\u00e4llig. ALPENLODGE***LIVIGNO betrachtet die Buchung nach Eingang der festgelegten Kaution als [&hellip;]<\/p>\n","protected":false},"author":1,"featured_media":0,"parent":0,"menu_order":0,"comment_status":"closed","ping_status":"closed","template":"","meta":{"footnotes":""},"class_list":["post-4597","page","type-page","status-publish","hentry"],"yoast_head":"<!-- This site is optimized with the Yoast SEO plugin v27.5 - https:\/\/yoast.com\/product\/yoast-seo-wordpress\/ -->\n<title>Allgemeine Bedingungen - Alpenlodge Appartamenti Livigno<\/title>\n<meta name=\"robots\" content=\"noindex, follow\" \/>\n<meta property=\"og:locale\" content=\"de_DE\" \/>\n<meta property=\"og:type\" content=\"article\" \/>\n<meta property=\"og:title\" content=\"Allgemeine Bedingungen - Alpenlodge Appartamenti Livigno\" \/>\n<meta property=\"og:description\" content=\"[vc_row full_width=&#8220;stretch_row_content_no_spaces&#8220; css=&#8220;.vc_custom_1549007827896{margin-top: -50px !important;background-image: url(https:\/\/alpenlodge.it\/wp-content\/uploads\/2018\/11\/2014112824_Warm-App2-5.jpg?id=1831) !important;background-position: center !important;background-repeat: no-repeat !important;background-size: cover !important;}&#8220; el_class=&#8220;nd_options_overflow_visible_important&#8220;][vc_column][vc_row_inner css=&#8220;.vc_custom_1486118361106{padding-top: 100px !important;padding-bottom: 100px !important;}&#8220; el_class=&#8220;nd_options_bg_greydark_alpha_gradient_3&#8243;][vc_column_inner width=&#8220;1\/3&#8243;][\/vc_column_inner][vc_column_inner width=&#8220;1\/3&#8243; css=&#8220;.vc_custom_1486118458781{padding: 20px !important;}&#8220;][\/vc_column_inner][vc_column_inner width=&#8220;1\/3&#8243;][\/vc_column_inner][\/vc_row_inner][\/vc_column][\/vc_row][vc_row full_width=&#8220;stretch_row_content&#8220; css=&#8220;.vc_custom_1542716046358{margin-bottom: 40px !important;}&#8220;][vc_column width=&#8220;1\/12&#8243;][\/vc_column][vc_column width=&#8220;7\/12&#8243;][vc_column_text]F\u00fcr jede online vorgenommene Buchung wird eine Kaution von 30% des gesamten Aufenthaltspreises f\u00e4llig. ALPENLODGE***LIVIGNO betrachtet die Buchung nach Eingang der festgelegten Kaution als [&hellip;]\" \/>\n<meta property=\"og:url\" content=\"https:\/\/alpenlodge.it\/termini-condizioni\/\" \/>\n<meta property=\"og:site_name\" content=\"Alpenlodge Appartamenti Livigno\" \/>\n<meta property=\"article:publisher\" content=\"https:\/\/www.facebook.com\/profile.php?id=100025235413120\" \/>\n<meta property=\"article:modified_time\" content=\"2019-03-18T07:58:39+00:00\" \/>\n<meta name=\"twitter:card\" content=\"summary_large_image\" \/>\n<meta name=\"twitter:label1\" content=\"Gesch\u00e4tzte Lesezeit\" \/>\n\t<meta name=\"twitter:data1\" content=\"5\u00a0Minuten\" \/>\n<!-- \/ Yoast SEO plugin. -->","yoast_head_json":{"title":"Allgemeine Bedingungen - Alpenlodge Appartamenti Livigno","robots":{"index":"noindex","follow":"follow"},"og_locale":"de_DE","og_type":"article","og_title":"Allgemeine Bedingungen - Alpenlodge Appartamenti Livigno","og_description":"[vc_row full_width=&#8220;stretch_row_content_no_spaces&#8220; css=&#8220;.vc_custom_1549007827896{margin-top: -50px !important;background-image: url(https:\/\/alpenlodge.it\/wp-content\/uploads\/2018\/11\/2014112824_Warm-App2-5.jpg?id=1831) !important;background-position: center !important;background-repeat: no-repeat !important;background-size: cover !important;}&#8220; el_class=&#8220;nd_options_overflow_visible_important&#8220;][vc_column][vc_row_inner css=&#8220;.vc_custom_1486118361106{padding-top: 100px !important;padding-bottom: 100px !important;}&#8220; el_class=&#8220;nd_options_bg_greydark_alpha_gradient_3&#8243;][vc_column_inner width=&#8220;1\/3&#8243;][\/vc_column_inner][vc_column_inner width=&#8220;1\/3&#8243; css=&#8220;.vc_custom_1486118458781{padding: 20px !important;}&#8220;][\/vc_column_inner][vc_column_inner width=&#8220;1\/3&#8243;][\/vc_column_inner][\/vc_row_inner][\/vc_column][\/vc_row][vc_row full_width=&#8220;stretch_row_content&#8220; css=&#8220;.vc_custom_1542716046358{margin-bottom: 40px !important;}&#8220;][vc_column width=&#8220;1\/12&#8243;][\/vc_column][vc_column width=&#8220;7\/12&#8243;][vc_column_text]F\u00fcr jede online vorgenommene Buchung wird eine Kaution von 30% des gesamten Aufenthaltspreises f\u00e4llig. ALPENLODGE***LIVIGNO betrachtet die Buchung nach Eingang der festgelegten Kaution als [&hellip;]","og_url":"https:\/\/alpenlodge.it\/termini-condizioni\/","og_site_name":"Alpenlodge Appartamenti Livigno","article_publisher":"https:\/\/www.facebook.com\/profile.php?id=100025235413120","article_modified_time":"2019-03-18T07:58:39+00:00","twitter_card":"summary_large_image","twitter_misc":{"Gesch\u00e4tzte Lesezeit":"5\u00a0Minuten"},"schema":{"@context":"https:\/\/schema.org","@graph":[{"@type":"WebPage","@id":"https:\/\/alpenlodge.it\/termini-condizioni\/","url":"https:\/\/alpenlodge.it\/termini-condizioni\/","name":"Allgemeine Bedingungen - Alpenlodge Appartamenti Livigno","isPartOf":{"@id":"https:\/\/alpenlodge.it\/#website"},"datePublished":"2019-01-25T08:43:24+00:00","dateModified":"2019-03-18T07:58:39+00:00","breadcrumb":{"@id":"https:\/\/alpenlodge.it\/termini-condizioni\/#breadcrumb"},"inLanguage":"de","potentialAction":[{"@type":"ReadAction","target":["https:\/\/alpenlodge.it\/termini-condizioni\/"]}]},{"@type":"BreadcrumbList","@id":"https:\/\/alpenlodge.it\/termini-condizioni\/#breadcrumb","itemListElement":[{"@type":"ListItem","position":1,"name":"Home","item":"https:\/\/alpenlodge.it\/de\/"},{"@type":"ListItem","position":2,"name":"Allgemeine Bedingungen"}]},{"@type":"WebSite","@id":"https:\/\/alpenlodge.it\/#website","url":"https:\/\/alpenlodge.it\/","name":"Alpenlodge Appartamenti Livigno","description":"","publisher":{"@id":"https:\/\/alpenlodge.it\/#organization"},"potentialAction":[{"@type":"SearchAction","target":{"@type":"EntryPoint","urlTemplate":"https:\/\/alpenlodge.it\/?s={search_term_string}"},"query-input":{"@type":"PropertyValueSpecification","valueRequired":true,"valueName":"search_term_string"}}],"inLanguage":"de"},{"@type":"Organization","@id":"https:\/\/alpenlodge.it\/#organization","name":"Alpenlodge Appartamenti Livigno","url":"https:\/\/alpenlodge.it\/","logo":{"@type":"ImageObject","inLanguage":"de","@id":"https:\/\/alpenlodge.it\/#\/schema\/logo\/image\/","url":"https:\/\/alpenlodge.it\/wp-content\/uploads\/2018\/11\/alpenlodge-logo.png","contentUrl":"https:\/\/alpenlodge.it\/wp-content\/uploads\/2018\/11\/alpenlodge-logo.png","width":438,"height":129,"caption":"Alpenlodge Appartamenti Livigno"},"image":{"@id":"https:\/\/alpenlodge.it\/#\/schema\/logo\/image\/"},"sameAs":["https:\/\/www.facebook.com\/profile.php?id=100025235413120"]}]}},"_links":{"self":[{"href":"https:\/\/alpenlodge.it\/de\/wp-json\/wp\/v2\/pages\/4597","targetHints":{"allow":["GET"]}}],"collection":[{"href":"https:\/\/alpenlodge.it\/de\/wp-json\/wp\/v2\/pages"}],"about":[{"href":"https:\/\/alpenlodge.it\/de\/wp-json\/wp\/v2\/types\/page"}],"author":[{"embeddable":true,"href":"https:\/\/alpenlodge.it\/de\/wp-json\/wp\/v2\/users\/1"}],"replies":[{"embeddable":true,"href":"https:\/\/alpenlodge.it\/de\/wp-json\/wp\/v2\/comments?post=4597"}],"version-history":[{"count":0,"href":"https:\/\/alpenlodge.it\/de\/wp-json\/wp\/v2\/pages\/4597\/revisions"}],"wp:attachment":[{"href":"https:\/\/alpenlodge.it\/de\/wp-json\/wp\/v2\/media?parent=4597"}],"curies":[{"name":"wp","href":"https:\/\/api.w.org\/{rel}","templated":true}]}}