{"id":4583,"date":"2019-01-25T08:38:33","date_gmt":"2019-01-25T08:38:33","guid":{"rendered":"https:\/\/alpenlodge.it\/?page_id=4583"},"modified":"2025-10-03T14:29:19","modified_gmt":"2025-10-03T14:29:19","slug":"uber-uns","status":"publish","type":"page","link":"https:\/\/alpenlodge.it\/de\/uber-uns\/","title":{"rendered":"Uber uns"},"content":{"rendered":"<div class=\"wpb-content-wrapper\"><p>[vc_row full_width=&#8220;stretch_row_content&#8220;][vc_column width=&#8220;1\/12&#8243;][\/vc_column][vc_column width=&#8220;1\/4&#8243; css=&#8220;.vc_custom_1541584439599{margin-top: 10px !important;margin-bottom: 10px !important;padding-top: 0px !important;padding-right: 40px !important;}&#8220;]<div style=\"background-color:;height: 10px\" class=\"nicdark_section  \"><\/div> <p style=\"color:#727475;padding:px;text-align:right;font-size:40px;line-height:50px;letter-spacing: px;font-weight:lighter\" class=\"  nd_options_text_align_center_responsive_important nd_options_first_font \">Unser Ziel: Ihnen Emotionen zu schenken \u2026<\/p> <div style=\"background-color:;height: 10px\" class=\"nicdark_section  \"><\/div>[\/vc_column][vc_column width=&#8220;7\/12&#8243; css=&#8220;.vc_custom_1542715950761{margin-top: 10px !important;margin-bottom: 10px !important;padding-top: 0px !important;}&#8220;]<div style=\"background-color:;height: 20px\" class=\"nicdark_section  \"><\/div> <h1 style=\"color:#727475;padding:px;text-align:;font-size:40px;line-height:50px;letter-spacing: px;font-weight:lighter\" class=\"  nd_options_text_align_center_responsive_important nd_options_first_font \">Alpenlodge Apartmens Livigno<\/h1> <div style=\"background-color:;height: 20px\" class=\"nicdark_section  \"><\/div>[vc_column_text el_class=&#8220;nd_options_text_align_center_responsive&#8220;]<\/p>\n<p style=\"text-align: justify;\">Die <strong>Leidenschaft der Familie f\u00fcr die Berge<\/strong> und alles, was sich um diese dreht, spiegelt sich gut in der Bauart und in den Einrichtungen der Ferienh\u00e4user.<\/p>\n<p>&nbsp;<\/p>\n<p style=\"text-align: justify;\">Die in ruhigen Zonen in n\u00e4chster N\u00e4he der Fu\u00dfg\u00e4ngerzone gelegenen G\u00e4steanlagen bestehen aus <span class=\"VIiyi\" lang=\"de\"><span class=\"JLqJ4b ChMk0b\" data-language-for-alternatives=\"de\" data-language-to-translate-into=\"it\" data-phrase-index=\"0\" data-number-of-phrases=\"1\"><span class=\"Q4iAWc\">vier<\/span><\/span><\/span> fein eingerichteten und mit jedem <strong>Komfort ausgestatteten Apartments<\/strong>. Diese sind in der Lage zwischen zwei und neun Personen aufzunehmen und zeichnen sich durch die in Berggegenden typisch warme, sportliche und einladende Atmosph\u00e4re aus.<\/p>\n<p>&nbsp;<\/p>\n<p style=\"text-align: justify;\">Die g\u00fcnstige Lage der Apartments bietet Ihnen w\u00e4hrend der Sommersaison Entspannung und Vergn\u00fcgen auf den weiten gr\u00fcnen Wiesen, w\u00e4hrend f\u00fcr Ihre Hobbies und Ihre Wintersportleidenschaft bereits ab dem Monat November alles bereit steht, der Periode, in der <strong>Livigno<\/strong> bereits mit m\u00e4chtigen Schneedecke \u00fcberzogen wird.<\/p>\n<p>&nbsp;<\/p>\n<p style=\"text-align: justify;\">Die Haltestellen des kostenlosen Busses liegen sehr bequem, nut wenige Meter von den H\u00e4usern und von der Mehrzweckstruktur &#8222;Plaza Placheda&#8220; entfernt, dem Orientierungspunkt f\u00fcr jeden Gast Livignos, wo die wichtigsten touristischen Events stattfinden. Man hat au\u00dferdem von allen <strong>Apartments einen Zugang zu den Liftanlagen<\/strong> (ski-in, ski-out), zu den Langlaufloipen, zum Rad- und Fu\u00dfg\u00e4ngerweg und zu zahlreichen Mountainbike- und Trekking-Strecken ohne den PKW benutzen zu m\u00fcssen.<\/p>\n<p>&nbsp;<\/p>\n<p style=\"text-align: justify;\">ALPENLODGE***LIVIGNO ist Teilnehmer an allen vom Fremdenverkehrsb\u00fcro vorgesehenen touristischen Angeboten und bietet Ihnen die Natur card, mit der Sie kostenlos an dem reichen Sommerprogramm teilnehmen k\u00f6nnen, in dem Ausfl\u00fcge auf dem Mountainbike mit Stra\u00dfenr\u00e4dern mit spezialisierten F\u00fchrern\/Lehrern vorgesehen sind.<\/p>\n<p>[\/vc_column_text][\/vc_column][vc_column width=&#8220;1\/12&#8243;][\/vc_column][\/vc_row][vc_row css=&#8220;.vc_custom_1541765504517{margin-top: 20px !important;}&#8220;][vc_column width=&#8220;1\/5&#8243;][\/vc_column][vc_column width=&#8220;1\/5&#8243; el_class=&#8220;nd_options_text_align_center&#8220; css=&#8220;.vc_custom_1542716406087{padding-right: 20px !important;}&#8220;]<div style=\"background-color:;height: 15px\" class=\"nicdark_section  \"><\/div>\n\n    <div class=\"nd_options_section  nd_options_text_align_left \">\n\n        <img decoding=\"async\" style=\"margin-top:10px\" alt=\"\" width=\"80\" src=\"https:\/\/alpenlodge.it\/wp-content\/uploads\/2017\/07\/icon-12-1.png\">\n\n        <div class=\"nd_options_section nd_options_box_sizing_border_box\">\n            \n            <h3 class=\"  \" style=\"margin:;color:;font-size:px;line-height:px\">FREE WIFI<\/h3> \n            <p class=\"nd_options_second_font  \" style=\"margin:0px 0px 15px 0px;color:#a3a3a3;font-size:14px;line-height:24px\">For Our Customers<\/p> \n            \n\n        <\/div>\n\n    <\/div>\n\n  <div style=\"background-color:;height: 25px\" class=\"nicdark_section  \"><\/div>[\/vc_column][vc_column width=&#8220;1\/5&#8243;]<div style=\"background-color:;height: 15px\" class=\"nicdark_section  \"><\/div>\n\n    <div class=\"nd_options_section  nd_options_text_align_left \">\n\n        <img decoding=\"async\" style=\"margin-top:10px\" alt=\"\" width=\"80\" src=\"https:\/\/alpenlodge.it\/wp-content\/uploads\/2018\/11\/icon-P.png\">\n\n        <div class=\"nd_options_section nd_options_box_sizing_border_box\">\n            \n            <h3 class=\"  \" style=\"margin:;color:;font-size:px;line-height:px\">PARKING AREA<\/h3> \n            <p class=\"nd_options_second_font  \" style=\"margin:0px 0px 15px 0px;color:#a3a3a3;font-size:14px;line-height:24px\">Free For Our Customers<\/p> \n            \n\n        <\/div>\n\n    <\/div>\n\n  <div style=\"background-color:;height: 25px\" class=\"nicdark_section  \"><\/div>[\/vc_column][vc_column width=&#8220;1\/5&#8243;]<div style=\"background-color:;height: 15px\" class=\"nicdark_section  \"><\/div>\n\n    <div class=\"nd_options_section  nd_options_text_align_left \">\n\n        <img decoding=\"async\" style=\"margin-top:10px\" alt=\"\" width=\"80\" src=\"https:\/\/alpenlodge.it\/wp-content\/uploads\/2017\/07\/icon-11.png\">\n\n        <div class=\"nd_options_section nd_options_box_sizing_border_box\">\n            \n            <h3 class=\"  \" style=\"margin:;color:;font-size:px;line-height:px\">LIVIGNO BIKE HOTEL<\/h3> \n            <p class=\"nd_options_second_font  \" style=\"margin:0px 0px 15px 0px;color:#a3a3a3;font-size:14px;line-height:24px\">For Road Bike and MTB lovers<\/p> \n            \n\n        <\/div>\n\n    <\/div>\n\n  <div style=\"background-color:;height: 25px\" class=\"nicdark_section  \"><\/div>[\/vc_column][vc_column width=&#8220;1\/5&#8243;][\/vc_column][\/vc_row][vc_row css=&#8220;.vc_custom_1492511016596{margin-top: 40px !important;margin-bottom: 20px !important;}&#8220;][vc_column el_class=&#8220;nd_options_text_align_center&#8220;]\n\t<div class=\"nd_options_section nd_options_text_align_center\">\n\t<a style=\"border: px solid;border-radius:px;letter-spacing:2px;line-height:11px;font-size:11px;background-color:#948870;padding:15px 35px;margin:;color:#ffffff\" rel=\"\" href=\"..\/de\/serviceleistungen\/\" class=\"nicdark_display_inline_block  nd_options_font_weight_bold nd_options_second_font  \">SEE ALL SERVICES<\/a>\n\t<\/div>\n[\/vc_column][\/vc_row][vc_row full_width=&#8220;stretch_row&#8220; parallax=&#8220;content-moving&#8220; parallax_image=&#8220;10069&#8243; css=&#8220;.vc_custom_1745999203353{padding-top: 50px !important;padding-bottom: 50px !important;}&#8220; el_class=&#8220;nd_options_vc_parallax_filter_2_2&#8243;][vc_column] <p style=\"color:#ffffff;padding:px;text-align:center;font-size:35px;line-height:55px;letter-spacing: px;font-weight:lighter\" class=\"  nd_options_font_size_40_important_all_iphone nd_options_line_height_40_important_all_iphone nd_options_first_font \">Alpenlodge*** Apartments Livigno<\/p> [vc_column_text]\n    <div id=\"booking-box\" style=\"display:block;width:100%;\">\n      <div class=\"container bookingContainer\">\n<div class=\"row\">\n        <form name=\"formWuBook\" id=\"formWuBook\" method=\"get\" action=\"https:\/\/wubook.net\/wbkd\/wbk\/\" target=\"_blank\">\n          <input type=\"hidden\" name=\"lcode\" value=\"1381181660\" \/>\n        <div class=\"col-md-3\" style=\"float:left;background-color: #78635a;color: #fff;padding: 20px;text-align: center;letter-spacing: 2px;font-size: 16px;font-family:Poppins;\"> BOOKING ONLINE<\/div>\n        <div class=\"input-date col-md-2\">\n          <label style=\"text-align: center;display: block;letter-spacing: 2px;font-weight: bolder;font-size: 16px;\">Arrivo<\/label>\n          <input id=\"dfrom\" type=\"text\" name=\"dfrom\" class=\"dateinput\" value=\"\" \/>\n        <\/div>\n        <div class=\"input-date col-md-2\">\n        \t<label style=\"text-align: center;display: block;letter-spacing: 2px;font-weight: bolder;font-size: 16px;\">Partenza<\/label>\n        \t<input id=\"dto\" type=\"text\" name=\"dto\" class=\"dateinput\" value=\"\" \/>\n        <\/div>\n        <div class=\"col-md-2\" style=\"float:left\">\n\t\t<img decoding=\"async\" id=\"img_booking\" src=\"https:\/\/www.alpenlodge.it\/wp-content\/uploads\/2019\/01\/appartamenti-livigno-booking-alpenlodge.png\"  alt=\"Alpenlodge Apartmens Livigno Reservation Cards\">\n        <\/div>\n        <div class=\"col-md-3\" id=\"input-button\">\n         <button class=\"wb-submit col\" id=\"check-button\" type=\"submit\">Mostra disponibilit\u00e0<\/button>\n        <\/div>\n        <\/form>\n\n<\/div>\n      <\/div><!-- \/.container -->\n    <\/div><!-- \/.booking-box -->\n\t<script src=\"https:\/\/alpenlodge.it\/wp-content\/plugins\/wubook-shortcode\/wubook-script.js\"><\/script>[\/vc_column_text][\/vc_column][\/vc_row]<\/p>\n<\/div>","protected":false},"excerpt":{"rendered":"<p>[vc_row full_width=&#8220;stretch_row_content&#8220;][vc_column width=&#8220;1\/12&#8243;][\/vc_column][vc_column width=&#8220;1\/4&#8243; css=&#8220;.vc_custom_1541584439599{margin-top: 10px !important;margin-bottom: 10px !important;padding-top: 0px !important;padding-right: 40px !important;}&#8220;][\/vc_column][vc_column width=&#8220;7\/12&#8243; css=&#8220;.vc_custom_1542715950761{margin-top: 10px !important;margin-bottom: 10px !important;padding-top: 0px !important;}&#8220;][vc_column_text el_class=&#8220;nd_options_text_align_center_responsive&#8220;] Die Leidenschaft der Familie f\u00fcr die Berge und alles, was sich um diese dreht, spiegelt sich gut in der Bauart und in den Einrichtungen der Ferienh\u00e4user. &nbsp; Die in ruhigen Zonen in n\u00e4chster [&hellip;]<\/p>\n","protected":false},"author":1,"featured_media":4591,"parent":0,"menu_order":0,"comment_status":"closed","ping_status":"closed","template":"","meta":{"footnotes":""},"class_list":["post-4583","page","type-page","status-publish","has-post-thumbnail","hentry"],"yoast_head":"<!-- This site is optimized with the Yoast SEO plugin v27.5 - https:\/\/yoast.com\/product\/yoast-seo-wordpress\/ -->\n<title>Uber uns - Familie Moretti - Alpenlodge Apartments Livigno<\/title>\n<meta name=\"description\" content=\"Familie Moretti mit Mama Rita und den Kindern Stefano, Michela, Luca und Carlo ist erfreut, Ihnen ihre Ferienh\u00e4usern vorzustellen und Sie dort zu empfangen: BAITA lungo RIN und MICHELA HOUSE, die richtige Idee f\u00fcr entspannende und angenehme Ferien.\" \/>\n<meta name=\"robots\" content=\"index, follow, max-snippet:-1, max-image-preview:large, max-video-preview:-1\" \/>\n<link rel=\"canonical\" href=\"https:\/\/alpenlodge.it\/de\/uber-uns\/\" \/>\n<meta property=\"og:locale\" content=\"de_DE\" \/>\n<meta property=\"og:type\" content=\"article\" \/>\n<meta property=\"og:title\" content=\"Uber uns - Familie Moretti - Alpenlodge Apartments Livigno\" \/>\n<meta property=\"og:description\" content=\"Familie Moretti mit Mama Rita und den Kindern Stefano, Michela, Luca und Carlo ist erfreut, Ihnen ihre Ferienh\u00e4usern vorzustellen und Sie dort zu empfangen: BAITA lungo RIN und MICHELA HOUSE, die richtige Idee f\u00fcr entspannende und angenehme Ferien.\" \/>\n<meta property=\"og:url\" content=\"https:\/\/alpenlodge.it\/de\/uber-uns\/\" \/>\n<meta property=\"og:site_name\" content=\"Alpenlodge Appartamenti Livigno\" \/>\n<meta property=\"article:publisher\" content=\"https:\/\/www.facebook.com\/profile.php?id=100025235413120\" \/>\n<meta property=\"article:modified_time\" content=\"2025-10-03T14:29:19+00:00\" \/>\n<meta property=\"og:image\" content=\"https:\/\/alpenlodge.it\/wp-content\/uploads\/2018\/11\/2014102954_slideShow2.jpg\" \/>\n\t<meta property=\"og:image:width\" content=\"1460\" \/>\n\t<meta property=\"og:image:height\" content=\"705\" \/>\n\t<meta property=\"og:image:type\" content=\"image\/jpeg\" \/>\n<meta name=\"twitter:card\" content=\"summary_large_image\" \/>\n<meta name=\"twitter:label1\" content=\"Gesch\u00e4tzte Lesezeit\" \/>\n\t<meta name=\"twitter:data1\" content=\"3\u00a0Minuten\" \/>\n<!-- \/ Yoast SEO plugin. -->","yoast_head_json":{"title":"Uber uns - Familie Moretti - Alpenlodge Apartments Livigno","description":"Familie Moretti mit Mama Rita und den Kindern Stefano, Michela, Luca und Carlo ist erfreut, Ihnen ihre Ferienh\u00e4usern vorzustellen und Sie dort zu empfangen: BAITA lungo RIN und MICHELA HOUSE, die richtige Idee f\u00fcr entspannende und angenehme Ferien.","robots":{"index":"index","follow":"follow","max-snippet":"max-snippet:-1","max-image-preview":"max-image-preview:large","max-video-preview":"max-video-preview:-1"},"canonical":"https:\/\/alpenlodge.it\/de\/uber-uns\/","og_locale":"de_DE","og_type":"article","og_title":"Uber uns - Familie Moretti - Alpenlodge Apartments Livigno","og_description":"Familie Moretti mit Mama Rita und den Kindern Stefano, Michela, Luca und Carlo ist erfreut, Ihnen ihre Ferienh\u00e4usern vorzustellen und Sie dort zu empfangen: BAITA lungo RIN und MICHELA HOUSE, die richtige Idee f\u00fcr entspannende und angenehme Ferien.","og_url":"https:\/\/alpenlodge.it\/de\/uber-uns\/","og_site_name":"Alpenlodge Appartamenti Livigno","article_publisher":"https:\/\/www.facebook.com\/profile.php?id=100025235413120","article_modified_time":"2025-10-03T14:29:19+00:00","og_image":[{"width":1460,"height":705,"url":"https:\/\/alpenlodge.it\/wp-content\/uploads\/2018\/11\/2014102954_slideShow2.jpg","type":"image\/jpeg"}],"twitter_card":"summary_large_image","twitter_misc":{"Gesch\u00e4tzte Lesezeit":"3\u00a0Minuten"},"schema":{"@context":"https:\/\/schema.org","@graph":[{"@type":"WebPage","@id":"https:\/\/alpenlodge.it\/de\/uber-uns\/","url":"https:\/\/alpenlodge.it\/de\/uber-uns\/","name":"Uber uns - Familie Moretti - Alpenlodge Apartments Livigno","isPartOf":{"@id":"https:\/\/alpenlodge.it\/#website"},"primaryImageOfPage":{"@id":"https:\/\/alpenlodge.it\/de\/uber-uns\/#primaryimage"},"image":{"@id":"https:\/\/alpenlodge.it\/de\/uber-uns\/#primaryimage"},"thumbnailUrl":"https:\/\/alpenlodge.it\/wp-content\/uploads\/2018\/11\/2014102954_slideShow2.jpg","datePublished":"2019-01-25T08:38:33+00:00","dateModified":"2025-10-03T14:29:19+00:00","description":"Familie Moretti mit Mama Rita und den Kindern Stefano, Michela, Luca und Carlo ist erfreut, Ihnen ihre Ferienh\u00e4usern vorzustellen und Sie dort zu empfangen: BAITA lungo RIN und MICHELA HOUSE, die richtige Idee f\u00fcr entspannende und angenehme Ferien.","breadcrumb":{"@id":"https:\/\/alpenlodge.it\/de\/uber-uns\/#breadcrumb"},"inLanguage":"de","potentialAction":[{"@type":"ReadAction","target":["https:\/\/alpenlodge.it\/de\/uber-uns\/"]}]},{"@type":"ImageObject","inLanguage":"de","@id":"https:\/\/alpenlodge.it\/de\/uber-uns\/#primaryimage","url":"https:\/\/alpenlodge.it\/wp-content\/uploads\/2018\/11\/2014102954_slideShow2.jpg","contentUrl":"https:\/\/alpenlodge.it\/wp-content\/uploads\/2018\/11\/2014102954_slideShow2.jpg","width":1460,"height":705},{"@type":"BreadcrumbList","@id":"https:\/\/alpenlodge.it\/de\/uber-uns\/#breadcrumb","itemListElement":[{"@type":"ListItem","position":1,"name":"Home","item":"https:\/\/alpenlodge.it\/de\/"},{"@type":"ListItem","position":2,"name":"Uber uns"}]},{"@type":"WebSite","@id":"https:\/\/alpenlodge.it\/#website","url":"https:\/\/alpenlodge.it\/","name":"Alpenlodge Appartamenti Livigno","description":"","publisher":{"@id":"https:\/\/alpenlodge.it\/#organization"},"potentialAction":[{"@type":"SearchAction","target":{"@type":"EntryPoint","urlTemplate":"https:\/\/alpenlodge.it\/?s={search_term_string}"},"query-input":{"@type":"PropertyValueSpecification","valueRequired":true,"valueName":"search_term_string"}}],"inLanguage":"de"},{"@type":"Organization","@id":"https:\/\/alpenlodge.it\/#organization","name":"Alpenlodge Appartamenti Livigno","url":"https:\/\/alpenlodge.it\/","logo":{"@type":"ImageObject","inLanguage":"de","@id":"https:\/\/alpenlodge.it\/#\/schema\/logo\/image\/","url":"https:\/\/alpenlodge.it\/wp-content\/uploads\/2018\/11\/alpenlodge-logo.png","contentUrl":"https:\/\/alpenlodge.it\/wp-content\/uploads\/2018\/11\/alpenlodge-logo.png","width":438,"height":129,"caption":"Alpenlodge Appartamenti Livigno"},"image":{"@id":"https:\/\/alpenlodge.it\/#\/schema\/logo\/image\/"},"sameAs":["https:\/\/www.facebook.com\/profile.php?id=100025235413120"]}]}},"_links":{"self":[{"href":"https:\/\/alpenlodge.it\/de\/wp-json\/wp\/v2\/pages\/4583","targetHints":{"allow":["GET"]}}],"collection":[{"href":"https:\/\/alpenlodge.it\/de\/wp-json\/wp\/v2\/pages"}],"about":[{"href":"https:\/\/alpenlodge.it\/de\/wp-json\/wp\/v2\/types\/page"}],"author":[{"embeddable":true,"href":"https:\/\/alpenlodge.it\/de\/wp-json\/wp\/v2\/users\/1"}],"replies":[{"embeddable":true,"href":"https:\/\/alpenlodge.it\/de\/wp-json\/wp\/v2\/comments?post=4583"}],"version-history":[{"count":2,"href":"https:\/\/alpenlodge.it\/de\/wp-json\/wp\/v2\/pages\/4583\/revisions"}],"predecessor-version":[{"id":10075,"href":"https:\/\/alpenlodge.it\/de\/wp-json\/wp\/v2\/pages\/4583\/revisions\/10075"}],"wp:featuredmedia":[{"embeddable":true,"href":"https:\/\/alpenlodge.it\/de\/wp-json\/wp\/v2\/media\/4591"}],"wp:attachment":[{"href":"https:\/\/alpenlodge.it\/de\/wp-json\/wp\/v2\/media?parent=4583"}],"curies":[{"name":"wp","href":"https:\/\/api.w.org\/{rel}","templated":true}]}}