{"id":4541,"date":"2019-01-24T12:01:47","date_gmt":"2019-01-24T12:01:47","guid":{"rendered":"https:\/\/alpenlodge.it\/?page_id=4541"},"modified":"2025-10-03T14:37:04","modified_gmt":"2025-10-03T14:37:04","slug":"blesaccia-superior-apartments","status":"publish","type":"page","link":"https:\/\/alpenlodge.it\/de\/ferienwohnungen\/blesaccia-superior-apartments\/","title":{"rendered":"Blesaccia Superior"},"content":{"rendered":"<div class=\"wpb-content-wrapper\"><p>[vc_row css=&#8220;.vc_custom_1547120693558{margin-top: -30px !important;}&#8220;][vc_column el_class=&#8220;nd_options_margin_top_50_first_div_important_responsive&#8220; offset=&#8220;vc_hidden-sm vc_hidden-xs&#8220;][vc_column_text css=&#8220;.vc_custom_1547120669198{margin-top: -30px !important;}&#8220;]\n    <div id=\"booking-box\" style=\"display:block;width:100%;\">\n      <div class=\"container bookingContainer\">\n<div class=\"row\">\n        <form name=\"formWuBook\" id=\"formWuBook\" method=\"get\" action=\"https:\/\/wubook.net\/wbkd\/wbk\/\" target=\"_blank\">\n          <input type=\"hidden\" name=\"lcode\" value=\"1381181660\" \/>\n        <div class=\"col-md-3\" style=\"float:left;background-color: #78635a;color: #fff;padding: 20px;text-align: center;letter-spacing: 2px;font-size: 16px;font-family:Poppins;\"> BOOKING ONLINE<\/div>\n        <div class=\"input-date col-md-2\">\n          <label style=\"text-align: center;display: block;letter-spacing: 2px;font-weight: bolder;font-size: 16px;\">Arrivo<\/label>\n          <input id=\"dfrom\" type=\"text\" name=\"dfrom\" class=\"dateinput\" value=\"\" \/>\n        <\/div>\n        <div class=\"input-date col-md-2\">\n        \t<label style=\"text-align: center;display: block;letter-spacing: 2px;font-weight: bolder;font-size: 16px;\">Partenza<\/label>\n        \t<input id=\"dto\" type=\"text\" name=\"dto\" class=\"dateinput\" value=\"\" \/>\n        <\/div>\n        <div class=\"col-md-2\" style=\"float:left\">\n\t\t<img decoding=\"async\" id=\"img_booking\" src=\"https:\/\/www.alpenlodge.it\/wp-content\/uploads\/2019\/01\/appartamenti-livigno-booking-alpenlodge.png\"  alt=\"Alpenlodge Apartmens Livigno Reservation Cards\">\n        <\/div>\n        <div class=\"col-md-3\" id=\"input-button\">\n         <button class=\"wb-submit col\" id=\"check-button\" type=\"submit\">Mostra disponibilit\u00e0<\/button>\n        <\/div>\n        <\/form>\n\n<\/div>\n      <\/div><!-- \/.container -->\n    <\/div><!-- \/.booking-box -->\n\t<script src=\"https:\/\/alpenlodge.it\/wp-content\/plugins\/wubook-shortcode\/wubook-script.js\"><\/script>[\/vc_column_text][\/vc_column][\/vc_row][vc_row full_width=&#8220;stretch_row_content&#8220; css=&#8220;.vc_custom_1548666669335{margin-top: 10px !important;}&#8220;][vc_column width=&#8220;1\/12&#8243;][\/vc_column][vc_column width=&#8220;7\/12&#8243; css=&#8220;.vc_custom_1542885508100{margin-bottom: 10px !important;padding-top: 0px !important;}&#8220;][vc_custom_heading text=&#8220;Blesaccia Superior Apartments&#8220; font_container=&#8220;tag:h1|font_size:40|text_align:left|color:%23424242|line_height:1&#8243; use_theme_fonts=&#8220;yes&#8220; css=&#8220;.vc_custom_1548416631904{margin-top: 20px !important;}&#8220;][vc_custom_heading text=&#8220;BAITA LUNGO RIN ***<br \/>\nALPENLODGE APARTMENTS &#8211; LIVIGNO&#8220; font_container=&#8220;tag:h2|font_size:15|text_align:left|line_height:1&#8243; use_theme_fonts=&#8220;yes&#8220; css=&#8220;.vc_custom_1548416616786{margin-top: 15px !important;margin-bottom: 15px !important;}&#8220;][vc_row_inner][vc_column_inner][rev_slider_vc alias=&#8220;blesaccia-superior-gallery&#8220;][\/vc_column_inner][\/vc_row_inner][vc_row_inner css=&#8220;.vc_custom_1542875783812{margin-top: 30px !important;padding-right: 50px !important;padding-left: 50px !important;}&#8220;][vc_column_inner width=&#8220;1\/3&#8243;][vc_cta h2=&#8220;4-6&#8243; h4=&#8220;Leute&#8220; txt_align=&#8220;center&#8220; shape=&#8220;square&#8220; style=&#8220;custom&#8220; add_icon=&#8220;top&#8220; i_icon_fontawesome=&#8220;fa fa-user-circle&#8220; i_color=&#8220;custom&#8220; custom_background=&#8220;#ffffff&#8220; custom_text=&#8220;#adadad&#8220; i_custom_color=&#8220;#adadad&#8220;][\/vc_cta][\/vc_column_inner][vc_column_inner width=&#8220;1\/3&#8243;][vc_cta h2=&#8220;85&#8243; h4=&#8220;mq&#8220; txt_align=&#8220;center&#8220; shape=&#8220;square&#8220; style=&#8220;custom&#8220; add_icon=&#8220;top&#8220; i_icon_fontawesome=&#8220;fa fa-retweet&#8220; i_color=&#8220;custom&#8220; custom_background=&#8220;#ffffff&#8220; custom_text=&#8220;#adadad&#8220; i_custom_color=&#8220;#adadad&#8220;][\/vc_cta][\/vc_column_inner][vc_column_inner width=&#8220;1\/3&#8243;][vc_cta h2=&#8220;2.&#8220; h4=&#8220;Etage&#8220; txt_align=&#8220;center&#8220; shape=&#8220;square&#8220; style=&#8220;custom&#8220; add_icon=&#8220;top&#8220; i_icon_fontawesome=&#8220;fa fa-home&#8220; i_color=&#8220;custom&#8220; custom_background=&#8220;#ffffff&#8220; custom_text=&#8220;#adadad&#8220; i_custom_color=&#8220;#adadad&#8220;][\/vc_cta][\/vc_column_inner][\/vc_row_inner][vc_column_text el_class=&#8220;nd_options_text_align_center_responsive&#8220;]<\/p>\n<h3 style=\"text-align: left;\">Eigenschaft<\/h3>\n<p style=\"text-align: left;\"><strong>Zwei Schlafzimmer<\/strong> (Einzel- und Doppelbetten), gro\u00dfes in typischem alpinem Stil eingerichtetes Wohnzimmer mit Holzboden- und Decke, Doppelbett-Couch (bei Bedarf f\u00fcr 6 Personen), 2 LCD-SAT-TV, 2 B\u00e4der mit Dusche, Waschmaschine, W\u00e4schest\u00e4nder, Safe, zentralisierte Audioanlage, Internet (Wi-Fi) gro\u00dfer ausgestatteter Balkon, Abstellraum f\u00fcr Sportbekleidung mit Waschbereich.<\/p>\n<p>&nbsp;<\/p>\n<p style=\"text-align: left;\">Vom Wohnzimmer getrennte K\u00fcche, komplett mit:<br \/>\nGeschirr, Geschirrsp\u00fcler, Staubsauger, Kocher, Backofen \/ Backofen Mikrowelle, Mikrowelle (Filtermaschine), Toaster, elektrische Kochfl\u00e4che aus Glaskeramik, K\u00fchlschrank.<\/p>\n<p>[\/vc_column_text]<div style=\"background-color:;height: 25px\" class=\"nicdark_section  \"><\/div>[vc_row_inner][vc_column_inner width=&#8220;5\/12&#8243;][vc_custom_heading text=&#8220;Karte&#8220; font_container=&#8220;tag:h3|font_size:25|text_align:left&#8220; use_theme_fonts=&#8220;yes&#8220;]<div style=\"background-color:;height: 25px\" class=\"nicdark_section  \"><\/div>[vc_single_image image=&#8220;4398&#8243; img_size=&#8220;large&#8220; alignment=&#8220;center&#8220; style=&#8220;vc_box_border&#8220; onclick=&#8220;img_link_large&#8220;][\/vc_column_inner][vc_column_inner width=&#8220;7\/12&#8243;][vc_custom_heading text=&#8220;Google Map&#8220; font_container=&#8220;tag:h3|font_size:25|text_align:left&#8220; use_theme_fonts=&#8220;yes&#8220;]<div style=\"background-color:;height: 25px\" class=\"nicdark_section  \"><\/div>[vc_gmaps link=&#8220;#E-8_JTNDaWZyYW1lJTIwc3JjJTNEJTIyaHR0cHMlM0ElMkYlMkZ3d3cuZ29vZ2xlLmNvbSUyRm1hcHMlMkZlbWJlZCUzRnBiJTNEJTIxMW0xNCUyMTFtOCUyMTFtMyUyMTFkODc4MzMuODAyNzE3NDUyMzQlMjEyZDEwLjEyOTIyMSUyMTNkNDYuNTMxNzM0JTIxM20yJTIxMWkxMDI0JTIxMmk3NjglMjE0ZjEzLjElMjEzbTMlMjExbTIlMjExczB4NDc4MzZkZjg3ZGIxNzk2ZiUyNTNBMHgzYWRkZDAwZTkyZWU4ZjEwJTIxMnNWaWElMkJSaW4lMjUyQyUyQjQyMSUyNTJDJTJCMjMwMzAlMkJMaXZpZ25vJTJCU08lMjUyQyUyQkl0YWxpYSUyMTVlMCUyMTNtMiUyMTFzaXQlMjEyc3VzJTIxNHYxNTQ0MDA2NDA0MTAyJTIyJTIwd2lkdGglM0QlMjI2MDAlMjIlMjBoZWlnaHQlM0QlMjI0NTAlMjIlMjBmcmFtZWJvcmRlciUzRCUyMjAlMjIlMjBzdHlsZSUzRCUyMmJvcmRlciUzQTAlMjIlMjBhbGxvd2Z1bGxzY3JlZW4lM0UlM0MlMkZpZnJhbWUlM0U=&#8220;][\/vc_column_inner][\/vc_row_inner][\/vc_column][vc_column width=&#8220;1\/4&#8243; css=&#8220;.vc_custom_1544790071320{margin-bottom: 10px !important;padding-top: 0px !important;}&#8220; offset=&#8220;vc_hidden-xs&#8220;]<div style=\"background-color:;height: 45px\" class=\"nicdark_section  \"><\/div>[vc_custom_heading text=&#8220;OUR LODGES&#8220; font_container=&#8220;tag:h3|text_align:left&#8220; use_theme_fonts=&#8220;yes&#8220;]<div style=\"background-color:;height: 15px\" class=\"nicdark_section  \"><\/div>[vc_row_inner][vc_column_inner][\/vc_column_inner][\/vc_row_inner][vc_row_inner][vc_column_inner][vc_basic_grid post_type=&#8220;ids&#8220; element_width=&#8220;12&#8243; item=&#8220;2358&#8243; grid_id=&#8220;vc_gid:1652346407357-3313fbb0-8c78-3&#8243; include=&#8220;6851, 6847&#8243;][\/vc_column_inner][\/vc_row_inner][\/vc_column][vc_column width=&#8220;1\/12&#8243;][\/vc_column][\/vc_row][vc_row full_width=&#8220;stretch_row&#8220; content_placement=&#8220;middle&#8220; parallax=&#8220;content-moving&#8220; parallax_image=&#8220;1300&#8243; css=&#8220;.vc_custom_1548415521674{padding-top: 85px !important;padding-bottom: 85px !important;}&#8220; el_class=&#8220;nd_options_vc_parallax_filter_1_3&#8243;][vc_column width=&#8220;1\/2&#8243; css=&#8220;.vc_custom_1548663107327{padding-right: 55px !important;}&#8220; offset=&#8220;vc_hidden-sm vc_hidden-xs&#8220;]<div style=\"background-color:;height: 10px\" class=\"nicdark_section  \"><\/div> <p style=\"color:#ffffff;padding:px;text-align:;font-size:50px;line-height:50px;letter-spacing: px;font-weight:normal\" class=\"   nd_options_first_font \">Im Preis inbegriffene Dienstleistungen und Verbrauch<\/p> <div style=\"background-color:;height: 40px\" class=\"nicdark_section  \"><\/div>[vc_column_text el_class=&#8220;nd_options_text_align_center_responsive&#8220;]<\/p>\n<ul>\n<li style=\"text-align: justify;\"><strong><span style=\"color: #ffffff;\">Wasser (hei\u00df und kalt), elektrischer Strom, unabh\u00e4ngige einstellbare Heizung, Schlafzimmerw\u00e4sche, Badezimmerw\u00e4sche Handt\u00fccher f\u00fcr Dusche und Gesicht, vollst\u00e4ndiges K\u00fcchengeschirr, Waschmaschine, Endreinigung.<\/span><\/strong><\/li>\n<li style=\"text-align: justify;\"><strong><span style=\"color: #ffffff;\"> Wiege f\u00fcr Neugeborene, Kindersitz f\u00fcr Tisch.<\/span><\/strong><\/li>\n<li style=\"text-align: justify;\"><strong><span style=\"color: #ffffff;\"> Gro\u00dfer privater Parkplatz, gro\u00dfe ausgestattete Balkone, Garten.<\/span><\/strong><\/li>\n<li style=\"text-align: justify;\"><strong><span style=\"color: #ffffff;\">Skidepot mit privatem Spind mit Skischuhw\u00e4rmer-\/Trockner, Solariumliegen, Liegestuhl, privater Parkplatz f\u00fcr PKW<\/span><\/strong><\/li>\n<li style=\"text-align: justify;\"><strong><span style=\"color: #ffffff;\"> SAT-TV, FREE Internet Wi-Fi wi-fi<\/span><\/strong><\/li>\n<li style=\"text-align: justify;\"><span style=\"color: #ffffff;\"><strong>Verleih Mountainbike, City bike mit Kindersitz, Depot f\u00fcr Privatfahrrad, Fahrradwaschbereich, Reparaturwerkbank f\u00fcr Fahrr\u00e4der mit Bock und Werkzeugen<\/strong><\/span><\/li>\n<\/ul>\n<p>[\/vc_column_text][\/vc_column][vc_column width=&#8220;1\/4&#8243;]<div style=\"background-color:;height: 15px\" class=\"nicdark_section  \"><\/div>\n\n    <div class=\"nd_options_section nd_options_bg_white nd_options_border_radius_15 nd_options_services_7_page \">\n                                        \n        <div class=\"nd_options_section nd_options_box_sizing_border_box nd_options_padding_20 nd_options_text_align_center\">\n            \n            <img decoding=\"async\" alt=\"\" width=\"40\" src=\"https:\/\/alpenlodge.it\/wp-content\/uploads\/2018\/11\/icon-deposito-sci.png\">\n            <div class=\"nd_options_section nd_options_height_5\"><\/div>\n            <h1 class=\"nd_options_font_size_40\"><\/h1>\n            <div class=\"nd_options_section nd_options_height_10\"><\/div>\n            <h4 class=\"nd_options_color_grey nd_options_font_size_12 nd_options_text_transform_uppercase nd_options_letter_spacing_3 nd_options_second_font nd_options_font_weight_lighter\">SKI DEPOSIT<br \/>\nRESERVED FOR CUSTOMERS<\/h4>\n\n        <\/div>\n\n    <\/div>\n\n  <div style=\"background-color:;height: 30px\" class=\"nicdark_section  \"><\/div>\n\n    <div class=\"nd_options_section nd_options_bg_white nd_options_border_radius_15 nd_options_services_7_page \">\n                                        \n        <div class=\"nd_options_section nd_options_box_sizing_border_box nd_options_padding_20 nd_options_text_align_center\">\n            \n            <img decoding=\"async\" alt=\"\" width=\"40\" src=\"https:\/\/alpenlodge.it\/wp-content\/uploads\/2017\/07\/icon-17.png\">\n            <div class=\"nd_options_section nd_options_height_5\"><\/div>\n            <h1 class=\"nd_options_font_size_40\"><\/h1>\n            <div class=\"nd_options_section nd_options_height_10\"><\/div>\n            <h4 class=\"nd_options_color_grey nd_options_font_size_12 nd_options_text_transform_uppercase nd_options_letter_spacing_3 nd_options_second_font nd_options_font_weight_lighter\">CONVENTIONED<br \/>\nRESTAURANTS<\/h4>\n\n        <\/div>\n\n    <\/div>\n\n  <div style=\"background-color:;height: 15px\" class=\"nicdark_section  \"><\/div>[\/vc_column][vc_column width=&#8220;1\/4&#8243;]<div style=\"background-color:;height: 15px\" class=\"nicdark_section  \"><\/div>\n\n    <div class=\"nd_options_section nd_options_bg_white nd_options_border_radius_15 nd_options_services_7_page \">\n                                        \n        <div class=\"nd_options_section nd_options_box_sizing_border_box nd_options_padding_20 nd_options_text_align_center\">\n            \n            <img decoding=\"async\" alt=\"\" width=\"40\" src=\"https:\/\/alpenlodge.it\/wp-content\/uploads\/2017\/07\/icon-15.png\">\n            <div class=\"nd_options_section nd_options_height_5\"><\/div>\n            <h1 class=\"nd_options_font_size_40\"><\/h1>\n            <div class=\"nd_options_section nd_options_height_10\"><\/div>\n            <h4 class=\"nd_options_color_grey nd_options_font_size_12 nd_options_text_transform_uppercase nd_options_letter_spacing_3 nd_options_second_font nd_options_font_weight_lighter\">BED LINEN E<br \/>\nBATHROOM INCLUDED<\/h4>\n\n        <\/div>\n\n    <\/div>\n\n  <div style=\"background-color:;height: 30px\" class=\"nicdark_section  \"><\/div>\n\n    <div class=\"nd_options_section nd_options_bg_white nd_options_border_radius_15 nd_options_services_7_page \">\n                                        \n        <div class=\"nd_options_section nd_options_box_sizing_border_box nd_options_padding_20 nd_options_text_align_center\">\n            \n            <img decoding=\"async\" alt=\"\" width=\"40\" src=\"https:\/\/alpenlodge.it\/wp-content\/uploads\/2017\/07\/icon-11.png\">\n            <div class=\"nd_options_section nd_options_height_5\"><\/div>\n            <h1 class=\"nd_options_font_size_40\"><\/h1>\n            <div class=\"nd_options_section nd_options_height_10\"><\/div>\n            <h4 class=\"nd_options_color_grey nd_options_font_size_12 nd_options_text_transform_uppercase nd_options_letter_spacing_3 nd_options_second_font nd_options_font_weight_lighter\">RENTAL SERVICE<br \/>\nMBT AND BIKE<\/h4>\n\n        <\/div>\n\n    <\/div>\n\n  <div style=\"background-color:;height: 15px\" class=\"nicdark_section  \"><\/div>[\/vc_column][\/vc_row][vc_row full_width=&#8220;stretch_row&#8220; parallax=&#8220;content-moving&#8220; parallax_image=&#8220;2834&#8243; css=&#8220;.vc_custom_1547120173229{margin-top: 20px !important;padding-top: 115px !important;padding-bottom: 115px !important;}&#8220; el_class=&#8220;nd_options_vc_parallax_filter_2_4&#8243;][vc_column el_class=&#8220;nd_options_text_align_center&#8220;] <p style=\"color:#ffffff;padding:px;text-align:center;font-size:55px;line-height:65px;letter-spacing: px;font-weight:normal\" class=\"  nd_options_font_size_40_important_all_iphone nd_options_line_height_40_important_all_iphone nd_options_first_font \">Video<\/p> <div style=\"background-color:;height: 20px\" class=\"nicdark_section  \"><\/div> <p style=\"color:#ffffff;padding:px;text-align:center;font-size:12px;line-height:12px;letter-spacing: 2px;font-weight:lighter\" class=\"   nd_options_second_font \">WATCH THE BLESACCIA SUPERIOR APARTMENT VIDEO<\/p> <div style=\"background-color:;height: 40px\" class=\"nicdark_section  \"><\/div>\n\n    <div class=\"  nd_options_section\">\n        \n    \n        <a class=\" nd_options_outline_0 nd_options_mpopup_iframe\" href=\"https:\/\/www.youtube.com\/watch?v=InssqxXPc_w\">\n            <img decoding=\"async\" width=\"60px\" alt=\"\" class=\"nd_options_transition_all_08_ease nd_options_opacity_05_hover\" src=\"https:\/\/alpenlodge.it\/wp-content\/uploads\/2017\/06\/icon-3.png\">\n        <\/a>\n\n        \n    <\/div>   \n\n[\/vc_column][\/vc_row][vc_row full_width=&#8220;stretch_row_content&#8220; css=&#8220;.vc_custom_1548666638566{margin-top: 10px !important;}&#8220;][vc_column css=&#8220;.vc_custom_1549012719950{margin-bottom: 10px !important;padding-top: 0px !important;}&#8220; offset=&#8220;vc_hidden-lg&#8220;]<div style=\"background-color:;height: 45px\" class=\"nicdark_section  \"><\/div>[vc_custom_heading text=&#8220;OUR LODGES&#8220; use_theme_fonts=&#8220;yes&#8220;]<div style=\"background-color:;height: 15px\" class=\"nicdark_section  \"><\/div>[vc_row_inner][vc_column_inner][\/vc_column_inner][\/vc_row_inner][vc_row_inner][vc_column_inner][vc_basic_grid post_type=&#8220;ids&#8220; element_width=&#8220;12&#8243; item=&#8220;2358&#8243; grid_id=&#8220;vc_gid:1652346407361-a81df7f3-1f37-0&#8243; include=&#8220;6851, 6847&#8243;][\/vc_column_inner][\/vc_row_inner][\/vc_column][\/vc_row][vc_row][vc_column][vc_column_text]<\/p>\n<p>&nbsp;<\/p>\n<p>[\/vc_column_text][\/vc_column][\/vc_row][vc_row][vc_column offset=&#8220;vc_hidden-xs&#8220;][vc_custom_heading text=&#8220;More Apartments by Alpenlodge***&#8220; font_container=&#8220;tag:h4|font_size:40|text_align:center|line_height:1&#8243; use_theme_fonts=&#8220;yes&#8220;]<div style=\"background-color:;height: 40px\" class=\"nicdark_section  \"><\/div>[vc_row_inner][vc_column_inner width=&#8220;1\/3&#8243;][vc_basic_grid post_type=&#8220;ids&#8220; element_width=&#8220;12&#8243; item=&#8220;4522&#8243; grid_id=&#8220;vc_gid:1652346407362-eaf7b2b6-790a-9&#8243; include=&#8220;2803&#8243;][\/vc_column_inner][vc_column_inner width=&#8220;1\/3&#8243;][vc_basic_grid post_type=&#8220;ids&#8220; element_width=&#8220;12&#8243; item=&#8220;4522&#8243; grid_id=&#8220;vc_gid:1652346407362-d3caf3fe-1430-3&#8243; include=&#8220;2816&#8243;][\/vc_column_inner][vc_column_inner width=&#8220;1\/3&#8243;][vc_basic_grid post_type=&#8220;ids&#8220; element_width=&#8220;12&#8243; item=&#8220;4522&#8243; grid_id=&#8220;vc_gid:1652346407363-9b463b90-950f-8&#8243; include=&#8220;1867&#8243;][\/vc_column_inner][\/vc_row_inner][\/vc_column][\/vc_row]<\/p>\n<\/div>","protected":false},"excerpt":{"rendered":"<p>[vc_row css=&#8220;.vc_custom_1547120693558{margin-top: -30px !important;}&#8220;][vc_column el_class=&#8220;nd_options_margin_top_50_first_div_important_responsive&#8220; offset=&#8220;vc_hidden-sm vc_hidden-xs&#8220;][vc_column_text css=&#8220;.vc_custom_1547120669198{margin-top: -30px !important;}&#8220;][\/vc_column_text][\/vc_column][\/vc_row][vc_row full_width=&#8220;stretch_row_content&#8220; css=&#8220;.vc_custom_1548666669335{margin-top: 10px !important;}&#8220;][vc_column width=&#8220;1\/12&#8243;][\/vc_column][vc_column width=&#8220;7\/12&#8243; css=&#8220;.vc_custom_1542885508100{margin-bottom: 10px !important;padding-top: 0px !important;}&#8220;][vc_custom_heading text=&#8220;Blesaccia Superior Apartments&#8220; font_container=&#8220;tag:h1|font_size:40|text_align:left|color:%23424242|line_height:1&#8243; use_theme_fonts=&#8220;yes&#8220; css=&#8220;.vc_custom_1548416631904{margin-top: 20px !important;}&#8220;][vc_custom_heading text=&#8220;BAITA LUNGO RIN *** ALPENLODGE APARTMENTS &#8211; LIVIGNO&#8220; font_container=&#8220;tag:h2|font_size:15|text_align:left|line_height:1&#8243; use_theme_fonts=&#8220;yes&#8220; css=&#8220;.vc_custom_1548416616786{margin-top: 15px !important;margin-bottom: 15px !important;}&#8220;][vc_row_inner][vc_column_inner][rev_slider_vc alias=&#8220;blesaccia-superior-gallery&#8220;][\/vc_column_inner][\/vc_row_inner][vc_row_inner css=&#8220;.vc_custom_1542875783812{margin-top: 30px !important;padding-right: 50px !important;padding-left: 50px !important;}&#8220;][vc_column_inner width=&#8220;1\/3&#8243;][vc_cta h2=&#8220;4-6&#8243; h4=&#8220;Leute&#8220; [&hellip;]<\/p>\n","protected":false},"author":1,"featured_media":4545,"parent":4535,"menu_order":2,"comment_status":"closed","ping_status":"closed","template":"","meta":{"footnotes":""},"class_list":["post-4541","page","type-page","status-publish","has-post-thumbnail","hentry"],"yoast_head":"<!-- This site is optimized with the Yoast SEO plugin v27.5 - https:\/\/yoast.com\/product\/yoast-seo-wordpress\/ -->\n<title>Blesaccia Superior Apartment - Alpenlodge Appartamenti Livigno<\/title>\n<meta name=\"description\" content=\"Apartment mit vier Schlafzimmern, Wohnzimmer mit K\u00fcchenzeile und Doppelschlafsofa, 3 Badezimmer, Balkon, Abstellraum.\" \/>\n<meta name=\"robots\" content=\"index, follow, max-snippet:-1, max-image-preview:large, max-video-preview:-1\" \/>\n<link rel=\"canonical\" href=\"https:\/\/alpenlodge.it\/de\/ferienwohnungen\/blesaccia-superior-apartments\/\" \/>\n<meta property=\"og:locale\" content=\"de_DE\" \/>\n<meta property=\"og:type\" content=\"article\" \/>\n<meta property=\"og:title\" content=\"Blesaccia Superior Apartment - Alpenlodge Appartamenti Livigno\" \/>\n<meta property=\"og:description\" content=\"Apartment mit vier Schlafzimmern, Wohnzimmer mit K\u00fcchenzeile und Doppelschlafsofa, 3 Badezimmer, Balkon, Abstellraum.\" \/>\n<meta property=\"og:url\" content=\"https:\/\/alpenlodge.it\/de\/ferienwohnungen\/blesaccia-superior-apartments\/\" \/>\n<meta property=\"og:site_name\" content=\"Alpenlodge Appartamenti Livigno\" \/>\n<meta property=\"article:publisher\" content=\"https:\/\/www.facebook.com\/profile.php?id=100025235413120\" \/>\n<meta property=\"article:modified_time\" content=\"2025-10-03T14:37:04+00:00\" \/>\n<meta property=\"og:image\" content=\"https:\/\/alpenlodge.it\/wp-content\/uploads\/2018\/11\/blesaccias02.png\" \/>\n\t<meta property=\"og:image:width\" content=\"852\" \/>\n\t<meta property=\"og:image:height\" content=\"447\" \/>\n\t<meta property=\"og:image:type\" content=\"image\/png\" \/>\n<meta name=\"twitter:card\" content=\"summary_large_image\" \/>\n<meta name=\"twitter:label1\" content=\"Gesch\u00e4tzte Lesezeit\" \/>\n\t<meta name=\"twitter:data1\" content=\"3\u00a0Minuten\" \/>\n<!-- \/ Yoast SEO plugin. -->","yoast_head_json":{"title":"Blesaccia Superior Apartment - Alpenlodge Appartamenti Livigno","description":"Apartment mit vier Schlafzimmern, Wohnzimmer mit K\u00fcchenzeile und Doppelschlafsofa, 3 Badezimmer, Balkon, Abstellraum.","robots":{"index":"index","follow":"follow","max-snippet":"max-snippet:-1","max-image-preview":"max-image-preview:large","max-video-preview":"max-video-preview:-1"},"canonical":"https:\/\/alpenlodge.it\/de\/ferienwohnungen\/blesaccia-superior-apartments\/","og_locale":"de_DE","og_type":"article","og_title":"Blesaccia Superior Apartment - Alpenlodge Appartamenti Livigno","og_description":"Apartment mit vier Schlafzimmern, Wohnzimmer mit K\u00fcchenzeile und Doppelschlafsofa, 3 Badezimmer, Balkon, Abstellraum.","og_url":"https:\/\/alpenlodge.it\/de\/ferienwohnungen\/blesaccia-superior-apartments\/","og_site_name":"Alpenlodge Appartamenti Livigno","article_publisher":"https:\/\/www.facebook.com\/profile.php?id=100025235413120","article_modified_time":"2025-10-03T14:37:04+00:00","og_image":[{"width":852,"height":447,"url":"https:\/\/alpenlodge.it\/wp-content\/uploads\/2018\/11\/blesaccias02.png","type":"image\/png"}],"twitter_card":"summary_large_image","twitter_misc":{"Gesch\u00e4tzte Lesezeit":"3\u00a0Minuten"},"schema":{"@context":"https:\/\/schema.org","@graph":[{"@type":"WebPage","@id":"https:\/\/alpenlodge.it\/de\/ferienwohnungen\/blesaccia-superior-apartments\/","url":"https:\/\/alpenlodge.it\/de\/ferienwohnungen\/blesaccia-superior-apartments\/","name":"Blesaccia Superior Apartment - Alpenlodge Appartamenti Livigno","isPartOf":{"@id":"https:\/\/alpenlodge.it\/#website"},"primaryImageOfPage":{"@id":"https:\/\/alpenlodge.it\/de\/ferienwohnungen\/blesaccia-superior-apartments\/#primaryimage"},"image":{"@id":"https:\/\/alpenlodge.it\/de\/ferienwohnungen\/blesaccia-superior-apartments\/#primaryimage"},"thumbnailUrl":"https:\/\/alpenlodge.it\/wp-content\/uploads\/2018\/11\/blesaccias02.png","datePublished":"2019-01-24T12:01:47+00:00","dateModified":"2025-10-03T14:37:04+00:00","description":"Apartment mit vier Schlafzimmern, Wohnzimmer mit K\u00fcchenzeile und Doppelschlafsofa, 3 Badezimmer, Balkon, Abstellraum.","breadcrumb":{"@id":"https:\/\/alpenlodge.it\/de\/ferienwohnungen\/blesaccia-superior-apartments\/#breadcrumb"},"inLanguage":"de","potentialAction":[{"@type":"ReadAction","target":["https:\/\/alpenlodge.it\/de\/ferienwohnungen\/blesaccia-superior-apartments\/"]}]},{"@type":"ImageObject","inLanguage":"de","@id":"https:\/\/alpenlodge.it\/de\/ferienwohnungen\/blesaccia-superior-apartments\/#primaryimage","url":"https:\/\/alpenlodge.it\/wp-content\/uploads\/2018\/11\/blesaccias02.png","contentUrl":"https:\/\/alpenlodge.it\/wp-content\/uploads\/2018\/11\/blesaccias02.png","width":852,"height":447,"caption":"Appartamento Blesaccia Deluxe"},{"@type":"BreadcrumbList","@id":"https:\/\/alpenlodge.it\/de\/ferienwohnungen\/blesaccia-superior-apartments\/#breadcrumb","itemListElement":[{"@type":"ListItem","position":1,"name":"Home","item":"https:\/\/alpenlodge.it\/de\/"},{"@type":"ListItem","position":2,"name":"Ferienwohnungen","item":"https:\/\/alpenlodge.it\/de\/ferienwohnungen\/"},{"@type":"ListItem","position":3,"name":"Blesaccia Superior"}]},{"@type":"WebSite","@id":"https:\/\/alpenlodge.it\/#website","url":"https:\/\/alpenlodge.it\/","name":"Alpenlodge Appartamenti Livigno","description":"","publisher":{"@id":"https:\/\/alpenlodge.it\/#organization"},"potentialAction":[{"@type":"SearchAction","target":{"@type":"EntryPoint","urlTemplate":"https:\/\/alpenlodge.it\/?s={search_term_string}"},"query-input":{"@type":"PropertyValueSpecification","valueRequired":true,"valueName":"search_term_string"}}],"inLanguage":"de"},{"@type":"Organization","@id":"https:\/\/alpenlodge.it\/#organization","name":"Alpenlodge Appartamenti Livigno","url":"https:\/\/alpenlodge.it\/","logo":{"@type":"ImageObject","inLanguage":"de","@id":"https:\/\/alpenlodge.it\/#\/schema\/logo\/image\/","url":"https:\/\/alpenlodge.it\/wp-content\/uploads\/2018\/11\/alpenlodge-logo.png","contentUrl":"https:\/\/alpenlodge.it\/wp-content\/uploads\/2018\/11\/alpenlodge-logo.png","width":438,"height":129,"caption":"Alpenlodge Appartamenti Livigno"},"image":{"@id":"https:\/\/alpenlodge.it\/#\/schema\/logo\/image\/"},"sameAs":["https:\/\/www.facebook.com\/profile.php?id=100025235413120"]}]}},"_links":{"self":[{"href":"https:\/\/alpenlodge.it\/de\/wp-json\/wp\/v2\/pages\/4541","targetHints":{"allow":["GET"]}}],"collection":[{"href":"https:\/\/alpenlodge.it\/de\/wp-json\/wp\/v2\/pages"}],"about":[{"href":"https:\/\/alpenlodge.it\/de\/wp-json\/wp\/v2\/types\/page"}],"author":[{"embeddable":true,"href":"https:\/\/alpenlodge.it\/de\/wp-json\/wp\/v2\/users\/1"}],"replies":[{"embeddable":true,"href":"https:\/\/alpenlodge.it\/de\/wp-json\/wp\/v2\/comments?post=4541"}],"version-history":[{"count":1,"href":"https:\/\/alpenlodge.it\/de\/wp-json\/wp\/v2\/pages\/4541\/revisions"}],"predecessor-version":[{"id":9277,"href":"https:\/\/alpenlodge.it\/de\/wp-json\/wp\/v2\/pages\/4541\/revisions\/9277"}],"up":[{"embeddable":true,"href":"https:\/\/alpenlodge.it\/de\/wp-json\/wp\/v2\/pages\/4535"}],"wp:featuredmedia":[{"embeddable":true,"href":"https:\/\/alpenlodge.it\/de\/wp-json\/wp\/v2\/media\/4545"}],"wp:attachment":[{"href":"https:\/\/alpenlodge.it\/de\/wp-json\/wp\/v2\/media?parent=4541"}],"curies":[{"name":"wp","href":"https:\/\/api.w.org\/{rel}","templated":true}]}}