{"id":6573,"date":"2019-03-19T10:19:08","date_gmt":"2019-03-19T10:19:08","guid":{"rendered":"https:\/\/alpenlodge.it\/?page_id=6573"},"modified":"2021-10-13T07:26:51","modified_gmt":"2021-10-13T07:26:51","slug":"baita-lungo-rin","status":"publish","type":"page","link":"https:\/\/alpenlodge.it\/da\/baita-lungo-rin\/","title":{"rendered":"Baita Lungo Rin"},"content":{"rendered":"<div class=\"wpb-content-wrapper\"><p>[vc_row full_width=&#8221;stretch_row_content_no_spaces&#8221; css=&#8221;.vc_custom_1634110007243{margin-top: -50px !important;background-image: url(https:\/\/alpenlodge.it\/wp-content\/uploads\/2018\/11\/bg_baitalungo.jpg?id=6594) !important;background-position: center !important;background-repeat: no-repeat !important;background-size: cover !important;}&#8221; el_class=&#8221;nd_options_overflow_visible_important&#8221;][vc_column][vc_row_inner css=&#8221;.vc_custom_1486118361106{padding-top: 100px !important;padding-bottom: 100px !important;}&#8221; el_class=&#8221;nd_options_bg_greydark_alpha_gradient_3&#8243;][vc_column_inner width=&#8221;1\/4&#8243;][\/vc_column_inner][vc_column_inner width=&#8221;1\/2&#8243; css=&#8221;.vc_custom_1542886752093{padding-top: 20px !important;padding-right: 20px !important;padding-bottom: 20px !important;padding-left: 20px !important;}&#8221;] <h1 style=\"color:#ffffff;padding:px;text-align:center;font-size:55px;line-height:55px;letter-spacing: px;font-weight:lighter\" class=\"  nd_options_font_size_40_important_all_iphone nd_options_line_height_40_important_all_iphone nd_options_first_font \">BAITA LUNGO RIN<\/h1> [\/vc_column_inner][vc_column_inner width=&#8221;1\/4&#8243;][\/vc_column_inner][\/vc_row_inner][\/vc_column][\/vc_row][vc_row full_width=&#8221;stretch_row_content&#8221;][vc_column width=&#8221;1\/12&#8243;][\/vc_column][vc_column width=&#8221;1\/2&#8243; css=&#8221;.vc_custom_1542887385685{margin-bottom: 10px !important;padding-top: 0px !important;}&#8221;][vc_row_inner][vc_column_inner width=&#8221;11\/12&#8243;]<div style=\"background-color:#ffffff;height: 20px\" class=\"nicdark_section  \"><\/div>[vc_column_text]<\/p>\n<p style=\"text-align: justify;\">Rin, der er dialekt fra Livigno for \u00e5, l\u00f8ber langs huset der har tilh\u00f8rt familien Cusini i generationer.<\/p>\n<p>&nbsp;<\/p>\n<p style=\"text-align: left;\">Bygget efter den \u00f8del\u00e6ggende rasen af de laviner der ramte omr\u00e5det i Livigno og \u00f8delagde mange hjem, er bjerghytten, ejet af bedstefar Candido, blevet grundigt renoveret igennem \u00e5rene samtidig med at den stadig har bevaret det typiske s\u00e6rkende for et bjerghus<\/p>\n<p>&nbsp;<\/p>\n<p style=\"text-align: justify;\">Beliggende kun 400 meter fra det centrale fodg\u00e6ngeromr\u00e5de omgivet af gr\u00f8nne enge i Valle di Livigno, er den det intelligente valg for dem, der \u00f8nsker nemt og bekvemt at f\u00e5 mest muligt ud af de \u200b\u200bressourcer, som Livigno har at tilbyde sine g\u00e6ster.<\/p>\n<p>&nbsp;<\/p>\n<p style=\"text-align: justify;\">Fra Baita Lungo Rin er det muligt at parkere p\u00e5 den store, reserverede parkeringsplads og starte vandre &#8211; og cykelture kun 30 meter derfra. Om vinteren kan man nyde godt af de 80 km klargjorte langrendsl\u00f8jper eller tage skiliften og vende tilbage efter en dags alpint skil\u00f8b med skiene p\u00e5, uden at andre transportmidler er n\u00f8dvendige. (ski in-ski out)<\/p>\n<p>&nbsp;<\/p>\n<p style=\"text-align: justify;\">Lejlighederne i bjerghytten er omhyggeligt indrettet for at sikre den mest moderne komfort, uden dog at glemme de alpine kendetegn som familien er vokset op med.<\/p>\n<p>[\/vc_column_text][\/vc_column_inner][vc_column_inner width=&#8221;1\/12&#8243;][\/vc_column_inner][\/vc_row_inner][\/vc_column][vc_column width=&#8221;1\/3&#8243;][vc_gmaps link=&#8221;#E-8_JTNDaWZyYW1lJTIwc3JjJTNEJTIyaHR0cHMlM0ElMkYlMkZ3d3cuZ29vZ2xlLmNvbSUyRm1hcHMlMkZlbWJlZCUzRnBiJTNEJTIxMW0xNCUyMTFtOCUyMTFtMyUyMTFkODc4MzMuODAyNzE3NDUyMzQlMjEyZDEwLjEyOTIyMSUyMTNkNDYuNTMxNzM0JTIxM20yJTIxMWkxMDI0JTIxMmk3NjglMjE0ZjEzLjElMjEzbTMlMjExbTIlMjExczB4NDc4MzZkZjg3ZGIxNzk2ZiUyNTNBMHgzYWRkZDAwZTkyZWU4ZjEwJTIxMnNWaWElMkJSaW4lMjUyQyUyQjQyMSUyNTJDJTJCMjMwMzAlMkJMaXZpZ25vJTJCU08lMjUyQyUyQkl0YWxpYSUyMTVlMCUyMTNtMiUyMTFzaXQlMjEyc3VzJTIxNHYxNTQ0MDA2NDA0MTAyJTIyJTIwd2lkdGglM0QlMjI2MDAlMjIlMjBoZWlnaHQlM0QlMjI0NTAlMjIlMjBmcmFtZWJvcmRlciUzRCUyMjAlMjIlMjBzdHlsZSUzRCUyMmJvcmRlciUzQTAlMjIlMjBhbGxvd2Z1bGxzY3JlZW4lM0UlM0MlMkZpZnJhbWUlM0U=&#8221;][\/vc_column][vc_column width=&#8221;1\/12&#8243;][\/vc_column][\/vc_row][vc_row][vc_column width=&#8221;1\/12&#8243;][\/vc_column][vc_column width=&#8221;5\/6&#8243;]<div style=\"background-color:#f1f1f1;height: 1px\" class=\"nicdark_section  \"><\/div><div style=\"background-color:;height: 30px\" class=\"nicdark_section  \"><\/div>[vc_custom_heading text=&#8221;Apartments Baita Lungo Rin&#8221; font_container=&#8221;tag:h3|font_size:40|text_align:center|line_height:1&#8243; use_theme_fonts=&#8221;yes&#8221;]<div style=\"background-color:;height: 30px\" class=\"nicdark_section  \"><\/div>[vc_row_inner][vc_column_inner][vc_basic_grid post_type=&#8221;ids&#8221; item=&#8221;2183&#8243; grid_id=&#8221;vc_gid:1634109967594-2ed2bb26-9920-9&#8243; include=&#8221;2539, 2803, 2816&#8243;][\/vc_column_inner][\/vc_row_inner][\/vc_column][vc_column width=&#8221;1\/12&#8243;][\/vc_column][\/vc_row]<\/p>\n<\/div>","protected":false},"excerpt":{"rendered":"<p>[vc_row full_width=&#8221;stretch_row_content_no_spaces&#8221; css=&#8221;.vc_custom_1634110007243{margin-top: -50px !important;background-image: url(https:\/\/alpenlodge.it\/wp-content\/uploads\/2018\/11\/bg_baitalungo.jpg?id=6594) !important;background-position: center !important;background-repeat: no-repeat !important;background-size: cover !important;}&#8221; el_class=&#8221;nd_options_overflow_visible_important&#8221;][vc_column][vc_row_inner css=&#8221;.vc_custom_1486118361106{padding-top: 100px !important;padding-bottom: 100px !important;}&#8221; el_class=&#8221;nd_options_bg_greydark_alpha_gradient_3&#8243;][vc_column_inner width=&#8221;1\/4&#8243;][\/vc_column_inner][vc_column_inner width=&#8221;1\/2&#8243; css=&#8221;.vc_custom_1542886752093{padding-top: 20px !important;padding-right: 20px !important;padding-bottom: 20px !important;padding-left: 20px !important;}&#8221;][\/vc_column_inner][vc_column_inner width=&#8221;1\/4&#8243;][\/vc_column_inner][\/vc_row_inner][\/vc_column][\/vc_row][vc_row full_width=&#8221;stretch_row_content&#8221;][vc_column width=&#8221;1\/12&#8243;][\/vc_column][vc_column width=&#8221;1\/2&#8243; css=&#8221;.vc_custom_1542887385685{margin-bottom: 10px !important;padding-top: 0px !important;}&#8221;][vc_row_inner][vc_column_inner width=&#8221;11\/12&#8243;][vc_column_text] Rin, der er dialekt fra Livigno for \u00e5, l\u00f8ber langs huset der har tilh\u00f8rt [&hellip;]<\/p>\n","protected":false},"author":1,"featured_media":6583,"parent":0,"menu_order":0,"comment_status":"closed","ping_status":"closed","template":"","meta":{"footnotes":""},"class_list":["post-6573","page","type-page","status-publish","has-post-thumbnail","hentry"],"yoast_head":"<!-- This site is optimized with the Yoast SEO plugin v27.5 - https:\/\/yoast.com\/product\/yoast-seo-wordpress\/ -->\n<title>Baita Lungo Rin - Alpenlodge Appartamenti Livigno<\/title>\n<meta name=\"robots\" content=\"index, follow, max-snippet:-1, max-image-preview:large, max-video-preview:-1\" \/>\n<link rel=\"canonical\" href=\"https:\/\/alpenlodge.it\/da\/baita-lungo-rin\/\" \/>\n<meta property=\"og:locale\" content=\"da_DK\" \/>\n<meta property=\"og:type\" content=\"article\" \/>\n<meta property=\"og:title\" content=\"Baita Lungo Rin - Alpenlodge Appartamenti Livigno\" \/>\n<meta property=\"og:description\" content=\"[vc_row full_width=&#8221;stretch_row_content_no_spaces&#8221; css=&#8221;.vc_custom_1634110007243{margin-top: -50px !important;background-image: url(https:\/\/alpenlodge.it\/wp-content\/uploads\/2018\/11\/bg_baitalungo.jpg?id=6594) !important;background-position: center !important;background-repeat: no-repeat !important;background-size: cover !important;}&#8221; el_class=&#8221;nd_options_overflow_visible_important&#8221;][vc_column][vc_row_inner css=&#8221;.vc_custom_1486118361106{padding-top: 100px !important;padding-bottom: 100px !important;}&#8221; el_class=&#8221;nd_options_bg_greydark_alpha_gradient_3&#8243;][vc_column_inner width=&#8221;1\/4&#8243;][\/vc_column_inner][vc_column_inner width=&#8221;1\/2&#8243; css=&#8221;.vc_custom_1542886752093{padding-top: 20px !important;padding-right: 20px !important;padding-bottom: 20px !important;padding-left: 20px !important;}&#8221;][\/vc_column_inner][vc_column_inner width=&#8221;1\/4&#8243;][\/vc_column_inner][\/vc_row_inner][\/vc_column][\/vc_row][vc_row full_width=&#8221;stretch_row_content&#8221;][vc_column width=&#8221;1\/12&#8243;][\/vc_column][vc_column width=&#8221;1\/2&#8243; css=&#8221;.vc_custom_1542887385685{margin-bottom: 10px !important;padding-top: 0px !important;}&#8221;][vc_row_inner][vc_column_inner width=&#8221;11\/12&#8243;][vc_column_text] Rin, der er dialekt fra Livigno for \u00e5, l\u00f8ber langs huset der har tilh\u00f8rt [&hellip;]\" \/>\n<meta property=\"og:url\" content=\"https:\/\/alpenlodge.it\/da\/baita-lungo-rin\/\" \/>\n<meta property=\"og:site_name\" content=\"Alpenlodge Appartamenti Livigno\" \/>\n<meta property=\"article:publisher\" content=\"https:\/\/www.facebook.com\/profile.php?id=100025235413120\" \/>\n<meta property=\"article:modified_time\" content=\"2021-10-13T07:26:51+00:00\" \/>\n<meta property=\"og:image\" content=\"https:\/\/alpenlodge.it\/wp-content\/uploads\/2018\/11\/2015051934_2014102936_baita-lungho-rin1big.jpg\" \/>\n\t<meta property=\"og:image:width\" content=\"600\" \/>\n\t<meta property=\"og:image:height\" content=\"441\" \/>\n\t<meta property=\"og:image:type\" content=\"image\/jpeg\" \/>\n<meta name=\"twitter:card\" content=\"summary_large_image\" \/>\n<meta name=\"twitter:label1\" content=\"Estimeret l\u00e6setid\" \/>\n\t<meta name=\"twitter:data1\" content=\"3 minutter\" \/>\n<!-- \/ Yoast SEO plugin. -->","yoast_head_json":{"title":"Baita Lungo Rin - Alpenlodge Appartamenti Livigno","robots":{"index":"index","follow":"follow","max-snippet":"max-snippet:-1","max-image-preview":"max-image-preview:large","max-video-preview":"max-video-preview:-1"},"canonical":"https:\/\/alpenlodge.it\/da\/baita-lungo-rin\/","og_locale":"da_DK","og_type":"article","og_title":"Baita Lungo Rin - Alpenlodge Appartamenti Livigno","og_description":"[vc_row full_width=&#8221;stretch_row_content_no_spaces&#8221; css=&#8221;.vc_custom_1634110007243{margin-top: -50px !important;background-image: url(https:\/\/alpenlodge.it\/wp-content\/uploads\/2018\/11\/bg_baitalungo.jpg?id=6594) !important;background-position: center !important;background-repeat: no-repeat !important;background-size: cover !important;}&#8221; el_class=&#8221;nd_options_overflow_visible_important&#8221;][vc_column][vc_row_inner css=&#8221;.vc_custom_1486118361106{padding-top: 100px !important;padding-bottom: 100px !important;}&#8221; el_class=&#8221;nd_options_bg_greydark_alpha_gradient_3&#8243;][vc_column_inner width=&#8221;1\/4&#8243;][\/vc_column_inner][vc_column_inner width=&#8221;1\/2&#8243; css=&#8221;.vc_custom_1542886752093{padding-top: 20px !important;padding-right: 20px !important;padding-bottom: 20px !important;padding-left: 20px !important;}&#8221;][\/vc_column_inner][vc_column_inner width=&#8221;1\/4&#8243;][\/vc_column_inner][\/vc_row_inner][\/vc_column][\/vc_row][vc_row full_width=&#8221;stretch_row_content&#8221;][vc_column width=&#8221;1\/12&#8243;][\/vc_column][vc_column width=&#8221;1\/2&#8243; css=&#8221;.vc_custom_1542887385685{margin-bottom: 10px !important;padding-top: 0px !important;}&#8221;][vc_row_inner][vc_column_inner width=&#8221;11\/12&#8243;][vc_column_text] Rin, der er dialekt fra Livigno for \u00e5, l\u00f8ber langs huset der har tilh\u00f8rt [&hellip;]","og_url":"https:\/\/alpenlodge.it\/da\/baita-lungo-rin\/","og_site_name":"Alpenlodge Appartamenti Livigno","article_publisher":"https:\/\/www.facebook.com\/profile.php?id=100025235413120","article_modified_time":"2021-10-13T07:26:51+00:00","og_image":[{"width":600,"height":441,"url":"https:\/\/alpenlodge.it\/wp-content\/uploads\/2018\/11\/2015051934_2014102936_baita-lungho-rin1big.jpg","type":"image\/jpeg"}],"twitter_card":"summary_large_image","twitter_misc":{"Estimeret l\u00e6setid":"3 minutter"},"schema":{"@context":"https:\/\/schema.org","@graph":[{"@type":"WebPage","@id":"https:\/\/alpenlodge.it\/da\/baita-lungo-rin\/","url":"https:\/\/alpenlodge.it\/da\/baita-lungo-rin\/","name":"Baita Lungo Rin - Alpenlodge Appartamenti Livigno","isPartOf":{"@id":"https:\/\/alpenlodge.it\/#website"},"primaryImageOfPage":{"@id":"https:\/\/alpenlodge.it\/da\/baita-lungo-rin\/#primaryimage"},"image":{"@id":"https:\/\/alpenlodge.it\/da\/baita-lungo-rin\/#primaryimage"},"thumbnailUrl":"https:\/\/alpenlodge.it\/wp-content\/uploads\/2018\/11\/2015051934_2014102936_baita-lungho-rin1big.jpg","datePublished":"2019-03-19T10:19:08+00:00","dateModified":"2021-10-13T07:26:51+00:00","breadcrumb":{"@id":"https:\/\/alpenlodge.it\/da\/baita-lungo-rin\/#breadcrumb"},"inLanguage":"da-DK","potentialAction":[{"@type":"ReadAction","target":["https:\/\/alpenlodge.it\/da\/baita-lungo-rin\/"]}]},{"@type":"ImageObject","inLanguage":"da-DK","@id":"https:\/\/alpenlodge.it\/da\/baita-lungo-rin\/#primaryimage","url":"https:\/\/alpenlodge.it\/wp-content\/uploads\/2018\/11\/2015051934_2014102936_baita-lungho-rin1big.jpg","contentUrl":"https:\/\/alpenlodge.it\/wp-content\/uploads\/2018\/11\/2015051934_2014102936_baita-lungho-rin1big.jpg","width":600,"height":441},{"@type":"BreadcrumbList","@id":"https:\/\/alpenlodge.it\/da\/baita-lungo-rin\/#breadcrumb","itemListElement":[{"@type":"ListItem","position":1,"name":"Home","item":"https:\/\/alpenlodge.it\/da\/"},{"@type":"ListItem","position":2,"name":"Baita Lungo Rin"}]},{"@type":"WebSite","@id":"https:\/\/alpenlodge.it\/#website","url":"https:\/\/alpenlodge.it\/","name":"Alpenlodge Appartamenti Livigno","description":"","publisher":{"@id":"https:\/\/alpenlodge.it\/#organization"},"potentialAction":[{"@type":"SearchAction","target":{"@type":"EntryPoint","urlTemplate":"https:\/\/alpenlodge.it\/?s={search_term_string}"},"query-input":{"@type":"PropertyValueSpecification","valueRequired":true,"valueName":"search_term_string"}}],"inLanguage":"da-DK"},{"@type":"Organization","@id":"https:\/\/alpenlodge.it\/#organization","name":"Alpenlodge Appartamenti Livigno","url":"https:\/\/alpenlodge.it\/","logo":{"@type":"ImageObject","inLanguage":"da-DK","@id":"https:\/\/alpenlodge.it\/#\/schema\/logo\/image\/","url":"https:\/\/alpenlodge.it\/wp-content\/uploads\/2018\/11\/alpenlodge-logo.png","contentUrl":"https:\/\/alpenlodge.it\/wp-content\/uploads\/2018\/11\/alpenlodge-logo.png","width":438,"height":129,"caption":"Alpenlodge Appartamenti Livigno"},"image":{"@id":"https:\/\/alpenlodge.it\/#\/schema\/logo\/image\/"},"sameAs":["https:\/\/www.facebook.com\/profile.php?id=100025235413120"]}]}},"_links":{"self":[{"href":"https:\/\/alpenlodge.it\/da\/wp-json\/wp\/v2\/pages\/6573","targetHints":{"allow":["GET"]}}],"collection":[{"href":"https:\/\/alpenlodge.it\/da\/wp-json\/wp\/v2\/pages"}],"about":[{"href":"https:\/\/alpenlodge.it\/da\/wp-json\/wp\/v2\/types\/page"}],"author":[{"embeddable":true,"href":"https:\/\/alpenlodge.it\/da\/wp-json\/wp\/v2\/users\/1"}],"replies":[{"embeddable":true,"href":"https:\/\/alpenlodge.it\/da\/wp-json\/wp\/v2\/comments?post=6573"}],"version-history":[{"count":0,"href":"https:\/\/alpenlodge.it\/da\/wp-json\/wp\/v2\/pages\/6573\/revisions"}],"wp:featuredmedia":[{"embeddable":true,"href":"https:\/\/alpenlodge.it\/da\/wp-json\/wp\/v2\/media\/6583"}],"wp:attachment":[{"href":"https:\/\/alpenlodge.it\/da\/wp-json\/wp\/v2\/media?parent=6573"}],"curies":[{"name":"wp","href":"https:\/\/api.w.org\/{rel}","templated":true}]}}