{"id":6564,"date":"2019-03-19T10:15:05","date_gmt":"2019-03-19T10:15:05","guid":{"rendered":"https:\/\/alpenlodge.it\/?page_id=6564"},"modified":"2025-10-03T14:36:30","modified_gmt":"2025-10-03T14:36:30","slug":"blesaccia-superior","status":"publish","type":"page","link":"https:\/\/alpenlodge.it\/da\/lejligheder\/blesaccia-superior\/","title":{"rendered":"Blesaccia Superior"},"content":{"rendered":"<div class=\"wpb-content-wrapper\"><p>[vc_row css=&#8221;.vc_custom_1547120693558{margin-top: -30px !important;}&#8221;][vc_column el_class=&#8221;nd_options_margin_top_50_first_div_important_responsive&#8221; css=&#8221;.vc_custom_1547120685858{margin-top: -30px !important;}&#8221; offset=&#8221;vc_hidden-sm vc_hidden-xs&#8221;][vc_column_text css=&#8221;.vc_custom_1547120669198{margin-top: -30px !important;}&#8221;]\n    <div id=\"booking-box\" style=\"display:block;width:100%;\">\n      <div class=\"container bookingContainer\">\n<div class=\"row\">\n        <form name=\"formWuBook\" id=\"formWuBook\" method=\"get\" action=\"https:\/\/wubook.net\/wbkd\/wbk\/\" target=\"_blank\">\n          <input type=\"hidden\" name=\"lcode\" value=\"1381181660\" \/>\n        <div class=\"col-md-3\" style=\"float:left;background-color: #78635a;color: #fff;padding: 20px;text-align: center;letter-spacing: 2px;font-size: 16px;font-family:Poppins;\"> BOOKING ONLINE<\/div>\n        <div class=\"input-date col-md-2\">\n          <label style=\"text-align: center;display: block;letter-spacing: 2px;font-weight: bolder;font-size: 16px;\">Arrivo<\/label>\n          <input id=\"dfrom\" type=\"text\" name=\"dfrom\" class=\"dateinput\" value=\"\" \/>\n        <\/div>\n        <div class=\"input-date col-md-2\">\n        \t<label style=\"text-align: center;display: block;letter-spacing: 2px;font-weight: bolder;font-size: 16px;\">Partenza<\/label>\n        \t<input id=\"dto\" type=\"text\" name=\"dto\" class=\"dateinput\" value=\"\" \/>\n        <\/div>\n        <div class=\"col-md-2\" style=\"float:left\">\n\t\t<img decoding=\"async\" id=\"img_booking\" src=\"https:\/\/www.alpenlodge.it\/wp-content\/uploads\/2019\/01\/appartamenti-livigno-booking-alpenlodge.png\"  alt=\"Alpenlodge Apartmens Livigno Reservation Cards\">\n        <\/div>\n        <div class=\"col-md-3\" id=\"input-button\">\n         <button class=\"wb-submit col\" id=\"check-button\" type=\"submit\">Mostra disponibilit\u00e0<\/button>\n        <\/div>\n        <\/form>\n\n<\/div>\n      <\/div><!-- \/.container -->\n    <\/div><!-- \/.booking-box -->\n\t<script src=\"https:\/\/alpenlodge.it\/wp-content\/plugins\/wubook-shortcode\/wubook-script.js\"><\/script>[\/vc_column_text][\/vc_column][\/vc_row][vc_row full_width=&#8221;stretch_row_content&#8221; css=&#8221;.vc_custom_1548318539837{margin-top: 10px !important;}&#8221;][vc_column width=&#8221;1\/12&#8243;][\/vc_column][vc_column width=&#8221;7\/12&#8243; css=&#8221;.vc_custom_1542885508100{margin-bottom: 10px !important;padding-top: 0px !important;}&#8221;][vc_custom_heading text=&#8221;Blesaccia Superior&#8221; font_container=&#8221;tag:h1|font_size:40|text_align:left|color:%23424242|line_height:1&#8243; use_theme_fonts=&#8221;yes&#8221; css=&#8221;.vc_custom_1553162395885{margin-top: 20px !important;}&#8221;][vc_custom_heading text=&#8221;BAITA LUNGO RIN HOUSE ***<br \/>\nALPENLODGE APARTMENTS &#8211; LIVIGNO&#8221; font_container=&#8221;tag:h2|font_size:15|text_align:left|line_height:1&#8243; use_theme_fonts=&#8221;yes&#8221; css=&#8221;.vc_custom_1548243735582{margin-top: 15px !important;margin-bottom: 15px !important;}&#8221;][vc_row_inner][vc_column_inner][rev_slider_vc alias=&#8221;blesaccia-superior-gallery&#8221;][\/vc_column_inner][\/vc_row_inner][vc_row_inner css=&#8221;.vc_custom_1542875783812{margin-top: 30px !important;padding-right: 50px !important;padding-left: 50px !important;}&#8221;][vc_column_inner width=&#8221;1\/3&#8243;][vc_cta h2=&#8221;4-6&#8243; h4=&#8221;personer&#8221; txt_align=&#8221;center&#8221; shape=&#8221;square&#8221; style=&#8221;custom&#8221; add_icon=&#8221;top&#8221; i_icon_fontawesome=&#8221;fa fa-user-circle&#8221; i_color=&#8221;custom&#8221; custom_background=&#8221;#ffffff&#8221; custom_text=&#8221;#adadad&#8221; i_custom_color=&#8221;#adadad&#8221;][\/vc_cta][\/vc_column_inner][vc_column_inner width=&#8221;1\/3&#8243;][vc_cta h2=&#8221;85&#8243; h4=&#8221;m\u00b2&#8221; txt_align=&#8221;center&#8221; shape=&#8221;square&#8221; style=&#8221;custom&#8221; add_icon=&#8221;top&#8221; i_icon_fontawesome=&#8221;fa fa-retweet&#8221; i_color=&#8221;custom&#8221; custom_background=&#8221;#ffffff&#8221; custom_text=&#8221;#adadad&#8221; i_custom_color=&#8221;#adadad&#8221;][\/vc_cta][\/vc_column_inner][vc_column_inner width=&#8221;1\/3&#8243;][vc_cta h2=&#8221;2.&#8221; h4=&#8221;sal&#8221; txt_align=&#8221;center&#8221; shape=&#8221;square&#8221; style=&#8221;custom&#8221; add_icon=&#8221;top&#8221; i_icon_fontawesome=&#8221;fa fa-home&#8221; i_color=&#8221;custom&#8221; custom_background=&#8221;#ffffff&#8221; custom_text=&#8221;#adadad&#8221; i_custom_color=&#8221;#adadad&#8221;][\/vc_cta][\/vc_column_inner][\/vc_row_inner][vc_column_text el_class=&#8221;nd_options_text_align_center_responsive&#8221;]<\/p>\n<h3 style=\"text-align: left;\">Specifikationer<\/h3>\n<p style=\"text-align: justify;\"><strong>\u00a0<\/strong><\/p>\n<p style=\"text-align: justify;\">To sovev\u00e6relser (enkeltsenge og dobbeltsenge), stor stue udstyret i den typiske bjergstil med gulv og loft i tr\u00e6, dobbelt sovesofa (til brug ved 6 g\u00e6ster), 2 LCD satellit-tv, 2 badev\u00e6relser med brusekabine, vaskemaskine, t\u00f8rrestativ, pengeskab, centraliseret lydsystem, internet (wi-fi), stor balkon med udstyr, opbevaringsrum til sportst\u00f8j med vaskeomr\u00e5de.<\/p>\n<p>&nbsp;<\/p>\n<p style=\"text-align: justify;\">K\u00f8kken adskilt fra stuen og udstyret med:<br \/>\nk\u00f8kkengrej, opvaskemaskine, st\u00f8vsuger, kedel, ovn \/ mikroovn, kaffemaskine (Melita), br\u00f8drister, el-komfur i glaskeramik, k\u00f8leskab.<\/p>\n<p style=\"text-align: left;\"><strong>\u00a0<\/strong><\/p>\n<p>[\/vc_column_text]<div style=\"background-color:;height: 25px\" class=\"nicdark_section  \"><\/div>[vc_row_inner][vc_column_inner width=&#8221;5\/12&#8243;][vc_custom_heading text=&#8221;Map&#8221; font_container=&#8221;tag:h3|font_size:25|text_align:left&#8221; use_theme_fonts=&#8221;yes&#8221;]<div style=\"background-color:;height: 25px\" class=\"nicdark_section  \"><\/div>[vc_single_image image=&#8221;6593&#8243; img_size=&#8221;large&#8221; alignment=&#8221;center&#8221; style=&#8221;vc_box_border&#8221; onclick=&#8221;img_link_large&#8221;][\/vc_column_inner][vc_column_inner width=&#8221;7\/12&#8243;][vc_custom_heading text=&#8221;Google Map&#8221; font_container=&#8221;tag:h3|font_size:25|text_align:left&#8221; use_theme_fonts=&#8221;yes&#8221;]<div style=\"background-color:;height: 25px\" class=\"nicdark_section  \"><\/div>[vc_gmaps link=&#8221;#E-8_JTNDaWZyYW1lJTIwc3JjJTNEJTIyaHR0cHMlM0ElMkYlMkZ3d3cuZ29vZ2xlLmNvbSUyRm1hcHMlMkZlbWJlZCUzRnBiJTNEJTIxMW0xNCUyMTFtOCUyMTFtMyUyMTFkODc4MzMuODAyNzE3NDUyMzQlMjEyZDEwLjEyOTIyMSUyMTNkNDYuNTMxNzM0JTIxM20yJTIxMWkxMDI0JTIxMmk3NjglMjE0ZjEzLjElMjEzbTMlMjExbTIlMjExczB4NDc4MzZkZjg3ZGIxNzk2ZiUyNTNBMHgzYWRkZDAwZTkyZWU4ZjEwJTIxMnNWaWElMkJSaW4lMjUyQyUyQjQyMSUyNTJDJTJCMjMwMzAlMkJMaXZpZ25vJTJCU08lMjUyQyUyQkl0YWxpYSUyMTVlMCUyMTNtMiUyMTFzaXQlMjEyc3VzJTIxNHYxNTQ0MDA2NDA0MTAyJTIyJTIwd2lkdGglM0QlMjI2MDAlMjIlMjBoZWlnaHQlM0QlMjI0NTAlMjIlMjBmcmFtZWJvcmRlciUzRCUyMjAlMjIlMjBzdHlsZSUzRCUyMmJvcmRlciUzQTAlMjIlMjBhbGxvd2Z1bGxzY3JlZW4lM0UlM0MlMkZpZnJhbWUlM0U=&#8221;][\/vc_column_inner][\/vc_row_inner][\/vc_column][vc_column width=&#8221;1\/4&#8243; css=&#8221;.vc_custom_1544790071320{margin-bottom: 10px !important;padding-top: 0px !important;}&#8221; offset=&#8221;vc_hidden-xs&#8221;]<div style=\"background-color:;height: 45px\" class=\"nicdark_section  \"><\/div>[vc_custom_heading text=&#8221;OUR LODGES&#8221; font_container=&#8221;tag:h3|text_align:left&#8221; use_theme_fonts=&#8221;yes&#8221;]<div style=\"background-color:;height: 15px\" class=\"nicdark_section  \"><\/div>[vc_row_inner][vc_column_inner][\/vc_column_inner][\/vc_row_inner][vc_row_inner][vc_column_inner][vc_basic_grid post_type=&#8221;ids&#8221; element_width=&#8221;12&#8243; item=&#8221;2358&#8243; grid_id=&#8221;vc_gid:1652346649993-aeb1ccb9-10c9-1&#8243; include=&#8221;6851, 6847&#8243;][\/vc_column_inner][\/vc_row_inner][\/vc_column][vc_column width=&#8221;1\/12&#8243;][\/vc_column][\/vc_row][vc_row full_width=&#8221;stretch_row&#8221; content_placement=&#8221;middle&#8221; parallax=&#8221;content-moving&#8221; parallax_image=&#8221;1300&#8243; css=&#8221;.vc_custom_1544788984175{padding-top: 85px !important;padding-bottom: 85px !important;}&#8221; el_class=&#8221;nd_options_vc_parallax_filter_1_3&#8243;][vc_column width=&#8221;1\/2&#8243; css=&#8221;.vc_custom_1547121396381{padding-right: 55px !important;}&#8221; offset=&#8221;vc_hidden-sm vc_hidden-xs&#8221;]<div style=\"background-color:;height: 10px\" class=\"nicdark_section  \"><\/div> <p style=\"color:#ffffff;padding:px;text-align:;font-size:50px;line-height:50px;letter-spacing: px;font-weight:normal\" class=\"   nd_options_first_font \">SERVICER OG FORBRUG INKLUDERET I PRISEN<\/p> <div style=\"background-color:;height: 40px\" class=\"nicdark_section  \"><\/div>[vc_column_text el_class=&#8221;nd_options_text_align_center_responsive&#8221;]<\/p>\n<ul>\n<li style=\"text-align: justify;\"><strong><span style=\"color: #ffffff;\">Vand (varmt og koldt), el, autonom indstillelig opvarmning, sengelinned, h\u00e5ndkl\u00e6der (lille h\u00e5ndkl\u00e6de og badeh\u00e5ndkl\u00e6de), inklusiv alt k\u00f8kkengrej, vaskemaskine og slutreng\u00f8ring.<\/span><\/strong><\/li>\n<li style=\"text-align: justify;\"><strong><span style=\"color: #ffffff;\"> Vugge til nyf\u00f8dte, h\u00f8j barnestol.<\/span><\/strong><\/li>\n<li style=\"text-align: justify;\"><strong><span style=\"color: #ffffff;\">Stor privat parkering, store balkoner med udstyr, have.<\/span><\/strong><\/li>\n<li style=\"text-align: justify;\"><strong><span style=\"color: #ffffff;\"> Skirum med privat t\u00f8rre\/varmeskab til st\u00f8vler, ski in &#8211; ski out.<\/span><\/strong><\/li>\n<li style=\"text-align: justify;\"><strong><span style=\"color: #ffffff;\"> Satellit-tv, GRATIS wi-fi internet wi-fi<\/span><\/strong><\/li>\n<li style=\"text-align: justify;\"><strong><span style=\"color: #ffffff;\"> Leje af mountainbike, citybike med barnestol, privat cykelk\u00e6lder, cykel vaskeomr\u00e5de, bord til reparation af cykler med bukke og udstyr.<\/span><\/strong><\/li>\n<\/ul>\n<p>[\/vc_column_text][\/vc_column][vc_column width=&#8221;1\/4&#8243;]<div style=\"background-color:;height: 10px\" class=\"nicdark_section  \"><\/div>\n\n    <div class=\"nd_options_section nd_options_bg_white nd_options_border_radius_15 nd_options_services_7_page \">\n                                        \n        <div class=\"nd_options_section nd_options_box_sizing_border_box nd_options_padding_20 nd_options_text_align_center\">\n            \n            <img decoding=\"async\" alt=\"\" width=\"40\" src=\"https:\/\/alpenlodge.it\/wp-content\/uploads\/2018\/11\/icon-deposito-sci.png\">\n            <div class=\"nd_options_section nd_options_height_5\"><\/div>\n            <h1 class=\"nd_options_font_size_40\"><\/h1>\n            <div class=\"nd_options_section nd_options_height_10\"><\/div>\n            <h4 class=\"nd_options_color_grey nd_options_font_size_12 nd_options_text_transform_uppercase nd_options_letter_spacing_3 nd_options_second_font nd_options_font_weight_lighter\">SKI DEPOSIT<br \/>\nRESERVED FOR CUSTOMERS<\/h4>\n\n        <\/div>\n\n    <\/div>\n\n  <div style=\"background-color:;height: 60px\" class=\"nicdark_section  \"><\/div>\n\n    <div class=\"nd_options_section nd_options_bg_white nd_options_border_radius_15 nd_options_services_7_page \">\n                                        \n        <div class=\"nd_options_section nd_options_box_sizing_border_box nd_options_padding_20 nd_options_text_align_center\">\n            \n            <img decoding=\"async\" alt=\"\" width=\"40\" src=\"https:\/\/alpenlodge.it\/wp-content\/uploads\/2017\/07\/icon-17.png\">\n            <div class=\"nd_options_section nd_options_height_5\"><\/div>\n            <h1 class=\"nd_options_font_size_40\"><\/h1>\n            <div class=\"nd_options_section nd_options_height_10\"><\/div>\n            <h4 class=\"nd_options_color_grey nd_options_font_size_12 nd_options_text_transform_uppercase nd_options_letter_spacing_3 nd_options_second_font nd_options_font_weight_lighter\">CONVENTIONED<br \/>\nRESTAURANTS<\/h4>\n\n        <\/div>\n\n    <\/div>\n\n  <div style=\"background-color:;height: 10px\" class=\"nicdark_section  \"><\/div>[\/vc_column][vc_column width=&#8221;1\/4&#8243;]<div style=\"background-color:;height: 10px\" class=\"nicdark_section  \"><\/div>\n\n    <div class=\"nd_options_section nd_options_bg_white nd_options_border_radius_15 nd_options_services_7_page \">\n                                        \n        <div class=\"nd_options_section nd_options_box_sizing_border_box nd_options_padding_20 nd_options_text_align_center\">\n            \n            <img decoding=\"async\" alt=\"\" width=\"40\" src=\"https:\/\/alpenlodge.it\/wp-content\/uploads\/2017\/07\/icon-15.png\">\n            <div class=\"nd_options_section nd_options_height_5\"><\/div>\n            <h1 class=\"nd_options_font_size_40\"><\/h1>\n            <div class=\"nd_options_section nd_options_height_10\"><\/div>\n            <h4 class=\"nd_options_color_grey nd_options_font_size_12 nd_options_text_transform_uppercase nd_options_letter_spacing_3 nd_options_second_font nd_options_font_weight_lighter\">BED LINEN E<br \/>\nBATHROOM INCLUDED<\/h4>\n\n        <\/div>\n\n    <\/div>\n\n  <div style=\"background-color:;height: 60px\" class=\"nicdark_section  \"><\/div>\n\n    <div class=\"nd_options_section nd_options_bg_white nd_options_border_radius_15 nd_options_services_7_page \">\n                                        \n        <div class=\"nd_options_section nd_options_box_sizing_border_box nd_options_padding_20 nd_options_text_align_center\">\n            \n            <img decoding=\"async\" alt=\"\" width=\"40\" src=\"https:\/\/alpenlodge.it\/wp-content\/uploads\/2017\/07\/icon-11.png\">\n            <div class=\"nd_options_section nd_options_height_5\"><\/div>\n            <h1 class=\"nd_options_font_size_40\"><\/h1>\n            <div class=\"nd_options_section nd_options_height_10\"><\/div>\n            <h4 class=\"nd_options_color_grey nd_options_font_size_12 nd_options_text_transform_uppercase nd_options_letter_spacing_3 nd_options_second_font nd_options_font_weight_lighter\">RENTAL SERVICE<br \/>\nMBT AND BIKE<\/h4>\n\n        <\/div>\n\n    <\/div>\n\n  <div style=\"background-color:;height: 10px\" class=\"nicdark_section  \"><\/div>[\/vc_column][\/vc_row][vc_row full_width=&#8221;stretch_row&#8221; parallax=&#8221;content-moving&#8221; parallax_image=&#8221;2834&#8243; css=&#8221;.vc_custom_1547120173229{margin-top: 20px !important;padding-top: 115px !important;padding-bottom: 115px !important;}&#8221; el_class=&#8221;nd_options_vc_parallax_filter_2_4&#8243;][vc_column el_class=&#8221;nd_options_text_align_center&#8221;] <p style=\"color:#ffffff;padding:px;text-align:center;font-size:55px;line-height:65px;letter-spacing: px;font-weight:normal\" class=\"  nd_options_font_size_40_important_all_iphone nd_options_line_height_40_important_all_iphone nd_options_first_font \">Video<\/p> <div style=\"background-color:;height: 20px\" class=\"nicdark_section  \"><\/div> <p style=\"color:#ffffff;padding:px;text-align:center;font-size:12px;line-height:12px;letter-spacing: 2px;font-weight:lighter\" class=\"   nd_options_second_font \">WATCH THE BLESACCIA SUPERIOR APARTMENT VIDEO<\/p> <div style=\"background-color:;height: 40px\" class=\"nicdark_section  \"><\/div>\n\n    <div class=\"  nd_options_section\">\n        \n    \n        <a class=\" nd_options_outline_0 nd_options_mpopup_iframe\" href=\"https:\/\/www.youtube.com\/watch?v=InssqxXPc_w\">\n            <img decoding=\"async\" width=\"60px\" alt=\"\" class=\"nd_options_transition_all_08_ease nd_options_opacity_05_hover\" src=\"https:\/\/alpenlodge.it\/wp-content\/uploads\/2017\/06\/icon-3.png\">\n        <\/a>\n\n        \n    <\/div>   \n\n[\/vc_column][\/vc_row][vc_row full_width=&#8221;stretch_row_content&#8221; css=&#8221;.vc_custom_1548318516480{margin-top: 10px !important;}&#8221;][vc_column css=&#8221;.vc_custom_1549011842348{margin-bottom: 10px !important;padding-top: 0px !important;}&#8221; offset=&#8221;vc_hidden-lg&#8221;]<div style=\"background-color:;height: 45px\" class=\"nicdark_section  \"><\/div>[vc_custom_heading text=&#8221;OUR LODGES&#8221; use_theme_fonts=&#8221;yes&#8221;]<div style=\"background-color:;height: 15px\" class=\"nicdark_section  \"><\/div>[vc_row_inner][vc_column_inner][\/vc_column_inner][\/vc_row_inner][vc_row_inner][vc_column_inner][vc_basic_grid post_type=&#8221;ids&#8221; element_width=&#8221;12&#8243; item=&#8221;2358&#8243; grid_id=&#8221;vc_gid:1652346649996-1fa4ce76-4d28-6&#8243; include=&#8221;6851, 6847&#8243;][\/vc_column_inner][\/vc_row_inner][\/vc_column][\/vc_row][vc_row][vc_column][vc_column_text]<\/p>\n<p>&nbsp;<\/p>\n<p>[\/vc_column_text][\/vc_column][\/vc_row][vc_row][vc_column offset=&#8221;vc_hidden-xs&#8221;][vc_custom_heading text=&#8221;More Apartments by Alpenlodge***&#8221; font_container=&#8221;tag:h4|font_size:40|text_align:center|line_height:1&#8243; use_theme_fonts=&#8221;yes&#8221;]<div style=\"background-color:;height: 40px\" class=\"nicdark_section  \"><\/div>[vc_row_inner][vc_column_inner width=&#8221;1\/3&#8243;][vc_basic_grid post_type=&#8221;ids&#8221; element_width=&#8221;12&#8243; item=&#8221;6535&#8243; grid_id=&#8221;vc_gid:1652346649997-e3df4442-3d58-10&#8243; include=&#8221;2803&#8243;][\/vc_column_inner][vc_column_inner width=&#8221;1\/3&#8243;][vc_basic_grid post_type=&#8221;ids&#8221; element_width=&#8221;12&#8243; item=&#8221;6535&#8243; grid_id=&#8221;vc_gid:1652346649998-ea59ee13-dba7-8&#8243; include=&#8221;2816&#8243;][\/vc_column_inner][vc_column_inner width=&#8221;1\/3&#8243;][vc_basic_grid post_type=&#8221;ids&#8221; element_width=&#8221;12&#8243; item=&#8221;6535&#8243; grid_id=&#8221;vc_gid:1652346649998-cc34b8fa-d191-7&#8243; include=&#8221;1867&#8243;][\/vc_column_inner][\/vc_row_inner][\/vc_column][\/vc_row]<\/p>\n<\/div>","protected":false},"excerpt":{"rendered":"<p>[vc_row css=&#8221;.vc_custom_1547120693558{margin-top: -30px !important;}&#8221;][vc_column el_class=&#8221;nd_options_margin_top_50_first_div_important_responsive&#8221; css=&#8221;.vc_custom_1547120685858{margin-top: -30px !important;}&#8221; offset=&#8221;vc_hidden-sm vc_hidden-xs&#8221;][vc_column_text css=&#8221;.vc_custom_1547120669198{margin-top: -30px !important;}&#8221;][\/vc_column_text][\/vc_column][\/vc_row][vc_row full_width=&#8221;stretch_row_content&#8221; css=&#8221;.vc_custom_1548318539837{margin-top: 10px !important;}&#8221;][vc_column width=&#8221;1\/12&#8243;][\/vc_column][vc_column width=&#8221;7\/12&#8243; css=&#8221;.vc_custom_1542885508100{margin-bottom: 10px !important;padding-top: 0px !important;}&#8221;][vc_custom_heading text=&#8221;Blesaccia Superior&#8221; font_container=&#8221;tag:h1|font_size:40|text_align:left|color:%23424242|line_height:1&#8243; use_theme_fonts=&#8221;yes&#8221; css=&#8221;.vc_custom_1553162395885{margin-top: 20px !important;}&#8221;][vc_custom_heading text=&#8221;BAITA LUNGO RIN HOUSE *** ALPENLODGE APARTMENTS &#8211; LIVIGNO&#8221; font_container=&#8221;tag:h2|font_size:15|text_align:left|line_height:1&#8243; use_theme_fonts=&#8221;yes&#8221; css=&#8221;.vc_custom_1548243735582{margin-top: 15px !important;margin-bottom: 15px !important;}&#8221;][vc_row_inner][vc_column_inner][rev_slider_vc alias=&#8221;blesaccia-superior-gallery&#8221;][\/vc_column_inner][\/vc_row_inner][vc_row_inner css=&#8221;.vc_custom_1542875783812{margin-top: 30px !important;padding-right: 50px !important;padding-left: 50px !important;}&#8221;][vc_column_inner [&hellip;]<\/p>\n","protected":false},"author":1,"featured_media":6595,"parent":6571,"menu_order":2,"comment_status":"closed","ping_status":"closed","template":"","meta":{"footnotes":""},"class_list":["post-6564","page","type-page","status-publish","has-post-thumbnail","hentry"],"yoast_head":"<!-- This site is optimized with the Yoast SEO plugin v27.5 - https:\/\/yoast.com\/product\/yoast-seo-wordpress\/ -->\n<title>Blesaccia Superior Lejlighed - Alpenlodge Appartamenti Livigno<\/title>\n<meta name=\"description\" content=\"Lejlighed med fire sovev\u00e6relser, stue med tek\u00f8kken og dobbelt sovesofa, 3 badev\u00e6relser, balkon, opbevaringsrum.\" \/>\n<meta name=\"robots\" content=\"index, follow, max-snippet:-1, max-image-preview:large, max-video-preview:-1\" \/>\n<link rel=\"canonical\" href=\"https:\/\/alpenlodge.it\/da\/lejligheder\/blesaccia-superior\/\" \/>\n<meta property=\"og:locale\" content=\"da_DK\" \/>\n<meta property=\"og:type\" content=\"article\" \/>\n<meta property=\"og:title\" content=\"Blesaccia Superior Lejlighed - Alpenlodge Appartamenti Livigno\" \/>\n<meta property=\"og:description\" content=\"Lejlighed med fire sovev\u00e6relser, stue med tek\u00f8kken og dobbelt sovesofa, 3 badev\u00e6relser, balkon, opbevaringsrum.\" \/>\n<meta property=\"og:url\" content=\"https:\/\/alpenlodge.it\/da\/lejligheder\/blesaccia-superior\/\" \/>\n<meta property=\"og:site_name\" content=\"Alpenlodge Appartamenti Livigno\" \/>\n<meta property=\"article:publisher\" content=\"https:\/\/www.facebook.com\/profile.php?id=100025235413120\" \/>\n<meta property=\"article:modified_time\" content=\"2025-10-03T14:36:30+00:00\" \/>\n<meta property=\"og:image\" content=\"https:\/\/alpenlodge.it\/wp-content\/uploads\/2018\/11\/blesaccias02.png\" \/>\n\t<meta property=\"og:image:width\" content=\"852\" \/>\n\t<meta property=\"og:image:height\" content=\"447\" \/>\n\t<meta property=\"og:image:type\" content=\"image\/png\" \/>\n<meta name=\"twitter:card\" content=\"summary_large_image\" \/>\n<meta name=\"twitter:label1\" content=\"Estimeret l\u00e6setid\" \/>\n\t<meta name=\"twitter:data1\" content=\"4 minutter\" \/>\n<!-- \/ Yoast SEO plugin. -->","yoast_head_json":{"title":"Blesaccia Superior Lejlighed - Alpenlodge Appartamenti Livigno","description":"Lejlighed med fire sovev\u00e6relser, stue med tek\u00f8kken og dobbelt sovesofa, 3 badev\u00e6relser, balkon, opbevaringsrum.","robots":{"index":"index","follow":"follow","max-snippet":"max-snippet:-1","max-image-preview":"max-image-preview:large","max-video-preview":"max-video-preview:-1"},"canonical":"https:\/\/alpenlodge.it\/da\/lejligheder\/blesaccia-superior\/","og_locale":"da_DK","og_type":"article","og_title":"Blesaccia Superior Lejlighed - Alpenlodge Appartamenti Livigno","og_description":"Lejlighed med fire sovev\u00e6relser, stue med tek\u00f8kken og dobbelt sovesofa, 3 badev\u00e6relser, balkon, opbevaringsrum.","og_url":"https:\/\/alpenlodge.it\/da\/lejligheder\/blesaccia-superior\/","og_site_name":"Alpenlodge Appartamenti Livigno","article_publisher":"https:\/\/www.facebook.com\/profile.php?id=100025235413120","article_modified_time":"2025-10-03T14:36:30+00:00","og_image":[{"width":852,"height":447,"url":"https:\/\/alpenlodge.it\/wp-content\/uploads\/2018\/11\/blesaccias02.png","type":"image\/png"}],"twitter_card":"summary_large_image","twitter_misc":{"Estimeret l\u00e6setid":"4 minutter"},"schema":{"@context":"https:\/\/schema.org","@graph":[{"@type":"WebPage","@id":"https:\/\/alpenlodge.it\/da\/lejligheder\/blesaccia-superior\/","url":"https:\/\/alpenlodge.it\/da\/lejligheder\/blesaccia-superior\/","name":"Blesaccia Superior Lejlighed - Alpenlodge Appartamenti Livigno","isPartOf":{"@id":"https:\/\/alpenlodge.it\/#website"},"primaryImageOfPage":{"@id":"https:\/\/alpenlodge.it\/da\/lejligheder\/blesaccia-superior\/#primaryimage"},"image":{"@id":"https:\/\/alpenlodge.it\/da\/lejligheder\/blesaccia-superior\/#primaryimage"},"thumbnailUrl":"https:\/\/alpenlodge.it\/wp-content\/uploads\/2018\/11\/blesaccias02.png","datePublished":"2019-03-19T10:15:05+00:00","dateModified":"2025-10-03T14:36:30+00:00","description":"Lejlighed med fire sovev\u00e6relser, stue med tek\u00f8kken og dobbelt sovesofa, 3 badev\u00e6relser, balkon, opbevaringsrum.","breadcrumb":{"@id":"https:\/\/alpenlodge.it\/da\/lejligheder\/blesaccia-superior\/#breadcrumb"},"inLanguage":"da-DK","potentialAction":[{"@type":"ReadAction","target":["https:\/\/alpenlodge.it\/da\/lejligheder\/blesaccia-superior\/"]}]},{"@type":"ImageObject","inLanguage":"da-DK","@id":"https:\/\/alpenlodge.it\/da\/lejligheder\/blesaccia-superior\/#primaryimage","url":"https:\/\/alpenlodge.it\/wp-content\/uploads\/2018\/11\/blesaccias02.png","contentUrl":"https:\/\/alpenlodge.it\/wp-content\/uploads\/2018\/11\/blesaccias02.png","width":852,"height":447,"caption":"Appartamento Blesaccia Deluxe"},{"@type":"BreadcrumbList","@id":"https:\/\/alpenlodge.it\/da\/lejligheder\/blesaccia-superior\/#breadcrumb","itemListElement":[{"@type":"ListItem","position":1,"name":"Home","item":"https:\/\/alpenlodge.it\/da\/"},{"@type":"ListItem","position":2,"name":"LEJLIGHEDER","item":"https:\/\/alpenlodge.it\/da\/lejligheder\/"},{"@type":"ListItem","position":3,"name":"Blesaccia Superior"}]},{"@type":"WebSite","@id":"https:\/\/alpenlodge.it\/#website","url":"https:\/\/alpenlodge.it\/","name":"Alpenlodge Appartamenti Livigno","description":"","publisher":{"@id":"https:\/\/alpenlodge.it\/#organization"},"potentialAction":[{"@type":"SearchAction","target":{"@type":"EntryPoint","urlTemplate":"https:\/\/alpenlodge.it\/?s={search_term_string}"},"query-input":{"@type":"PropertyValueSpecification","valueRequired":true,"valueName":"search_term_string"}}],"inLanguage":"da-DK"},{"@type":"Organization","@id":"https:\/\/alpenlodge.it\/#organization","name":"Alpenlodge Appartamenti Livigno","url":"https:\/\/alpenlodge.it\/","logo":{"@type":"ImageObject","inLanguage":"da-DK","@id":"https:\/\/alpenlodge.it\/#\/schema\/logo\/image\/","url":"https:\/\/alpenlodge.it\/wp-content\/uploads\/2018\/11\/alpenlodge-logo.png","contentUrl":"https:\/\/alpenlodge.it\/wp-content\/uploads\/2018\/11\/alpenlodge-logo.png","width":438,"height":129,"caption":"Alpenlodge Appartamenti Livigno"},"image":{"@id":"https:\/\/alpenlodge.it\/#\/schema\/logo\/image\/"},"sameAs":["https:\/\/www.facebook.com\/profile.php?id=100025235413120"]}]}},"_links":{"self":[{"href":"https:\/\/alpenlodge.it\/da\/wp-json\/wp\/v2\/pages\/6564","targetHints":{"allow":["GET"]}}],"collection":[{"href":"https:\/\/alpenlodge.it\/da\/wp-json\/wp\/v2\/pages"}],"about":[{"href":"https:\/\/alpenlodge.it\/da\/wp-json\/wp\/v2\/types\/page"}],"author":[{"embeddable":true,"href":"https:\/\/alpenlodge.it\/da\/wp-json\/wp\/v2\/users\/1"}],"replies":[{"embeddable":true,"href":"https:\/\/alpenlodge.it\/da\/wp-json\/wp\/v2\/comments?post=6564"}],"version-history":[{"count":1,"href":"https:\/\/alpenlodge.it\/da\/wp-json\/wp\/v2\/pages\/6564\/revisions"}],"predecessor-version":[{"id":9274,"href":"https:\/\/alpenlodge.it\/da\/wp-json\/wp\/v2\/pages\/6564\/revisions\/9274"}],"up":[{"embeddable":true,"href":"https:\/\/alpenlodge.it\/da\/wp-json\/wp\/v2\/pages\/6571"}],"wp:featuredmedia":[{"embeddable":true,"href":"https:\/\/alpenlodge.it\/da\/wp-json\/wp\/v2\/media\/6595"}],"wp:attachment":[{"href":"https:\/\/alpenlodge.it\/da\/wp-json\/wp\/v2\/media?parent=6564"}],"curies":[{"name":"wp","href":"https:\/\/api.w.org\/{rel}","templated":true}]}}