{"id":6562,"date":"2019-03-19T10:14:17","date_gmt":"2019-03-19T10:14:17","guid":{"rendered":"https:\/\/alpenlodge.it\/?page_id=6562"},"modified":"2025-10-03T14:27:38","modified_gmt":"2025-10-03T14:27:38","slug":"om-os","status":"publish","type":"page","link":"https:\/\/alpenlodge.it\/da\/om-os\/","title":{"rendered":"Om os"},"content":{"rendered":"<div class=\"wpb-content-wrapper\"><p>[vc_row full_width=&#8221;stretch_row_content&#8221;][vc_column width=&#8221;1\/12&#8243;][\/vc_column][vc_column width=&#8221;1\/4&#8243; css=&#8221;.vc_custom_1541584439599{margin-top: 10px !important;margin-bottom: 10px !important;padding-top: 0px !important;padding-right: 40px !important;}&#8221;]<div style=\"background-color:;height: 10px\" class=\"nicdark_section  \"><\/div> <p style=\"color:#727475;padding:px;text-align:right;font-size:40px;line-height:50px;letter-spacing: px;font-weight:lighter\" class=\"  nd_options_text_align_center_responsive_important nd_options_first_font \">Vores m\u00e5ls\u00e6tning er at: Give jer en oplevelse\u2026<\/p> <div style=\"background-color:;height: 10px\" class=\"nicdark_section  \"><\/div>[\/vc_column][vc_column width=&#8221;7\/12&#8243; css=&#8221;.vc_custom_1542715950761{margin-top: 10px !important;margin-bottom: 10px !important;padding-top: 0px !important;}&#8221;]<div style=\"background-color:;height: 20px\" class=\"nicdark_section  \"><\/div> <h1 style=\"color:#727475;padding:px;text-align:;font-size:40px;line-height:50px;letter-spacing: px;font-weight:lighter\" class=\"  nd_options_text_align_center_responsive_important nd_options_first_font \">Alpenlodge Apartmens Livigno<\/h1> <div style=\"background-color:;height: 20px\" class=\"nicdark_section  \"><\/div>[vc_column_text el_class=&#8221;nd_options_text_align_center_responsive&#8221;]<\/p>\n<p style=\"text-align: justify;\">Man bem\u00e6rker straks familiens passion for bjergene, og alt hvad der har med dem at g\u00f8re i konstruktionen og m\u00f8bleringen af feriehusene.<\/p>\n<p>&nbsp;<\/p>\n<p style=\"text-align: justify;\">Feriehusene, der ligger i stille omr\u00e5der og meget t\u00e6t p\u00e5 str\u00f8get, best\u00e5r af <span class=\"VIiyi\" lang=\"da\"><span class=\"JLqJ4b ChMk0b\" data-language-for-alternatives=\"da\" data-language-to-translate-into=\"it\" data-phrase-index=\"0\" data-number-of-phrases=\"1\"><span class=\"Q4iAWc\">fire<\/span><\/span><\/span> lejligheder, der hver er elegant indrettet med enhver komfort. Der er plads til to til ni g\u00e6ster, hvor I kan nyde en varm, sportslig og indbydende atmosf\u00e6re, der er typisk for bjerghusene.<\/p>\n<p>&nbsp;<\/p>\n<p style=\"text-align: justify;\">Lejlighedernes enest\u00e5ende position giver jer om sommeren mulighed for at slappe af og nyde livet p\u00e5 de store gr\u00f8nne enge og \u00e5bne rum, mens mulighederne for at ud\u00f8ve vintersport allerede starter fra november m\u00e5ned, hvor Livigno begynder at blive d\u00e6kket af et tykt lag sne.<\/p>\n<p>&nbsp;<\/p>\n<p style=\"text-align: justify;\">Den gratis bus stopper f\u00e5 meter fra feriehusene og fra det multifunktionelle center &#8220;Plaza Placheda&#8221;, der er referencepunkt for enhver turist i Livigno, hvor de vigtigste turistarrangementer finder sted. Fra alle lejlighederne er der desuden adgang til skilifterne (ski-in, ski-out) til langrendsl\u00f8jperne og cykelstien samt utallige mountainbike og vandreture uden at skulle bruge bilen.<\/p>\n<p>&nbsp;<\/p>\n<p style=\"text-align: justify;\">ALPENLODGE***LIVIGNO giver jer mulighed for at deltage i alle de turistarrangementer, som organiseres af turistkontoret med kortet Natur card, samt for at deltage i et omfattende gratis sommerprogram, der omfatter ture p\u00e5 mountainbike og almindelige cykler, begge dele med uddannede guider.<\/p>\n<p>[\/vc_column_text][\/vc_column][vc_column width=&#8221;1\/12&#8243;][\/vc_column][\/vc_row][vc_row css=&#8221;.vc_custom_1541765504517{margin-top: 20px !important;}&#8221;][vc_column width=&#8221;1\/5&#8243;][\/vc_column][vc_column width=&#8221;1\/5&#8243; el_class=&#8221;nd_options_text_align_center&#8221; css=&#8221;.vc_custom_1542716406087{padding-right: 20px !important;}&#8221;]<div style=\"background-color:;height: 15px\" class=\"nicdark_section  \"><\/div>\n\n    <div class=\"nd_options_section  nd_options_text_align_left \">\n\n        <img decoding=\"async\" style=\"margin-top:10px\" alt=\"\" width=\"80\" src=\"https:\/\/alpenlodge.it\/wp-content\/uploads\/2017\/07\/icon-12-1.png\">\n\n        <div class=\"nd_options_section nd_options_box_sizing_border_box\">\n            \n            <h3 class=\"  \" style=\"margin:;color:;font-size:px;line-height:px\">FREE WIFI<\/h3> \n            <p class=\"nd_options_second_font  \" style=\"margin:0px 0px 15px 0px;color:#a3a3a3;font-size:14px;line-height:24px\">For Our Customers<\/p> \n            \n\n        <\/div>\n\n    <\/div>\n\n  <div style=\"background-color:;height: 25px\" class=\"nicdark_section  \"><\/div>[\/vc_column][vc_column width=&#8221;1\/5&#8243;]<div style=\"background-color:;height: 15px\" class=\"nicdark_section  \"><\/div>\n\n    <div class=\"nd_options_section  nd_options_text_align_left \">\n\n        <img decoding=\"async\" style=\"margin-top:10px\" alt=\"\" width=\"80\" src=\"https:\/\/alpenlodge.it\/wp-content\/uploads\/2018\/11\/icon-P.png\">\n\n        <div class=\"nd_options_section nd_options_box_sizing_border_box\">\n            \n            <h3 class=\"  \" style=\"margin:;color:;font-size:px;line-height:px\">PARKING AREA<\/h3> \n            <p class=\"nd_options_second_font  \" style=\"margin:0px 0px 15px 0px;color:#a3a3a3;font-size:14px;line-height:24px\">Free For Our Customers<\/p> \n            \n\n        <\/div>\n\n    <\/div>\n\n  <div style=\"background-color:;height: 25px\" class=\"nicdark_section  \"><\/div>[\/vc_column][vc_column width=&#8221;1\/5&#8243;]<div style=\"background-color:;height: 15px\" class=\"nicdark_section  \"><\/div>\n\n    <div class=\"nd_options_section  nd_options_text_align_left \">\n\n        <img decoding=\"async\" style=\"margin-top:10px\" alt=\"\" width=\"80\" src=\"https:\/\/alpenlodge.it\/wp-content\/uploads\/2017\/07\/icon-11.png\">\n\n        <div class=\"nd_options_section nd_options_box_sizing_border_box\">\n            \n            <h3 class=\"  \" style=\"margin:;color:;font-size:px;line-height:px\">LIVIGNO BIKE HOTEL<\/h3> \n            <p class=\"nd_options_second_font  \" style=\"margin:0px 0px 15px 0px;color:#a3a3a3;font-size:14px;line-height:24px\">For Road Bike and MTB lovers<\/p> \n            \n\n        <\/div>\n\n    <\/div>\n\n  <div style=\"background-color:;height: 25px\" class=\"nicdark_section  \"><\/div>[\/vc_column][vc_column width=&#8221;1\/5&#8243;][\/vc_column][\/vc_row][vc_row css=&#8221;.vc_custom_1492511016596{margin-top: 40px !important;margin-bottom: 20px !important;}&#8221;][vc_column el_class=&#8221;nd_options_text_align_center&#8221;]\n\t<div class=\"nd_options_section nd_options_text_align_center\">\n\t<a style=\"border: px solid;border-radius:px;letter-spacing:2px;line-height:11px;font-size:11px;background-color:#948870;padding:15px 35px;margin:;color:#ffffff\" rel=\"\" href=\"https:\/\/alpenlodge.it\/da\/servicer\/\" class=\"nicdark_display_inline_block  nd_options_font_weight_bold nd_options_second_font  \">SEE ALL SERVICES<\/a>\n\t<\/div>\n[\/vc_column][\/vc_row][vc_row full_width=&#8221;stretch_row&#8221; parallax=&#8221;content-moving&#8221; parallax_image=&#8221;7151&#8243; css=&#8221;.vc_custom_1745998893817{padding-top: 50px !important;padding-bottom: 50px !important;}&#8221; el_class=&#8221;nd_options_vc_parallax_filter_2_2&#8243;][vc_column] <p style=\"color:#ffffff;padding:px;text-align:center;font-size:35px;line-height:55px;letter-spacing: px;font-weight:lighter\" class=\"  nd_options_font_size_40_important_all_iphone nd_options_line_height_40_important_all_iphone nd_options_first_font \">Alpenlodge*** Apartments Livigno<\/p> [vc_column_text]\n    <div id=\"booking-box\" style=\"display:block;width:100%;\">\n      <div class=\"container bookingContainer\">\n<div class=\"row\">\n        <form name=\"formWuBook\" id=\"formWuBook\" method=\"get\" action=\"https:\/\/wubook.net\/wbkd\/wbk\/\" target=\"_blank\">\n          <input type=\"hidden\" name=\"lcode\" value=\"1381181660\" \/>\n        <div class=\"col-md-3\" style=\"float:left;background-color: #78635a;color: #fff;padding: 20px;text-align: center;letter-spacing: 2px;font-size: 16px;font-family:Poppins;\"> BOOKING ONLINE<\/div>\n        <div class=\"input-date col-md-2\">\n          <label style=\"text-align: center;display: block;letter-spacing: 2px;font-weight: bolder;font-size: 16px;\">Arrivo<\/label>\n          <input id=\"dfrom\" type=\"text\" name=\"dfrom\" class=\"dateinput\" value=\"\" \/>\n        <\/div>\n        <div class=\"input-date col-md-2\">\n        \t<label style=\"text-align: center;display: block;letter-spacing: 2px;font-weight: bolder;font-size: 16px;\">Partenza<\/label>\n        \t<input id=\"dto\" type=\"text\" name=\"dto\" class=\"dateinput\" value=\"\" \/>\n        <\/div>\n        <div class=\"col-md-2\" style=\"float:left\">\n\t\t<img decoding=\"async\" id=\"img_booking\" src=\"https:\/\/www.alpenlodge.it\/wp-content\/uploads\/2019\/01\/appartamenti-livigno-booking-alpenlodge.png\"  alt=\"Alpenlodge Apartmens Livigno Reservation Cards\">\n        <\/div>\n        <div class=\"col-md-3\" id=\"input-button\">\n         <button class=\"wb-submit col\" id=\"check-button\" type=\"submit\">Mostra disponibilit\u00e0<\/button>\n        <\/div>\n        <\/form>\n\n<\/div>\n      <\/div><!-- \/.container -->\n    <\/div><!-- \/.booking-box -->\n\t<script src=\"https:\/\/alpenlodge.it\/wp-content\/plugins\/wubook-shortcode\/wubook-script.js\"><\/script>[\/vc_column_text][\/vc_column][\/vc_row]<\/p>\n<\/div>","protected":false},"excerpt":{"rendered":"<p>[vc_row full_width=&#8221;stretch_row_content&#8221;][vc_column width=&#8221;1\/12&#8243;][\/vc_column][vc_column width=&#8221;1\/4&#8243; css=&#8221;.vc_custom_1541584439599{margin-top: 10px !important;margin-bottom: 10px !important;padding-top: 0px !important;padding-right: 40px !important;}&#8221;][\/vc_column][vc_column width=&#8221;7\/12&#8243; css=&#8221;.vc_custom_1542715950761{margin-top: 10px !important;margin-bottom: 10px !important;padding-top: 0px !important;}&#8221;][vc_column_text el_class=&#8221;nd_options_text_align_center_responsive&#8221;] Man bem\u00e6rker straks familiens passion for bjergene, og alt hvad der har med dem at g\u00f8re i konstruktionen og m\u00f8bleringen af feriehusene. &nbsp; Feriehusene, der ligger i stille omr\u00e5der og meget t\u00e6t p\u00e5 [&hellip;]<\/p>\n","protected":false},"author":1,"featured_media":7001,"parent":0,"menu_order":0,"comment_status":"closed","ping_status":"closed","template":"","meta":{"footnotes":""},"class_list":["post-6562","page","type-page","status-publish","has-post-thumbnail","hentry"],"yoast_head":"<!-- This site is optimized with the Yoast SEO plugin v27.5 - https:\/\/yoast.com\/product\/yoast-seo-wordpress\/ -->\n<title>Om os - Familien Moretti - Alpenlodge Apartments Livigno<\/title>\n<meta name=\"description\" content=\"Familien Moretti, der best\u00e5r af mor Rita og de fire s\u00f8skende Stefano, Michela, Luca og Carlo, er stolte over at kunne pr\u00e6sentere jer for, og modtage jer p\u00e5, deres turiststrukturer: BAITA lungo RIN og MICHELA HOUSE, de ideelle steder til en afslappende og behagelig ferie.\" \/>\n<meta name=\"robots\" content=\"index, follow, max-snippet:-1, max-image-preview:large, max-video-preview:-1\" \/>\n<link rel=\"canonical\" href=\"https:\/\/alpenlodge.it\/da\/om-os\/\" \/>\n<meta property=\"og:locale\" content=\"da_DK\" \/>\n<meta property=\"og:type\" content=\"article\" \/>\n<meta property=\"og:title\" content=\"Om os - Familien Moretti - Alpenlodge Apartments Livigno\" \/>\n<meta property=\"og:description\" content=\"Familien Moretti, der best\u00e5r af mor Rita og de fire s\u00f8skende Stefano, Michela, Luca og Carlo, er stolte over at kunne pr\u00e6sentere jer for, og modtage jer p\u00e5, deres turiststrukturer: BAITA lungo RIN og MICHELA HOUSE, de ideelle steder til en afslappende og behagelig ferie.\" \/>\n<meta property=\"og:url\" content=\"https:\/\/alpenlodge.it\/da\/om-os\/\" \/>\n<meta property=\"og:site_name\" content=\"Alpenlodge Appartamenti Livigno\" \/>\n<meta property=\"article:publisher\" content=\"https:\/\/www.facebook.com\/profile.php?id=100025235413120\" \/>\n<meta property=\"article:modified_time\" content=\"2025-10-03T14:27:38+00:00\" \/>\n<meta property=\"og:image\" content=\"https:\/\/alpenlodge.it\/wp-content\/uploads\/2018\/11\/2014102954_slideShow2.jpg\" \/>\n\t<meta property=\"og:image:width\" content=\"1460\" \/>\n\t<meta property=\"og:image:height\" content=\"705\" \/>\n\t<meta property=\"og:image:type\" content=\"image\/jpeg\" \/>\n<meta name=\"twitter:card\" content=\"summary_large_image\" \/>\n<meta name=\"twitter:label1\" content=\"Estimeret l\u00e6setid\" \/>\n\t<meta name=\"twitter:data1\" content=\"3 minutter\" \/>\n<!-- \/ Yoast SEO plugin. -->","yoast_head_json":{"title":"Om os - Familien Moretti - Alpenlodge Apartments Livigno","description":"Familien Moretti, der best\u00e5r af mor Rita og de fire s\u00f8skende Stefano, Michela, Luca og Carlo, er stolte over at kunne pr\u00e6sentere jer for, og modtage jer p\u00e5, deres turiststrukturer: BAITA lungo RIN og MICHELA HOUSE, de ideelle steder til en afslappende og behagelig ferie.","robots":{"index":"index","follow":"follow","max-snippet":"max-snippet:-1","max-image-preview":"max-image-preview:large","max-video-preview":"max-video-preview:-1"},"canonical":"https:\/\/alpenlodge.it\/da\/om-os\/","og_locale":"da_DK","og_type":"article","og_title":"Om os - Familien Moretti - Alpenlodge Apartments Livigno","og_description":"Familien Moretti, der best\u00e5r af mor Rita og de fire s\u00f8skende Stefano, Michela, Luca og Carlo, er stolte over at kunne pr\u00e6sentere jer for, og modtage jer p\u00e5, deres turiststrukturer: BAITA lungo RIN og MICHELA HOUSE, de ideelle steder til en afslappende og behagelig ferie.","og_url":"https:\/\/alpenlodge.it\/da\/om-os\/","og_site_name":"Alpenlodge Appartamenti Livigno","article_publisher":"https:\/\/www.facebook.com\/profile.php?id=100025235413120","article_modified_time":"2025-10-03T14:27:38+00:00","og_image":[{"width":1460,"height":705,"url":"https:\/\/alpenlodge.it\/wp-content\/uploads\/2018\/11\/2014102954_slideShow2.jpg","type":"image\/jpeg"}],"twitter_card":"summary_large_image","twitter_misc":{"Estimeret l\u00e6setid":"3 minutter"},"schema":{"@context":"https:\/\/schema.org","@graph":[{"@type":"WebPage","@id":"https:\/\/alpenlodge.it\/da\/om-os\/","url":"https:\/\/alpenlodge.it\/da\/om-os\/","name":"Om os - Familien Moretti - Alpenlodge Apartments Livigno","isPartOf":{"@id":"https:\/\/alpenlodge.it\/#website"},"primaryImageOfPage":{"@id":"https:\/\/alpenlodge.it\/da\/om-os\/#primaryimage"},"image":{"@id":"https:\/\/alpenlodge.it\/da\/om-os\/#primaryimage"},"thumbnailUrl":"https:\/\/alpenlodge.it\/wp-content\/uploads\/2018\/11\/2014102954_slideShow2.jpg","datePublished":"2019-03-19T10:14:17+00:00","dateModified":"2025-10-03T14:27:38+00:00","description":"Familien Moretti, der best\u00e5r af mor Rita og de fire s\u00f8skende Stefano, Michela, Luca og Carlo, er stolte over at kunne pr\u00e6sentere jer for, og modtage jer p\u00e5, deres turiststrukturer: BAITA lungo RIN og MICHELA HOUSE, de ideelle steder til en afslappende og behagelig ferie.","breadcrumb":{"@id":"https:\/\/alpenlodge.it\/da\/om-os\/#breadcrumb"},"inLanguage":"da-DK","potentialAction":[{"@type":"ReadAction","target":["https:\/\/alpenlodge.it\/da\/om-os\/"]}]},{"@type":"ImageObject","inLanguage":"da-DK","@id":"https:\/\/alpenlodge.it\/da\/om-os\/#primaryimage","url":"https:\/\/alpenlodge.it\/wp-content\/uploads\/2018\/11\/2014102954_slideShow2.jpg","contentUrl":"https:\/\/alpenlodge.it\/wp-content\/uploads\/2018\/11\/2014102954_slideShow2.jpg","width":1460,"height":705},{"@type":"BreadcrumbList","@id":"https:\/\/alpenlodge.it\/da\/om-os\/#breadcrumb","itemListElement":[{"@type":"ListItem","position":1,"name":"Home","item":"https:\/\/alpenlodge.it\/da\/"},{"@type":"ListItem","position":2,"name":"Om os"}]},{"@type":"WebSite","@id":"https:\/\/alpenlodge.it\/#website","url":"https:\/\/alpenlodge.it\/","name":"Alpenlodge Appartamenti Livigno","description":"","publisher":{"@id":"https:\/\/alpenlodge.it\/#organization"},"potentialAction":[{"@type":"SearchAction","target":{"@type":"EntryPoint","urlTemplate":"https:\/\/alpenlodge.it\/?s={search_term_string}"},"query-input":{"@type":"PropertyValueSpecification","valueRequired":true,"valueName":"search_term_string"}}],"inLanguage":"da-DK"},{"@type":"Organization","@id":"https:\/\/alpenlodge.it\/#organization","name":"Alpenlodge Appartamenti Livigno","url":"https:\/\/alpenlodge.it\/","logo":{"@type":"ImageObject","inLanguage":"da-DK","@id":"https:\/\/alpenlodge.it\/#\/schema\/logo\/image\/","url":"https:\/\/alpenlodge.it\/wp-content\/uploads\/2018\/11\/alpenlodge-logo.png","contentUrl":"https:\/\/alpenlodge.it\/wp-content\/uploads\/2018\/11\/alpenlodge-logo.png","width":438,"height":129,"caption":"Alpenlodge Appartamenti Livigno"},"image":{"@id":"https:\/\/alpenlodge.it\/#\/schema\/logo\/image\/"},"sameAs":["https:\/\/www.facebook.com\/profile.php?id=100025235413120"]}]}},"_links":{"self":[{"href":"https:\/\/alpenlodge.it\/da\/wp-json\/wp\/v2\/pages\/6562","targetHints":{"allow":["GET"]}}],"collection":[{"href":"https:\/\/alpenlodge.it\/da\/wp-json\/wp\/v2\/pages"}],"about":[{"href":"https:\/\/alpenlodge.it\/da\/wp-json\/wp\/v2\/types\/page"}],"author":[{"embeddable":true,"href":"https:\/\/alpenlodge.it\/da\/wp-json\/wp\/v2\/users\/1"}],"replies":[{"embeddable":true,"href":"https:\/\/alpenlodge.it\/da\/wp-json\/wp\/v2\/comments?post=6562"}],"version-history":[{"count":3,"href":"https:\/\/alpenlodge.it\/da\/wp-json\/wp\/v2\/pages\/6562\/revisions"}],"predecessor-version":[{"id":10105,"href":"https:\/\/alpenlodge.it\/da\/wp-json\/wp\/v2\/pages\/6562\/revisions\/10105"}],"wp:featuredmedia":[{"embeddable":true,"href":"https:\/\/alpenlodge.it\/da\/wp-json\/wp\/v2\/media\/7001"}],"wp:attachment":[{"href":"https:\/\/alpenlodge.it\/da\/wp-json\/wp\/v2\/media?parent=6562"}],"curies":[{"name":"wp","href":"https:\/\/api.w.org\/{rel}","templated":true}]}}